{"id":37351,"date":"2023-02-23T14:05:54","date_gmt":"2023-02-23T12:05:54","guid":{"rendered":"https:\/\/editura-unibuc.ro\/?post_type=product&#038;p=37351"},"modified":"2025-05-08T13:40:05","modified_gmt":"2025-05-08T10:40:05","slug":"in-honorem-sorin-paliga-volum-omagial","status":"publish","type":"product","link":"https:\/\/editura-unibuc.ro\/en\/in-honorem-sorin-paliga-volum-omagial\/","title":{"rendered":"IN HONOREM SORIN PALIGA<br\/> Volum omagial"},"content":{"rendered":"<p><br \/>\n<\/p>","protected":false},"excerpt":{"rendered":"<hr \/>\n<p><strong><a href=\"https:\/\/books.google.ro\/books\/about?id=mbSvEAAAQBAJ&#038;redir_esc=y\" target=\"_blank\" rel=\"noopener\"><img decoding=\"async\" src=\"https:\/\/editura-unibuc.ro\/wp-content\/uploads\/2025\/04\/goo.png\" \/>Google Books<\/a><\/strong><br \/>&nbsp;<\/p>\n<hr \/>\n<p>Prezentul volum este prilejuit de a \u0219aizeci \u0219i cincea aniversare a domnului conferen\u021biar doctor SORIN PALIGA \u0219i reprezint\u0103 un omagiu adus remarcabilei sale activit\u0103\u021bi didactice \u0219i de cercetare \u00een domeniul bohemisticii, slavisticii generale \u0219i comparate, etnicit\u0103\u021bii \u0219i etimologiei. Materialele \u0219tiin\u021bifice \u0219i aniversare care alc\u0103tuiesc acest volum demonstreaz\u0103 pre\u021buirea de care domnul profesor se bucur\u0103 \u00een comunitatea academic\u0103 din Rom\u00e2nia \u0219i de peste hotare.<br \/>\nDomnul profesor SORIN PALIGA se remarc\u0103 printr-o intens\u0103 \u0219i constant\u0103 activitate de cercetare, materializat\u0103 \u00eentr-un num\u0103r impresionant de studii monografice, articole de specialitate \u0219i volume publicate de-a lungul \u00eentregii sale cariere academice, care abordeaz\u0103 un spectru larg de teme, precum: aspectul verbal \u00een limbile slave \u0219i neslave; rela\u021biile rom\u00e2no-slave; originea simbolisticii \u0219i limbajului; influen\u021ba substraturilor \u00een limbile sud-est europene \u0219i problemele legate de Balkansprachbund; protorom\u00e2na \u0219i problemele sale, inclusiv interferen\u021bele dintre protorom\u00e2n\u0103 \u0219i idiomurile slave \u00een expansiune odat\u0103 cu \u00eenceputul secolului al VI-lea.<br \/>\n\u00cen cadrul cursurilor \u0219i seminarelor, conf. dr. SORIN PALIGA a stimulat permanent, prin prelegerile interactive \u0219i dezbaterile organizate \u00een jurul temelor de interes, schimbul de idei necesar procesului de instruire. De asemenea, sim\u021bul umorului \u0219i spiritul novator de care d\u0103 dovad\u0103 au condus la crearea unui mediu de \u00eenv\u0103\u021bare atractiv pentru studen\u021bi, care au v\u0103zut \u00een domnul profesor un partener \u00een procesul educa\u021bional.<\/p>\n","protected":false},"featured_media":37352,"comment_status":"open","ping_status":"closed","template":"","meta":[],"product_brand":[],"product_cat":[3748,1891],"product_tag":[],"class_list":{"0":"post-37351","1":"product","2":"type-product","3":"status-publish","4":"has-post-thumbnail","6":"product_cat-filologie-colectii","7":"product_cat-download","9":"first","10":"instock","11":"downloadable","12":"shipping-taxable","13":"product-type-simple"},"_links":{"self":[{"href":"https:\/\/editura-unibuc.ro\/en\/wp-json\/wp\/v2\/product\/37351","targetHints":{"allow":["GET"]}}],"collection":[{"href":"https:\/\/editura-unibuc.ro\/en\/wp-json\/wp\/v2\/product"}],"about":[{"href":"https:\/\/editura-unibuc.ro\/en\/wp-json\/wp\/v2\/types\/product"}],"replies":[{"embeddable":true,"href":"https:\/\/editura-unibuc.ro\/en\/wp-json\/wp\/v2\/comments?post=37351"}],"wp:featuredmedia":[{"embeddable":true,"href":"https:\/\/editura-unibuc.ro\/en\/wp-json\/wp\/v2\/media\/37352"}],"wp:attachment":[{"href":"https:\/\/editura-unibuc.ro\/en\/wp-json\/wp\/v2\/media?parent=37351"}],"wp:term":[{"taxonomy":"product_brand","embeddable":true,"href":"https:\/\/editura-unibuc.ro\/en\/wp-json\/wp\/v2\/product_brand?post=37351"},{"taxonomy":"product_cat","embeddable":true,"href":"https:\/\/editura-unibuc.ro\/en\/wp-json\/wp\/v2\/product_cat?post=37351"},{"taxonomy":"product_tag","embeddable":true,"href":"https:\/\/editura-unibuc.ro\/en\/wp-json\/wp\/v2\/product_tag?post=37351"}],"curies":[{"name":"wp","href":"https:\/\/api.w.org\/{rel}","templated":true}]}}