{"id":3749,"date":"2012-11-13T14:17:46","date_gmt":"2012-11-13T11:17:46","guid":{"rendered":"https:\/\/editura-unibuc.ro\/?p=3749"},"modified":"2022-03-15T19:13:02","modified_gmt":"2022-03-15T17:13:02","slug":"geografia-campiilor-romaniei-vol-i","status":"publish","type":"product","link":"https:\/\/editura-unibuc.ro\/en\/geografia-campiilor-romaniei-vol-i\/","title":{"rendered":"ROMANIAN FIELDS GEOGRAPHY (VOL. I)"},"content":{"rendered":"<p>Volumul de fa\u021b\u0103, elaborat de Florina Grecu, profesor la Facultatea de Geografie a Universit\u0103\u021bii Bucure\u0219ti, se remarc\u0103 \u0219i se recomand\u0103 prin con\u021binuturile \u0219tiin\u021bifice sus\u021binute de \u00eencercarea de a da o nou\u0103 structur\u0103 unor lucr\u0103ri de geografie regional\u0103. Lucrarea este structurat\u0103 \u00een dou\u0103 p\u0103r\u021bi, am\u00e2ndou\u0103 ax\u00e2ndu-se pe caracterisricile fizico \u0219i, respectiv, economico-geografice ale c\u00e2mpiilor. Analizele abordeaz\u0103 simultan dou\u0103 unit\u0103\u021bi de c\u00e2mpii: C\u00e2mpia Rom\u00e2n\u0103 \u0219i C\u00e2mpia Banato-Cri\u0219an\u0103 (C\u00e2mpia de Vest a Rom\u00e2niei). Compara\u021biile care se pot realiza, \u00een special pentru elementele fizicogeografice, \u00eenlesnesc descoperirea de noi problematici, ra\u021bionamente asupra geografiei celor dou\u0103 unit\u0103\u021bi de c\u00e2mpie.<\/p>\n","protected":false},"excerpt":{"rendered":"<p>Volumul de fa\u021b\u0103, elaborat de Florina Grecu, profesor la Facultatea de Geografie a Universit\u0103\u021bii Bucure\u0219ti, se remarc\u0103 \u0219i se recomand\u0103 prin con\u021binuturile \u0219tiin\u021bifice sus\u021binute de \u00eencercarea de a da o nou\u0103 structur\u0103 unor lucr\u0103ri de geografie regional\u0103. Lucrarea este structurat\u0103 \u00een dou\u0103 p\u0103r\u021bi, am\u00e2ndou\u0103 ax\u00e2ndu-se pe caracterisricile fizico \u0219i, respectiv, economico-geografice ale c\u00e2mpiilor. Analizele abordeaz\u0103 [&hellip;]<\/p>\n","protected":false},"featured_media":0,"comment_status":"open","ping_status":"closed","template":"","meta":[],"product_brand":[],"product_cat":[1466,989],"product_tag":[903],"class_list":{"0":"post-3749","1":"product","2":"type-product","3":"status-publish","5":"product_cat-stiinte-ale-naturii","6":"product_cat-geografie","7":"product_tag-geografie","9":"first","10":"outofstock","11":"shipping-taxable","12":"purchasable","13":"product-type-simple"},"_links":{"self":[{"href":"https:\/\/editura-unibuc.ro\/en\/wp-json\/wp\/v2\/product\/3749","targetHints":{"allow":["GET"]}}],"collection":[{"href":"https:\/\/editura-unibuc.ro\/en\/wp-json\/wp\/v2\/product"}],"about":[{"href":"https:\/\/editura-unibuc.ro\/en\/wp-json\/wp\/v2\/types\/product"}],"replies":[{"embeddable":true,"href":"https:\/\/editura-unibuc.ro\/en\/wp-json\/wp\/v2\/comments?post=3749"}],"wp:attachment":[{"href":"https:\/\/editura-unibuc.ro\/en\/wp-json\/wp\/v2\/media?parent=3749"}],"wp:term":[{"taxonomy":"product_brand","embeddable":true,"href":"https:\/\/editura-unibuc.ro\/en\/wp-json\/wp\/v2\/product_brand?post=3749"},{"taxonomy":"product_cat","embeddable":true,"href":"https:\/\/editura-unibuc.ro\/en\/wp-json\/wp\/v2\/product_cat?post=3749"},{"taxonomy":"product_tag","embeddable":true,"href":"https:\/\/editura-unibuc.ro\/en\/wp-json\/wp\/v2\/product_tag?post=3749"}],"curies":[{"name":"wp","href":"https:\/\/api.w.org\/{rel}","templated":true}]}}