{"id":3751,"date":"2012-11-13T14:26:54","date_gmt":"2012-11-13T11:26:54","guid":{"rendered":"https:\/\/editura-unibuc.ro\/?p=3751"},"modified":"2025-08-06T12:16:32","modified_gmt":"2025-08-06T09:16:32","slug":"energetica-chimica-editia-a-ii-a","status":"publish","type":"product","link":"https:\/\/editura-unibuc.ro\/en\/energetica-chimica-editia-a-ii-a\/","title":{"rendered":"CHEMICAL ENERGETICS (2nd edition)"},"content":{"rendered":"<p>Lucrarea despre energetica chimic\u0103 este obiectul cursului ini\u021biat \u0219i predat de profesor doctor Viorica Meltzer \u0219i care trateaz\u0103 problematica energetic\u0103 prin transformarea energiei chimice \u00een diferite alte forme de energie: termic\u0103, electric\u0103, luminoas\u0103 \u0219i biochimic\u0103. Profesor doctor docent \u00een \u0218tiin\u021be, Rodica V\u00eelcu, consider\u0103 c\u0103 \u201eprin con\u021binutul \u0219tiin\u021bific informativ deosebit de bogat, publicarea c\u0103r\u021bii \u00abEnergetic\u0103 chimic\u0103\u00bb este un moment editorial important \u00een domeniul literaturii \u0219tiin\u021belor exacte\u201d.<\/p>\n","protected":false},"excerpt":{"rendered":"<p>Lucrarea despre energetica chimic\u0103 este obiectul cursului ini\u021biat \u0219i predat de profesor doctor Viorica Meltzer \u0219i care trateaz\u0103 problematica energetic\u0103 prin transformarea energiei chimice \u00een diferite alte forme de energie: termic\u0103, electric\u0103, luminoas\u0103 \u0219i biochimic\u0103. Profesor doctor docent \u00een \u0218tiin\u021be, Rodica V\u00eelcu, consider\u0103 c\u0103 \u201eprin con\u021binutul \u0219tiin\u021bific informativ deosebit de bogat, publicarea c\u0103r\u021bii \u00abEnergetic\u0103 chimic\u0103\u00bb [&hellip;]<\/p>\n","protected":false},"featured_media":10022,"comment_status":"open","ping_status":"closed","template":"","meta":[],"product_brand":[],"product_cat":[982,983],"product_tag":[907],"class_list":{"0":"post-3751","1":"product","2":"type-product","3":"status-publish","4":"has-post-thumbnail","6":"product_cat-stiinte-exacte","7":"product_cat-chimie","8":"product_tag-chimie","10":"first","11":"instock","12":"shipping-taxable","13":"purchasable","14":"product-type-simple"},"_links":{"self":[{"href":"https:\/\/editura-unibuc.ro\/en\/wp-json\/wp\/v2\/product\/3751","targetHints":{"allow":["GET"]}}],"collection":[{"href":"https:\/\/editura-unibuc.ro\/en\/wp-json\/wp\/v2\/product"}],"about":[{"href":"https:\/\/editura-unibuc.ro\/en\/wp-json\/wp\/v2\/types\/product"}],"replies":[{"embeddable":true,"href":"https:\/\/editura-unibuc.ro\/en\/wp-json\/wp\/v2\/comments?post=3751"}],"wp:featuredmedia":[{"embeddable":true,"href":"https:\/\/editura-unibuc.ro\/en\/wp-json\/wp\/v2\/media\/10022"}],"wp:attachment":[{"href":"https:\/\/editura-unibuc.ro\/en\/wp-json\/wp\/v2\/media?parent=3751"}],"wp:term":[{"taxonomy":"product_brand","embeddable":true,"href":"https:\/\/editura-unibuc.ro\/en\/wp-json\/wp\/v2\/product_brand?post=3751"},{"taxonomy":"product_cat","embeddable":true,"href":"https:\/\/editura-unibuc.ro\/en\/wp-json\/wp\/v2\/product_cat?post=3751"},{"taxonomy":"product_tag","embeddable":true,"href":"https:\/\/editura-unibuc.ro\/en\/wp-json\/wp\/v2\/product_tag?post=3751"}],"curies":[{"name":"wp","href":"https:\/\/api.w.org\/{rel}","templated":true}]}}