{"id":3755,"date":"2012-11-13T14:33:55","date_gmt":"2012-11-13T11:33:55","guid":{"rendered":"https:\/\/editura-unibuc.ro\/?p=3755"},"modified":"2021-04-02T11:05:19","modified_gmt":"2021-04-02T08:05:19","slug":"chimia-fizica-a-coloizilor-si-interfetelor-aplicatii-in-biotehnologie","status":"publish","type":"product","link":"https:\/\/editura-unibuc.ro\/en\/chimia-fizica-a-coloizilor-si-interfetelor-aplicatii-in-biotehnologie\/","title":{"rendered":"PHYSICAL CHEMISTRY OF COLLOIDS AND INTERFACES. APPLICATIONS IN BIOTECHNOLOGY"},"content":{"rendered":"<p>Chimia coloizilor nu a mai fost discutat\u0103 at\u00e2t de frecvent cum este \u00een momentul de fa\u021b\u0103. Dezvoltarea pe care o cunoa\u0219te se datoreaz\u0103 implica\u021biilor coloizilor \u00een toate domeniile cercet\u0103rii chimice \u0219i ingineriei biotehnologice. Prezenta lucrare are ca scop corelarea no\u021biunilor teoretice de Chimie fizic\u0103 a coloizilor \u0219i interfe\u021belor cu aplica\u021biile acesteia \u00een biotehnologie. Cursul este structurat \u00een \u0219ase capitole: \u201cNatura \u0219i relevan\u021ba sistemelor coloidale\u201d, \u201cPolidispersia, dimensiunea \u0219i forma particulelor coloidale\u201d, \u201cSisteme coloidale liofile de asocia\u021bie\u201d, \u201cSisteme coloidale liofobe\u201d, \u201cPropriet\u0103\u021bi electrice ale sistemelor coloidale\u201d \u0219i \u201cStabilizarea \u0219i destabilizarea sistemelor coloidale liofobe\u201d.<\/p>\n","protected":false},"excerpt":{"rendered":"<p>Chimia coloizilor nu a mai fost discutat\u0103 at\u00e2t de frecvent cum este \u00een momentul de fa\u021b\u0103. Dezvoltarea pe care o cunoa\u0219te se datoreaz\u0103 implica\u021biilor coloizilor \u00een toate domeniile cercet\u0103rii chimice \u0219i ingineriei biotehnologice. Prezenta lucrare are ca scop corelarea no\u021biunilor teoretice de Chimie fizic\u0103 a coloizilor \u0219i interfe\u021belor cu aplica\u021biile acesteia \u00een biotehnologie. Cursul este [&hellip;]<\/p>\n","protected":false},"featured_media":10019,"comment_status":"open","ping_status":"closed","template":"","meta":[],"product_brand":[],"product_cat":[982,983],"product_tag":[907],"class_list":{"0":"post-3755","1":"product","2":"type-product","3":"status-publish","4":"has-post-thumbnail","6":"product_cat-stiinte-exacte","7":"product_cat-chimie","8":"product_tag-chimie","10":"first","11":"outofstock","12":"shipping-taxable","13":"purchasable","14":"product-type-simple"},"_links":{"self":[{"href":"https:\/\/editura-unibuc.ro\/en\/wp-json\/wp\/v2\/product\/3755","targetHints":{"allow":["GET"]}}],"collection":[{"href":"https:\/\/editura-unibuc.ro\/en\/wp-json\/wp\/v2\/product"}],"about":[{"href":"https:\/\/editura-unibuc.ro\/en\/wp-json\/wp\/v2\/types\/product"}],"replies":[{"embeddable":true,"href":"https:\/\/editura-unibuc.ro\/en\/wp-json\/wp\/v2\/comments?post=3755"}],"wp:featuredmedia":[{"embeddable":true,"href":"https:\/\/editura-unibuc.ro\/en\/wp-json\/wp\/v2\/media\/10019"}],"wp:attachment":[{"href":"https:\/\/editura-unibuc.ro\/en\/wp-json\/wp\/v2\/media?parent=3755"}],"wp:term":[{"taxonomy":"product_brand","embeddable":true,"href":"https:\/\/editura-unibuc.ro\/en\/wp-json\/wp\/v2\/product_brand?post=3755"},{"taxonomy":"product_cat","embeddable":true,"href":"https:\/\/editura-unibuc.ro\/en\/wp-json\/wp\/v2\/product_cat?post=3755"},{"taxonomy":"product_tag","embeddable":true,"href":"https:\/\/editura-unibuc.ro\/en\/wp-json\/wp\/v2\/product_tag?post=3755"}],"curies":[{"name":"wp","href":"https:\/\/api.w.org\/{rel}","templated":true}]}}