{"id":3764,"date":"2012-11-13T14:51:09","date_gmt":"2012-11-13T11:51:09","guid":{"rendered":"https:\/\/editura-unibuc.ro\/?p=3764"},"modified":"2025-08-06T11:13:38","modified_gmt":"2025-08-06T08:13:38","slug":"caiet-de-lucrari-practice-chimia-metalelor-pentru-studentii-anului-ii-chimia-mediului","status":"publish","type":"product","link":"https:\/\/editura-unibuc.ro\/en\/caiet-de-lucrari-practice-chimia-metalelor-pentru-studentii-anului-ii-chimia-mediului\/","title":{"rendered":"PRACTICAL WORKS BOOK \u2013METALS CHEMISTRY (FOR 2ND YEAR STUDENTS IN ENVIRONMENT CHEMISTRY)"},"content":{"rendered":"<p>\u00cen referatele corespunz\u0103toare fiec\u0103rui experiment sunt cuprinse informa\u021bii teoretice cu privire la principalele substan\u021be utilizate \u00een sintez\u0103 \u0219i compu\u0219ii ob\u021binu\u021bi. Partea teoretic\u0103 a fiec\u0103rui referat reprezint\u0103 o completare a cursului CHIMIA METALELOR, cuprins \u00een planul de \u00eenv\u0103\u021b\u0103m\u00e2nt pentru anul II, sec\u021bia CHIMIA MEDIULUI, necesar\u0103 deoarece num\u0103rul de ore acordat acestuia nu permite prezentarea unor informa\u021bii de care studentul are nevoie pentru buna \u00een\u021belegere a experimentelor de laborator \u0219i pentru a-i facilita acestuia g\u0103sirea lor \u00een timpul efectu\u0103rii lucr\u0103rilor experimentale. Referatele cuprind \u00een plus, pentru majoritatea substan\u021belor folosite \u0219i compu\u0219ii prepara\u021bi, principalele utiliz\u0103ri, riscul unei manevr\u0103ri sau expuneri necorespunz\u0103toare, efectul asupra organismului uman \u0219i altor organisme, respectiv impactul acumul\u0103rii unora dintre aceste substan\u021be \u00een mediul \u00eenconjur\u0103tor. Fiecare referat se \u00eencheie cu o serie de cerin\u021be obligatorii adresate studen\u021bilor, la care ace\u0219tia trebuie s\u0103 r\u0103spund\u0103 \u00een cadrul prezent\u0103rii rezultatelor experimentelor efectuate \u00een laborator. Scopul este acela de a determina studentul s\u0103 fac\u0103 corela\u021biile absolut necesare \u00eentre informa\u021biile teoretice \u0219i observa\u021biile experimentale, precum \u0219i acela de a preg\u0103ti pe parcursul semestrului colocviul de laborator \u0219i examenul final.<\/p>\n","protected":false},"excerpt":{"rendered":"<p>\u00cen referatele corespunz\u0103toare fiec\u0103rui experiment sunt cuprinse informa\u021bii teoretice cu privire la principalele substan\u021be utilizate \u00een sintez\u0103 \u0219i compu\u0219ii ob\u021binu\u021bi. Partea teoretic\u0103 a fiec\u0103rui referat reprezint\u0103 o completare a cursului CHIMIA METALELOR, cuprins \u00een planul de \u00eenv\u0103\u021b\u0103m\u00e2nt pentru anul II, sec\u021bia CHIMIA MEDIULUI, necesar\u0103 deoarece num\u0103rul de ore acordat acestuia nu permite prezentarea unor informa\u021bii [&hellip;]<\/p>\n","protected":false},"featured_media":0,"comment_status":"open","ping_status":"closed","template":"","meta":[],"product_brand":[],"product_cat":[982,983],"product_tag":[907],"class_list":{"0":"post-3764","1":"product","2":"type-product","3":"status-publish","5":"product_cat-stiinte-exacte","6":"product_cat-chimie","7":"product_tag-chimie","9":"first","10":"instock","11":"shipping-taxable","12":"purchasable","13":"product-type-simple"},"_links":{"self":[{"href":"https:\/\/editura-unibuc.ro\/en\/wp-json\/wp\/v2\/product\/3764","targetHints":{"allow":["GET"]}}],"collection":[{"href":"https:\/\/editura-unibuc.ro\/en\/wp-json\/wp\/v2\/product"}],"about":[{"href":"https:\/\/editura-unibuc.ro\/en\/wp-json\/wp\/v2\/types\/product"}],"replies":[{"embeddable":true,"href":"https:\/\/editura-unibuc.ro\/en\/wp-json\/wp\/v2\/comments?post=3764"}],"wp:attachment":[{"href":"https:\/\/editura-unibuc.ro\/en\/wp-json\/wp\/v2\/media?parent=3764"}],"wp:term":[{"taxonomy":"product_brand","embeddable":true,"href":"https:\/\/editura-unibuc.ro\/en\/wp-json\/wp\/v2\/product_brand?post=3764"},{"taxonomy":"product_cat","embeddable":true,"href":"https:\/\/editura-unibuc.ro\/en\/wp-json\/wp\/v2\/product_cat?post=3764"},{"taxonomy":"product_tag","embeddable":true,"href":"https:\/\/editura-unibuc.ro\/en\/wp-json\/wp\/v2\/product_tag?post=3764"}],"curies":[{"name":"wp","href":"https:\/\/api.w.org\/{rel}","templated":true}]}}