{"id":3766,"date":"2012-11-13T14:55:00","date_gmt":"2012-11-13T11:55:00","guid":{"rendered":"https:\/\/editura-unibuc.ro\/?p=3766"},"modified":"2015-03-13T17:15:55","modified_gmt":"2015-03-13T15:15:55","slug":"introducere-in-chimia-metalelor","status":"publish","type":"product","link":"https:\/\/editura-unibuc.ro\/en\/introducere-in-chimia-metalelor\/","title":{"rendered":"INTRODUCTION TO METALS CHEMISTRY"},"content":{"rendered":"<p>Metalele au jucat un rol at\u00e2t de important \u00een dezvoltarea civiliza\u021biei umane \u00eenc\u00e2t etape istorice bine definite poart\u0103 numele unor metale sau aliaje metalice, de exemplu Epoca Fierului, Epoca Bronzului sau Epoca O\u021belului. \u0218i \u00een prezent, \u00een ciuda descoperirii unui num\u0103r mare de materiale plastice \u0219i compozite, metalele \u0219i aliajele lor reprezint\u0103 \u00eenc\u0103, gra\u021bie propriet\u0103\u021bilor lor specifice, unele dintre materialele industriale cu larg\u0103 utilizare. La originea propriet\u0103\u021bilor specifice ale metalelor se afl\u0103 tipul special de for\u021be coezive care asambleaz\u0103 atomii \u00een starea metalic\u0103.<\/p>\n","protected":false},"excerpt":{"rendered":"<p>Metalele au jucat un rol at\u00e2t de important \u00een dezvoltarea civiliza\u021biei umane \u00eenc\u00e2t etape istorice bine definite poart\u0103 numele unor metale sau aliaje metalice, de exemplu Epoca Fierului, Epoca Bronzului sau Epoca O\u021belului. \u0218i \u00een prezent, \u00een ciuda descoperirii unui num\u0103r mare de materiale plastice \u0219i compozite, metalele \u0219i aliajele lor reprezint\u0103 \u00eenc\u0103, gra\u021bie propriet\u0103\u021bilor [&hellip;]<\/p>\n","protected":false},"featured_media":0,"comment_status":"open","ping_status":"closed","template":"","meta":[],"product_brand":[],"product_cat":[982,983],"product_tag":[907],"class_list":{"0":"post-3766","1":"product","2":"type-product","3":"status-publish","5":"product_cat-stiinte-exacte","6":"product_cat-chimie","7":"product_tag-chimie","9":"first","10":"outofstock","11":"shipping-taxable","12":"product-type-simple"},"_links":{"self":[{"href":"https:\/\/editura-unibuc.ro\/en\/wp-json\/wp\/v2\/product\/3766","targetHints":{"allow":["GET"]}}],"collection":[{"href":"https:\/\/editura-unibuc.ro\/en\/wp-json\/wp\/v2\/product"}],"about":[{"href":"https:\/\/editura-unibuc.ro\/en\/wp-json\/wp\/v2\/types\/product"}],"replies":[{"embeddable":true,"href":"https:\/\/editura-unibuc.ro\/en\/wp-json\/wp\/v2\/comments?post=3766"}],"wp:attachment":[{"href":"https:\/\/editura-unibuc.ro\/en\/wp-json\/wp\/v2\/media?parent=3766"}],"wp:term":[{"taxonomy":"product_brand","embeddable":true,"href":"https:\/\/editura-unibuc.ro\/en\/wp-json\/wp\/v2\/product_brand?post=3766"},{"taxonomy":"product_cat","embeddable":true,"href":"https:\/\/editura-unibuc.ro\/en\/wp-json\/wp\/v2\/product_cat?post=3766"},{"taxonomy":"product_tag","embeddable":true,"href":"https:\/\/editura-unibuc.ro\/en\/wp-json\/wp\/v2\/product_tag?post=3766"}],"curies":[{"name":"wp","href":"https:\/\/api.w.org\/{rel}","templated":true}]}}