{"id":37700,"date":"2023-03-22T10:28:27","date_gmt":"2023-03-22T08:28:27","guid":{"rendered":"https:\/\/editura-unibuc.ro\/?post_type=product&#038;p=37700"},"modified":"2026-01-23T09:37:31","modified_gmt":"2026-01-23T07:37:31","slug":"rromane-xatarimata-intelesuri-si-simtiri-rrome","status":"publish","type":"product","link":"https:\/\/editura-unibuc.ro\/en\/rromane-xatarimata-intelesuri-si-simtiri-rrome\/","title":{"rendered":"RROMANE XAT\u01cdRIMATA \u00ceN\u021aELESURI \u0218I SIM\u021aIRI RROME"},"content":{"rendered":"","protected":false},"excerpt":{"rendered":"<hr \/>\n<p><strong><a href=\"https:\/\/books.google.ro\/books\/about?id=E021EAAAQBAJ&amp;redir_esc=y\" target=\"_blank\" rel=\"noopener\"><img decoding=\"async\" src=\"https:\/\/editura-unibuc.ro\/wp-content\/uploads\/2025\/04\/goo.png\" \/>Google Books<\/a><\/strong><br \/>&nbsp;<\/p>\n<hr \/>\n<p>\u00centruc\u00e2t pe 8 aprilie 2021 s-a marcat \u00eemplinirea a 50 de ani de la primul Congres Interna\u0163ional al Romilor, studen\u021bii de la Sec\u021bia de rromani au redactat o serie de eseuri pe teme alese de c\u0103tre ei, care s\u0103 aib\u0103 leg\u0103tur\u0103 cu momentul aniversar. Printre temele abordate de studen\u021bi se reg\u0103sesc subiecte de actualitate, precum imaginea rromilor \u00een mass-media \u00een contextul pandemiei de Coronavirus sau Holocaustul rromilor \u0219i reprezentarea acestuia \u00een memoria colectiv\u0103 din r\u00e2ndul tinerilor, teme care ating latura psihologic\u0103, precum cea a particularit\u0103\u021bilor culturale ale suferin\u021bei la rromi, sau subiecte din sfera muzicii, dar privite \u00een mod diferit, cum ar fi problemele cu care se confrunt\u0103 muzicienii rromi contemporani.<br \/>\nO parte dintre studen\u021bi a ales s\u0103-\u0219i onoreze comunit\u0103\u021bile natale, promov\u00e2nd me\u0219te\u0219ugurile tradi\u021bionale sau credin\u021bele populare din aceste comunit\u0103\u021bi, precum \u0219i particularit\u0103\u021bile lingvistice dintr-o comunitate, pe de o parte, sau unele provoc\u0103ri de natur\u0103 lexical\u0103 de la nivelul dialectelor \u0219i cel al limbii rromani comune, pe de alt\u0103 parte.<br \/>\nTotodat\u0103, lucrarea cuprinde \u0219i aspecte privind literatura rrom\u0103, at\u00e2t prin analiz\u0103 de folclor rrom, precum \u0219i prin crea\u021bii literare proprii, prin includerea unor poezii.<\/p>\n","protected":false},"featured_media":37701,"comment_status":"open","ping_status":"closed","template":"","meta":[],"product_brand":[],"product_cat":[3823,980],"product_tag":[920],"class_list":{"0":"post-37700","1":"product","2":"type-product","3":"status-publish","4":"has-post-thumbnail","6":"product_cat-stiinte-umane","7":"product_cat-limbi-romanice-clasice-si-orientale","8":"product_tag-cultura","10":"first","11":"instock","12":"shipping-taxable","13":"purchasable","14":"product-type-simple"},"_links":{"self":[{"href":"https:\/\/editura-unibuc.ro\/en\/wp-json\/wp\/v2\/product\/37700","targetHints":{"allow":["GET"]}}],"collection":[{"href":"https:\/\/editura-unibuc.ro\/en\/wp-json\/wp\/v2\/product"}],"about":[{"href":"https:\/\/editura-unibuc.ro\/en\/wp-json\/wp\/v2\/types\/product"}],"replies":[{"embeddable":true,"href":"https:\/\/editura-unibuc.ro\/en\/wp-json\/wp\/v2\/comments?post=37700"}],"wp:featuredmedia":[{"embeddable":true,"href":"https:\/\/editura-unibuc.ro\/en\/wp-json\/wp\/v2\/media\/37701"}],"wp:attachment":[{"href":"https:\/\/editura-unibuc.ro\/en\/wp-json\/wp\/v2\/media?parent=37700"}],"wp:term":[{"taxonomy":"product_brand","embeddable":true,"href":"https:\/\/editura-unibuc.ro\/en\/wp-json\/wp\/v2\/product_brand?post=37700"},{"taxonomy":"product_cat","embeddable":true,"href":"https:\/\/editura-unibuc.ro\/en\/wp-json\/wp\/v2\/product_cat?post=37700"},{"taxonomy":"product_tag","embeddable":true,"href":"https:\/\/editura-unibuc.ro\/en\/wp-json\/wp\/v2\/product_tag?post=37700"}],"curies":[{"name":"wp","href":"https:\/\/api.w.org\/{rel}","templated":true}]}}