{"id":37702,"date":"2023-03-22T10:46:09","date_gmt":"2023-03-22T08:46:09","guid":{"rendered":"https:\/\/editura-unibuc.ro\/?post_type=product&#038;p=37702"},"modified":"2025-05-08T10:48:51","modified_gmt":"2025-05-08T07:48:51","slug":"discursul-public-ghid-pentru-dezvoltarea-abilitatii-de-a-vorbi-in-public","status":"publish","type":"product","link":"https:\/\/editura-unibuc.ro\/en\/discursul-public-ghid-pentru-dezvoltarea-abilitatii-de-a-vorbi-in-public\/","title":{"rendered":"DISCURSUL PUBLIC: GHID PENTRU DEZVOLTAREA ABILIT\u0102\u021aII DE A VORBI \u00ceN PUBLIC"},"content":{"rendered":"","protected":false},"excerpt":{"rendered":"<hr \/>\n<p><strong><a href=\"https:\/\/books.google.ro\/books\/about?id=D021EAAAQBAJ&#038;redir_esc=y\" target=\"_blank\" rel=\"noopener\"><img decoding=\"async\" src=\"https:\/\/editura-unibuc.ro\/wp-content\/uploads\/2025\/04\/goo.png\" \/>Google Books<\/a><\/strong><br \/>&nbsp;<\/p>\n<hr \/>\n<p>Meritul autoarei este acela de aduce \u00een aten\u021bia cititorilor prima carte din spa\u021biul rom\u00e2nesc dedicat\u0103 vorbirii \u00een public, fundamentat\u0103 pe teorii din sfera lingvisticii, retoricii, teoriei argument\u0103rii \u0219i comunic\u0103rii. Abordarea pornind de la cele trei componente ale limbajului constituite de comunicarea verbal\u0103, paraverbal\u0103 \u0219i nonverbal\u0103 contribuie pe de o parte la radiografierea discursului p\u00e2n\u0103 \u00een cele mai mici detalii, iar pe de alt\u0103 parte ofer\u0103 o imagine ampl\u0103 asupra a ceea ce \u00eenseamn\u0103 comunicarea \u00een complexitatea sa, care p\u00e2n\u0103 nu demult era rezumat\u0103 \u00een diversele cercet\u0103ri la aspectul strict verbal. Latura verbal\u0103, \u00eens\u0103, reprezint\u0103 numai o parte din comunicare, \u00eentruc\u00e2t vorbirea, \u00een ansamblul ei, presupune \u0219i interac\u021biune vizual\u0103, sonor\u0103, care contribuie la conturarea sensului cuvintelor. \u00cen plus, aspectul nonverbal poate sugera uneori mai mult dec\u00e2t cuvintele propriu-zise, iar impresia pe care o las\u0103 individul celor din jur deriv\u0103 \u00een bun\u0103 m\u0103sur\u0103 din postur\u0103, capacitatea de a stabili contactul vizual cu interlocutorul, tonalitatea vocii etc.<br \/>\nTrimiterile la diferite situa\u021bii de comunicare din via\u021ba cotidian\u0103 \u0219i chiar la exemple din experien\u021ba de cadru didactic, formator \u0219i vorbitor la diverse evenimente, pe care o are autoarea, dau savoare lecturii, ca urmare a faptului c\u0103, dincolo de suportul teoretic \u0219i clasific\u0103rile riguros organizate, st\u0103 inten\u021bia de a da aplicabilitate practic\u0103 celor enun\u021bate.<br \/>\nTotodat\u0103, cartea \u00ee\u0219i ofer\u0103 cititorului \u0219i o serie de strategii de preg\u0103tire pentru livrarea unui discurs, cum ar fi tehnicile de st\u0103p\u00e2nire a emo\u021biilor \u0219i de antrenare a vocii din faza premerg\u0103toare intr\u0103rii \u00een \u201escen\u0103\u201d.<br \/>\nTrimiterile la diferite situa\u021bii de comunicare din via\u021ba cotidian\u0103<br \/>\n\u0219i chiar la exemple din experien\u021ba de cadru didactic, formator \u0219i vorbitor<br \/>\nla diverse evenimente, pe care o are autoarea, dau savoare lecturii, ca<br \/>\nurmare a faptului c\u0103, dincolo de suportul teoretic \u0219i clasific\u0103rile riguros<br \/>\norganizate, st\u0103 inten\u021bia de a da aplicabilitate practic\u0103 celor enun\u021bate.<br \/>\nTotodat\u0103, cartea \u00ee\u0219i ofer\u0103 cititorului \u0219i o serie de strategii de preg\u0103tire<br \/>\npentru livrarea unui discurs, cum ar fi tehnicile de st\u0103p\u00e2nire a emo\u021biilor<br \/>\n\u0219i de antrenare a vocii din faza premerg\u0103toare intr\u0103rii \u00een \u201escen\u0103\u201d.<\/p>\n","protected":false},"featured_media":37703,"comment_status":"open","ping_status":"closed","template":"","meta":[],"product_brand":[],"product_cat":[3573,996],"product_tag":[1944,1202],"class_list":{"0":"post-37702","1":"product","2":"type-product","3":"status-publish","4":"has-post-thumbnail","6":"product_cat-stiinte-ale-comunicarii","7":"product_cat-jurnalism-si-stiintele-comunicarii","8":"product_tag-communication","9":"product_tag-comunicare","11":"first","12":"instock","13":"shipping-taxable","14":"purchasable","15":"product-type-simple"},"_links":{"self":[{"href":"https:\/\/editura-unibuc.ro\/en\/wp-json\/wp\/v2\/product\/37702","targetHints":{"allow":["GET"]}}],"collection":[{"href":"https:\/\/editura-unibuc.ro\/en\/wp-json\/wp\/v2\/product"}],"about":[{"href":"https:\/\/editura-unibuc.ro\/en\/wp-json\/wp\/v2\/types\/product"}],"replies":[{"embeddable":true,"href":"https:\/\/editura-unibuc.ro\/en\/wp-json\/wp\/v2\/comments?post=37702"}],"wp:featuredmedia":[{"embeddable":true,"href":"https:\/\/editura-unibuc.ro\/en\/wp-json\/wp\/v2\/media\/37703"}],"wp:attachment":[{"href":"https:\/\/editura-unibuc.ro\/en\/wp-json\/wp\/v2\/media?parent=37702"}],"wp:term":[{"taxonomy":"product_brand","embeddable":true,"href":"https:\/\/editura-unibuc.ro\/en\/wp-json\/wp\/v2\/product_brand?post=37702"},{"taxonomy":"product_cat","embeddable":true,"href":"https:\/\/editura-unibuc.ro\/en\/wp-json\/wp\/v2\/product_cat?post=37702"},{"taxonomy":"product_tag","embeddable":true,"href":"https:\/\/editura-unibuc.ro\/en\/wp-json\/wp\/v2\/product_tag?post=37702"}],"curies":[{"name":"wp","href":"https:\/\/api.w.org\/{rel}","templated":true}]}}