{"id":3772,"date":"2012-11-13T15:08:04","date_gmt":"2012-11-13T13:08:04","guid":{"rendered":"https:\/\/editura-unibuc.ro\/?p=3772"},"modified":"2024-01-29T09:44:22","modified_gmt":"2024-01-29T07:44:22","slug":"reactivi-si-sinteze-in-chimia-organica-moderna","status":"publish","type":"product","link":"https:\/\/editura-unibuc.ro\/en\/reactivi-si-sinteze-in-chimia-organica-moderna\/","title":{"rendered":"REAGENTS AND SYNTHESES IN MODERN ORGANIC CHEMISTRY"},"content":{"rendered":"<p>\u201eChimistul sintetist este mai mult un logician \u0219i un strateg; el este un explorator puternic motivat s\u0103 speculeze, s\u0103-\u0219i imagineze \u0219i s\u0103 creeze\u201d. (laureatul Nobel E. Corey) \u201ePentru chimie, cerurile sunt larg deschise, c\u0103ci de\u0219i ea este o \u0219tiin\u021b\u0103, ea este \u0219i o art\u0103. Prin frumuse\u021bea obiectelor sale, evident, dar \u0219i prin \u00eens\u0103\u0219i esen\u021ba ei, prin aptitudinea de a inventa viitorul \u0219i de a se recrea pe ea \u00eens\u0103\u0219i, f\u0103r\u0103 sf\u00e2r\u0219it\u201d. (Jean Marie Lehn \u2013 Premiul Nobel 1987)<\/p>\n","protected":false},"excerpt":{"rendered":"<p>\u201eChimistul sintetist este mai mult un logician \u0219i un strateg; el este un explorator puternic motivat s\u0103 speculeze, s\u0103-\u0219i imagineze \u0219i s\u0103 creeze\u201d. (laureatul Nobel E. Corey) \u201ePentru chimie, cerurile sunt larg deschise, c\u0103ci de\u0219i ea este o \u0219tiin\u021b\u0103, ea este \u0219i o art\u0103. Prin frumuse\u021bea obiectelor sale, evident, dar \u0219i prin \u00eens\u0103\u0219i esen\u021ba ei, [&hellip;]<\/p>\n","protected":false},"featured_media":10006,"comment_status":"open","ping_status":"closed","template":"","meta":[],"product_brand":[],"product_cat":[982,983],"product_tag":[907,1314],"class_list":{"0":"post-3772","1":"product","2":"type-product","3":"status-publish","4":"has-post-thumbnail","6":"product_cat-stiinte-exacte","7":"product_cat-chimie","8":"product_tag-chimie","9":"product_tag-chimie-organica","11":"first","12":"outofstock","13":"shipping-taxable","14":"purchasable","15":"product-type-simple"},"_links":{"self":[{"href":"https:\/\/editura-unibuc.ro\/en\/wp-json\/wp\/v2\/product\/3772","targetHints":{"allow":["GET"]}}],"collection":[{"href":"https:\/\/editura-unibuc.ro\/en\/wp-json\/wp\/v2\/product"}],"about":[{"href":"https:\/\/editura-unibuc.ro\/en\/wp-json\/wp\/v2\/types\/product"}],"replies":[{"embeddable":true,"href":"https:\/\/editura-unibuc.ro\/en\/wp-json\/wp\/v2\/comments?post=3772"}],"wp:featuredmedia":[{"embeddable":true,"href":"https:\/\/editura-unibuc.ro\/en\/wp-json\/wp\/v2\/media\/10006"}],"wp:attachment":[{"href":"https:\/\/editura-unibuc.ro\/en\/wp-json\/wp\/v2\/media?parent=3772"}],"wp:term":[{"taxonomy":"product_brand","embeddable":true,"href":"https:\/\/editura-unibuc.ro\/en\/wp-json\/wp\/v2\/product_brand?post=3772"},{"taxonomy":"product_cat","embeddable":true,"href":"https:\/\/editura-unibuc.ro\/en\/wp-json\/wp\/v2\/product_cat?post=3772"},{"taxonomy":"product_tag","embeddable":true,"href":"https:\/\/editura-unibuc.ro\/en\/wp-json\/wp\/v2\/product_tag?post=3772"}],"curies":[{"name":"wp","href":"https:\/\/api.w.org\/{rel}","templated":true}]}}