{"id":37755,"date":"2023-03-23T09:12:25","date_gmt":"2023-03-23T07:12:25","guid":{"rendered":"https:\/\/editura-unibuc.ro\/?post_type=product&#038;p=37755"},"modified":"2025-05-13T10:38:08","modified_gmt":"2025-05-13T07:38:08","slug":"teste-grila-si-probleme-de-metabolism","status":"publish","type":"product","link":"https:\/\/editura-unibuc.ro\/en\/teste-grila-si-probleme-de-metabolism\/","title":{"rendered":"TESTE-GRIL\u0102 \u0218I PROBLEME DE METABOLISM"},"content":{"rendered":"","protected":false},"excerpt":{"rendered":"<hr \/>\n<p><strong><a href=\"https:\/\/books.google.ro\/books\/about?id=F021EAAAQBAJ&#038;redir_esc=y\" target=\"_blank\" rel=\"noopener\"><img decoding=\"async\" src=\"https:\/\/editura-unibuc.ro\/wp-content\/uploads\/2025\/04\/goo.png\" \/>Google Books<\/a><\/strong><br \/>&nbsp;<\/p>\n<hr \/>\n<p><em>Teste-gril\u0103 \u0219i probleme de metabolism<\/em> este o carte conceput\u0103 pentru a ajuta studen\u021bii de la Facult\u0103\u021bile de Biologie sau Medicin\u0103 s\u0103-\u0219i \u00eembun\u0103t\u0103\u021beasc\u0103 cuno\u0219tin\u021bele de metabolism prin intermediul grilelor \u0219i al problemelor.<br \/>\nCartea acoper\u0103 concepte fundamentale precum catabolismul \u0219i anabolismul principalelor categorii de biomolecule (glucide, lipide \u0219i proteine), ciclul acizilor tricarboxilici, fosforilarea oxidativ\u0103, fotosinteza \u0219i reglarea hormonal\u0103 a c\u0103ilor metabolice.<br \/>\nCapitolele includ o varietate de \u00eentreb\u0103ri, de la r\u0103spunsuri scurte la op\u021biuni multiple, asocieri de no\u021biuni \u0219i probleme complexe, care \u00eei provoac\u0103 pe studen\u021bi s\u0103-\u0219i aplice cuno\u0219tin\u021bele pentru a le rezolva. De asemenea, aceast\u0103 carte con\u021bine \u0219i solu\u021biile grilelor \u0219i explica\u021biile detaliate pentru fiecare \u00eentrebare. T<em>este-gril\u0103 \u0219i probleme de metabolism<\/em> este un instrument esen\u021bial pentru studen\u021bii care doresc s\u0103 coreleze \u0219i s\u0103 fixeze c\u00e2t mai bine no\u021biunile complexe de metabolism, preg\u0103tindu-se astfel pentru evalu\u0103rile finale.<\/p>\n","protected":false},"featured_media":37756,"comment_status":"open","ping_status":"closed","template":"","meta":[],"product_brand":[],"product_cat":[1466,988],"product_tag":[904,906],"class_list":{"0":"post-37755","1":"product","2":"type-product","3":"status-publish","4":"has-post-thumbnail","6":"product_cat-stiinte-ale-naturii","7":"product_cat-biologie","8":"product_tag-biologie","9":"product_tag-medicina","11":"first","12":"instock","13":"shipping-taxable","14":"purchasable","15":"product-type-simple"},"_links":{"self":[{"href":"https:\/\/editura-unibuc.ro\/en\/wp-json\/wp\/v2\/product\/37755","targetHints":{"allow":["GET"]}}],"collection":[{"href":"https:\/\/editura-unibuc.ro\/en\/wp-json\/wp\/v2\/product"}],"about":[{"href":"https:\/\/editura-unibuc.ro\/en\/wp-json\/wp\/v2\/types\/product"}],"replies":[{"embeddable":true,"href":"https:\/\/editura-unibuc.ro\/en\/wp-json\/wp\/v2\/comments?post=37755"}],"wp:featuredmedia":[{"embeddable":true,"href":"https:\/\/editura-unibuc.ro\/en\/wp-json\/wp\/v2\/media\/37756"}],"wp:attachment":[{"href":"https:\/\/editura-unibuc.ro\/en\/wp-json\/wp\/v2\/media?parent=37755"}],"wp:term":[{"taxonomy":"product_brand","embeddable":true,"href":"https:\/\/editura-unibuc.ro\/en\/wp-json\/wp\/v2\/product_brand?post=37755"},{"taxonomy":"product_cat","embeddable":true,"href":"https:\/\/editura-unibuc.ro\/en\/wp-json\/wp\/v2\/product_cat?post=37755"},{"taxonomy":"product_tag","embeddable":true,"href":"https:\/\/editura-unibuc.ro\/en\/wp-json\/wp\/v2\/product_tag?post=37755"}],"curies":[{"name":"wp","href":"https:\/\/api.w.org\/{rel}","templated":true}]}}