{"id":37876,"date":"2023-03-30T12:51:30","date_gmt":"2023-03-30T09:51:30","guid":{"rendered":"https:\/\/editura-unibuc.ro\/?post_type=product&#038;p=37876"},"modified":"2025-05-13T09:36:47","modified_gmt":"2025-05-13T06:36:47","slug":"scrisori-catre-actorul-xeseuri-teatrale","status":"publish","type":"product","link":"https:\/\/editura-unibuc.ro\/en\/scrisori-catre-actorul-xeseuri-teatrale\/","title":{"rendered":"SCRISORI C\u0102TRE ACTORUL X<BR\/>eseuri teatrale"},"content":{"rendered":"","protected":false},"excerpt":{"rendered":"<hr \/>\n<p><strong><a href=\"https:\/\/books.google.ro\/books\/about?id=y2u2EAAAQBAJ&#038;redir_esc=y\" target=\"_blank\" rel=\"noopener\"><img decoding=\"async\" src=\"https:\/\/editura-unibuc.ro\/wp-content\/uploads\/2025\/04\/goo.png\" \/>Google Books<\/a><\/strong><br \/>&nbsp;<\/p>\n<hr \/>\n<p>\u00cen 2022 se \u00eemplinesc 160 de ani de la na\u0219terea lui Al. Davila, prim reformator al teatrului rom\u00e2nesc \u00een \u201esecolul regiei\u201d. Precursoare ale mult mai cunoscutelor studii semnate de Camil Petrescu, Mihail Sebastian sau Haig Acterian, eseurile teatrale ale lui Davila au lansat o manier\u0103 stilistic\u0103 pasionat\u0103 \u0219i mu\u0219c\u0103toare, care va genera discursul critic al genera\u021biei interbelice. Urm\u0103rite de acela\u0219i ghinion ca \u0219i sclipitorul lor autor, pu\u021bine dintre aceste scrieri mai sunt azi cunoscute. Scrisori c\u0103tre actorul X sunt deopotriv\u0103 un document de epoc\u0103 \u0219i un compendiu de art\u0103 dramatic\u0103 a\u0219a cum era ea \u00een\u021beleas\u0103 cu un secol \u00een urm\u0103. Puse \u00een lumina istoric\u0103 adecvat\u0103, ele ne pot ajuta s\u0103 reconstruim modernitatea teatral\u0103 rom\u00e2neasc\u0103.<\/p>\n","protected":false},"featured_media":37877,"comment_status":"open","ping_status":"closed","template":"","meta":[],"product_brand":[],"product_cat":[3823,851,1464],"product_tag":[3909,1071,1339],"class_list":{"0":"post-37876","1":"product","2":"type-product","3":"status-publish","4":"has-post-thumbnail","6":"product_cat-stiinte-umane","7":"product_cat-cesi-text-imagine","8":"product_cat-filologie","9":"product_tag-arta-dramatica","10":"product_tag-eseuri","11":"product_tag-teatru","13":"first","14":"instock","15":"shipping-taxable","16":"purchasable","17":"product-type-simple"},"_links":{"self":[{"href":"https:\/\/editura-unibuc.ro\/en\/wp-json\/wp\/v2\/product\/37876","targetHints":{"allow":["GET"]}}],"collection":[{"href":"https:\/\/editura-unibuc.ro\/en\/wp-json\/wp\/v2\/product"}],"about":[{"href":"https:\/\/editura-unibuc.ro\/en\/wp-json\/wp\/v2\/types\/product"}],"replies":[{"embeddable":true,"href":"https:\/\/editura-unibuc.ro\/en\/wp-json\/wp\/v2\/comments?post=37876"}],"wp:featuredmedia":[{"embeddable":true,"href":"https:\/\/editura-unibuc.ro\/en\/wp-json\/wp\/v2\/media\/37877"}],"wp:attachment":[{"href":"https:\/\/editura-unibuc.ro\/en\/wp-json\/wp\/v2\/media?parent=37876"}],"wp:term":[{"taxonomy":"product_brand","embeddable":true,"href":"https:\/\/editura-unibuc.ro\/en\/wp-json\/wp\/v2\/product_brand?post=37876"},{"taxonomy":"product_cat","embeddable":true,"href":"https:\/\/editura-unibuc.ro\/en\/wp-json\/wp\/v2\/product_cat?post=37876"},{"taxonomy":"product_tag","embeddable":true,"href":"https:\/\/editura-unibuc.ro\/en\/wp-json\/wp\/v2\/product_tag?post=37876"}],"curies":[{"name":"wp","href":"https:\/\/api.w.org\/{rel}","templated":true}]}}