{"id":3793,"date":"2012-11-14T09:34:25","date_gmt":"2012-11-14T06:34:25","guid":{"rendered":"https:\/\/editura-unibuc.ro\/?p=3793"},"modified":"2022-04-20T22:11:07","modified_gmt":"2022-04-20T19:11:07","slug":"fundamente-de-teoria-nucleului-editia-a-doua","status":"publish","type":"product","link":"https:\/\/editura-unibuc.ro\/en\/fundamente-de-teoria-nucleului-editia-a-doua\/","title":{"rendered":"BASIC PRINCIPLES IN NUCLEUS THEORY (second edition)"},"content":{"rendered":"<p>Aflat\u0103 la a doua edi\u021bie, cartea prezint\u0103 \u00eentr-o manier\u0103 selfconsistent\u0103 c\u00e2teva capitole fundamentale ale fizicii nucleare teoretice. O bun\u0103 parte con\u021bine cursul de Teoria Nucleului pe care A.A.R\u0103du\u021b\u0103 \u00eel \u021bine la Facultatea de Fizic\u0103 a Universit\u0103\u021bii Bucure\u0219ti. \u00cen cele peste 600 de pagini, autorii au furnizat demonstra\u021bii complete, cu scopul de a stimula studen\u021bii \u0219i cercet\u0103torii de a folosi argumentele teoretice pentru explicarea rezultatelor experimentale.<\/p>\n","protected":false},"excerpt":{"rendered":"<p>Aflat\u0103 la a doua edi\u021bie, cartea prezint\u0103 \u00eentr-o manier\u0103 selfconsistent\u0103 c\u00e2teva capitole fundamentale ale fizicii nucleare teoretice. O bun\u0103 parte con\u021bine cursul de Teoria Nucleului pe care A.A.R\u0103du\u021b\u0103 \u00eel \u021bine la Facultatea de Fizic\u0103 a Universit\u0103\u021bii Bucure\u0219ti. \u00cen cele peste 600 de pagini, autorii au furnizat demonstra\u021bii complete, cu scopul de a stimula studen\u021bii \u0219i [&hellip;]<\/p>\n","protected":false},"featured_media":9333,"comment_status":"open","ping_status":"closed","template":"","meta":[],"product_brand":[],"product_cat":[982,984],"product_tag":[908,1313],"class_list":{"0":"post-3793","1":"product","2":"type-product","3":"status-publish","4":"has-post-thumbnail","6":"product_cat-stiinte-exacte","7":"product_cat-fizica","8":"product_tag-fizica","9":"product_tag-nuclear","11":"first","12":"outofstock","13":"shipping-taxable","14":"purchasable","15":"product-type-simple"},"_links":{"self":[{"href":"https:\/\/editura-unibuc.ro\/en\/wp-json\/wp\/v2\/product\/3793","targetHints":{"allow":["GET"]}}],"collection":[{"href":"https:\/\/editura-unibuc.ro\/en\/wp-json\/wp\/v2\/product"}],"about":[{"href":"https:\/\/editura-unibuc.ro\/en\/wp-json\/wp\/v2\/types\/product"}],"replies":[{"embeddable":true,"href":"https:\/\/editura-unibuc.ro\/en\/wp-json\/wp\/v2\/comments?post=3793"}],"wp:featuredmedia":[{"embeddable":true,"href":"https:\/\/editura-unibuc.ro\/en\/wp-json\/wp\/v2\/media\/9333"}],"wp:attachment":[{"href":"https:\/\/editura-unibuc.ro\/en\/wp-json\/wp\/v2\/media?parent=3793"}],"wp:term":[{"taxonomy":"product_brand","embeddable":true,"href":"https:\/\/editura-unibuc.ro\/en\/wp-json\/wp\/v2\/product_brand?post=3793"},{"taxonomy":"product_cat","embeddable":true,"href":"https:\/\/editura-unibuc.ro\/en\/wp-json\/wp\/v2\/product_cat?post=3793"},{"taxonomy":"product_tag","embeddable":true,"href":"https:\/\/editura-unibuc.ro\/en\/wp-json\/wp\/v2\/product_tag?post=3793"}],"curies":[{"name":"wp","href":"https:\/\/api.w.org\/{rel}","templated":true}]}}