{"id":3812,"date":"2012-11-14T11:50:25","date_gmt":"2012-11-14T08:50:25","guid":{"rendered":"https:\/\/editura-unibuc.ro\/?p=3812"},"modified":"2024-04-11T14:27:57","modified_gmt":"2024-04-11T11:27:57","slug":"neprocedural-in-oracle10g-sql","status":"publish","type":"product","link":"https:\/\/editura-unibuc.ro\/en\/neprocedural-in-oracle10g-sql\/","title":{"rendered":"NONPROCEDURAL IN ORACLE10G. SQL"},"content":{"rendered":"<p>Lucrarea prezint\u0103 problematicile <strong>SQL<\/strong>, cu referire la sistemul <strong>Oracle10g<\/strong>, pun\u00e2ndu-se \u00een eviden\u021b\u0103 elementele specifice ale acestei versiuni. Sunt studiate at\u00e2t aspectele esen\u021biale, c\u00e2t \u0219i caracteristicile particulare ale trat\u0103rii neprocedurale a informa\u021biei. Prezentarea limbajului este \u00eenso\u021bit\u0103 de exemple edificatoare. Cartea se adreseaz\u0103 studen\u021bilor, masteranzilor \u0219i speciali\u0219tilor care interac\u021bioneaz\u0103 cu domeniul bazelor de date.<\/p>\n","protected":false},"excerpt":{"rendered":"<p>Lucrarea prezint\u0103 problematicile SQL, cu referire la sistemul Oracle10g, pun\u00e2ndu-se \u00een eviden\u021b\u0103 elementele specifice ale acestei versiuni. Sunt studiate at\u00e2t aspectele esen\u021biale, c\u00e2t \u0219i caracteristicile particulare ale trat\u0103rii neprocedurale a informa\u021biei. Prezentarea limbajului este \u00eenso\u021bit\u0103 de exemple edificatoare. Cartea se adreseaz\u0103 studen\u021bilor, masteranzilor \u0219i speciali\u0219tilor care interac\u021bioneaz\u0103 cu domeniul bazelor de date.<\/p>\n","protected":false},"featured_media":9324,"comment_status":"open","ping_status":"closed","template":"","meta":[],"product_brand":[],"product_cat":[982,985],"product_tag":[899],"class_list":{"0":"post-3812","1":"product","2":"type-product","3":"status-publish","4":"has-post-thumbnail","6":"product_cat-stiinte-exacte","7":"product_cat-informatica","8":"product_tag-informatica","10":"first","11":"instock","12":"shipping-taxable","13":"purchasable","14":"product-type-simple"},"_links":{"self":[{"href":"https:\/\/editura-unibuc.ro\/en\/wp-json\/wp\/v2\/product\/3812","targetHints":{"allow":["GET"]}}],"collection":[{"href":"https:\/\/editura-unibuc.ro\/en\/wp-json\/wp\/v2\/product"}],"about":[{"href":"https:\/\/editura-unibuc.ro\/en\/wp-json\/wp\/v2\/types\/product"}],"replies":[{"embeddable":true,"href":"https:\/\/editura-unibuc.ro\/en\/wp-json\/wp\/v2\/comments?post=3812"}],"wp:featuredmedia":[{"embeddable":true,"href":"https:\/\/editura-unibuc.ro\/en\/wp-json\/wp\/v2\/media\/9324"}],"wp:attachment":[{"href":"https:\/\/editura-unibuc.ro\/en\/wp-json\/wp\/v2\/media?parent=3812"}],"wp:term":[{"taxonomy":"product_brand","embeddable":true,"href":"https:\/\/editura-unibuc.ro\/en\/wp-json\/wp\/v2\/product_brand?post=3812"},{"taxonomy":"product_cat","embeddable":true,"href":"https:\/\/editura-unibuc.ro\/en\/wp-json\/wp\/v2\/product_cat?post=3812"},{"taxonomy":"product_tag","embeddable":true,"href":"https:\/\/editura-unibuc.ro\/en\/wp-json\/wp\/v2\/product_tag?post=3812"}],"curies":[{"name":"wp","href":"https:\/\/api.w.org\/{rel}","templated":true}]}}