{"id":3833,"date":"2012-11-14T12:58:54","date_gmt":"2012-11-14T09:58:54","guid":{"rendered":"https:\/\/editura-unibuc.ro\/?p=3833"},"modified":"2015-03-13T17:09:15","modified_gmt":"2015-03-13T15:09:15","slug":"matematici-speciale-cu-aplicatii","status":"publish","type":"product","link":"https:\/\/editura-unibuc.ro\/en\/matematici-speciale-cu-aplicatii\/","title":{"rendered":"SPECIAL MATHEMATICS WITH APPLICATIONS"},"content":{"rendered":"<p>Lucrarea profesoarei Georgeta Mihnea este structurat\u0103 \u00een cinci capitole: Teoria c\u00e2mpurilor, Serii Fourier, Ecua\u021bii cu derivate par\u021biale de ordinul al doilea, Func\u021bii speciale uzuale, Func\u021bii Bessel. Fiecare subcapitol prezint\u0103 demonstra\u021bii la problemele de matematic\u0103 aplicat\u0103. Studen\u021bii au la \u00eendem\u00e2n\u0103 un mijloc practic de a \u00een\u021belege c\u00e2mpurile scalare, fluxul unui c\u00e2mp vectorial, formule integrale prezentate vectorial, productivitatea (propriet\u0103\u021bile) unei surse vectoriale etc.<\/p>","protected":false},"excerpt":{"rendered":"<p>Lucrarea profesoarei Georgeta Mihnea este structurat\u0103 \u00een cinci capitole: Teoria c\u00e2mpurilor, Serii Fourier, Ecua\u021bii cu derivate par\u021biale de ordinul al doilea, Func\u021bii speciale uzuale, Func\u021bii Bessel. Fiecare subcapitol prezint\u0103 demonstra\u021bii la problemele de matematic\u0103 aplicat\u0103. Studen\u021bii au la \u00eendem\u00e2n\u0103 un mijloc practic de a \u00een\u021belege c\u00e2mpurile scalare, fluxul unui c\u00e2mp vectorial, formule integrale prezentate vectorial, [&hellip;]<\/p>\n","protected":false},"featured_media":0,"comment_status":"open","ping_status":"closed","template":"","meta":[],"product_brand":[],"product_cat":[982,986],"product_tag":[898],"class_list":{"0":"post-3833","1":"product","2":"type-product","3":"status-publish","5":"product_cat-stiinte-exacte","6":"product_cat-matematica","7":"product_tag-matematica","9":"first","10":"instock","11":"shipping-taxable","12":"purchasable","13":"product-type-simple"},"_links":{"self":[{"href":"https:\/\/editura-unibuc.ro\/en\/wp-json\/wp\/v2\/product\/3833","targetHints":{"allow":["GET"]}}],"collection":[{"href":"https:\/\/editura-unibuc.ro\/en\/wp-json\/wp\/v2\/product"}],"about":[{"href":"https:\/\/editura-unibuc.ro\/en\/wp-json\/wp\/v2\/types\/product"}],"replies":[{"embeddable":true,"href":"https:\/\/editura-unibuc.ro\/en\/wp-json\/wp\/v2\/comments?post=3833"}],"wp:attachment":[{"href":"https:\/\/editura-unibuc.ro\/en\/wp-json\/wp\/v2\/media?parent=3833"}],"wp:term":[{"taxonomy":"product_brand","embeddable":true,"href":"https:\/\/editura-unibuc.ro\/en\/wp-json\/wp\/v2\/product_brand?post=3833"},{"taxonomy":"product_cat","embeddable":true,"href":"https:\/\/editura-unibuc.ro\/en\/wp-json\/wp\/v2\/product_cat?post=3833"},{"taxonomy":"product_tag","embeddable":true,"href":"https:\/\/editura-unibuc.ro\/en\/wp-json\/wp\/v2\/product_tag?post=3833"}],"curies":[{"name":"wp","href":"https:\/\/api.w.org\/{rel}","templated":true}]}}