{"id":38353,"date":"2023-05-12T09:45:49","date_gmt":"2023-05-12T06:45:49","guid":{"rendered":"https:\/\/editura-unibuc.ro\/?post_type=product&#038;p=38353"},"modified":"2025-12-15T13:05:50","modified_gmt":"2025-12-15T11:05:50","slug":"civilizatie-algoritmica-si-viata-in-lumea-digitala","status":"publish","type":"product","link":"https:\/\/editura-unibuc.ro\/en\/civilizatie-algoritmica-si-viata-in-lumea-digitala\/","title":{"rendered":"CIVILIZA\u021aIE ALGORITMIC\u0102 \u0218I VIA\u021aA \u00ceN LUMEA DIGITAL\u0102"},"content":{"rendered":"","protected":false},"excerpt":{"rendered":"<hr \/>\n<p><strong><a href=\"https:\/\/books.google.ro\/books\/about?id=42PAEAAAQBAJ&#038;redir_esc=y\" target=\"_blank\" rel=\"noopener\"><img decoding=\"async\" src=\"https:\/\/editura-unibuc.ro\/wp-content\/uploads\/2025\/04\/goo.png\" \/>Google Books<\/a><\/strong><br \/>&nbsp;<\/p>\n<hr \/>\n<p>Tr\u0103im, de pu\u021bin\u0103 vreme, la scara istoriei, \u00eentr-o civiliza\u021bie algoritmic\u0103 digital\u0103, \u00een care procesele vie\u021bii biologice \u0219i sociale sunt integrate prin procese computa\u021bionale, \u00eentr-un ocean ambiental de date \u0219i informa\u021bie. Aceast\u0103 lume nou\u0103 sau acest nou stadiu civiliza\u021bional este un cadru de supervenien\u021b\u0103 pentru o diversitate de culturi \u0219i practici, \u00een continu\u0103 expansiune \u0219i multiplicare, cu<br \/>\no dinamic\u0103 antropologic\u0103 uimitoare. Contrar a ceea ce s-a crezut, computerele<br \/>\n\u0219i digitalul \u00een genere nu au adus o unificare \u0219i nivelare, chiar dac\u0103 ac\u021biunea algoritmic\u0103, prin care se guverneaz\u0103 lumea existen\u021belor noastre umane, este una universal\u0103. Dar aceast\u0103 lume a existen\u021bei contemporane nu este lipsit\u0103 de pericole, provoc\u0103ri, riscuri, dezordine sau antagonisme. Iar pentru acestea exist\u0103 dintotdeauna o terapeutic\u0103 eficace: filosofia.<\/p>\n<p>Cartea se a\u0219az\u0103 la intersec\u021bia dintre filosofie \u0219i etic\u0103, mai ales practic\u0103, antropologie, istorie \u0219i studiul noilor medii de informare \u0219i comunicare.<\/p>\n","protected":false},"featured_media":38354,"comment_status":"open","ping_status":"closed","template":"","meta":[],"product_brand":[],"product_cat":[3823,3103,2530],"product_tag":[],"class_list":{"0":"post-38353","1":"product","2":"type-product","3":"status-publish","4":"has-post-thumbnail","6":"product_cat-stiinte-umane","7":"product_cat-fara-categorie","8":"product_cat-filosofie-practica","10":"first","11":"instock","12":"downloadable","13":"shipping-taxable","14":"product-type-simple"},"_links":{"self":[{"href":"https:\/\/editura-unibuc.ro\/en\/wp-json\/wp\/v2\/product\/38353","targetHints":{"allow":["GET"]}}],"collection":[{"href":"https:\/\/editura-unibuc.ro\/en\/wp-json\/wp\/v2\/product"}],"about":[{"href":"https:\/\/editura-unibuc.ro\/en\/wp-json\/wp\/v2\/types\/product"}],"replies":[{"embeddable":true,"href":"https:\/\/editura-unibuc.ro\/en\/wp-json\/wp\/v2\/comments?post=38353"}],"wp:featuredmedia":[{"embeddable":true,"href":"https:\/\/editura-unibuc.ro\/en\/wp-json\/wp\/v2\/media\/38354"}],"wp:attachment":[{"href":"https:\/\/editura-unibuc.ro\/en\/wp-json\/wp\/v2\/media?parent=38353"}],"wp:term":[{"taxonomy":"product_brand","embeddable":true,"href":"https:\/\/editura-unibuc.ro\/en\/wp-json\/wp\/v2\/product_brand?post=38353"},{"taxonomy":"product_cat","embeddable":true,"href":"https:\/\/editura-unibuc.ro\/en\/wp-json\/wp\/v2\/product_cat?post=38353"},{"taxonomy":"product_tag","embeddable":true,"href":"https:\/\/editura-unibuc.ro\/en\/wp-json\/wp\/v2\/product_tag?post=38353"}],"curies":[{"name":"wp","href":"https:\/\/api.w.org\/{rel}","templated":true}]}}