{"id":3844,"date":"2012-11-14T13:46:15","date_gmt":"2012-11-14T10:46:15","guid":{"rendered":"https:\/\/editura-unibuc.ro\/?p=3844"},"modified":"2016-02-18T15:12:17","modified_gmt":"2016-02-18T13:12:17","slug":"probleme-de-teoria-grupurilor-definitii-teoria-sub-forma-de-probleme-exemple-si-exercitii-rezolvate-vol-i","status":"publish","type":"product","link":"https:\/\/editura-unibuc.ro\/en\/probleme-de-teoria-grupurilor-definitii-teoria-sub-forma-de-probleme-exemple-si-exercitii-rezolvate-vol-i\/","title":{"rendered":"QUESTIONS OF GROUPS THEORY. DEFINITIONS, QUESTION-SHAPED THEORY, EXAMPLES AND SOLVED EXERCISES \u2013 VOL. I"},"content":{"rendered":"<p>Lucrarea profesorului de la Facultatea de Matematic\u0103 (primul volum), Constantin Vraciu, prezint\u0103 teoria grupurilor la nivelul clasei terminale de liceu \u0219i al anului I al Facult\u0103\u021bii de Matematic\u0103-Informatic\u0103. Volumul este considerat un manual complet, care prezint\u0103 at\u00e2t teoria, c\u00e2t \u0219i exemplele aferente sau exerci\u021biile de rutin\u0103 \u00eentr-un mod unitar. Fiecare capitol are dou\u0103 p\u0103r\u021bi. O parte intitulat\u0103 \u201eenun\u021buri\u201d con\u021bine defini\u021biile aferente teoriei, teoremele \u0219i rezultatele clasice ale teoriei sub form\u0103 de probleme. Partea a doua con\u021bine rezolv\u0103rile complete ale problemelor \u0219i exerci\u021biilor din primul capitol.<\/p>\n","protected":false},"excerpt":{"rendered":"<p>Lucrarea profesorului de la Facultatea de Matematic\u0103 (primul volum), Constantin Vraciu, prezint\u0103 teoria grupurilor la nivelul clasei terminale de liceu \u0219i al anului I al Facult\u0103\u021bii de Matematic\u0103-Informatic\u0103. Volumul este considerat un manual complet, care prezint\u0103 at\u00e2t teoria, c\u00e2t \u0219i exemplele aferente sau exerci\u021biile de rutin\u0103 \u00eentr-un mod unitar. Fiecare capitol are dou\u0103 p\u0103r\u021bi. O [&hellip;]<\/p>\n","protected":false},"featured_media":9313,"comment_status":"open","ping_status":"closed","template":"","meta":[],"product_brand":[],"product_cat":[982,986],"product_tag":[898],"class_list":{"0":"post-3844","1":"product","2":"type-product","3":"status-publish","4":"has-post-thumbnail","6":"product_cat-stiinte-exacte","7":"product_cat-matematica","8":"product_tag-matematica","10":"first","11":"outofstock","12":"shipping-taxable","13":"purchasable","14":"product-type-simple"},"_links":{"self":[{"href":"https:\/\/editura-unibuc.ro\/en\/wp-json\/wp\/v2\/product\/3844","targetHints":{"allow":["GET"]}}],"collection":[{"href":"https:\/\/editura-unibuc.ro\/en\/wp-json\/wp\/v2\/product"}],"about":[{"href":"https:\/\/editura-unibuc.ro\/en\/wp-json\/wp\/v2\/types\/product"}],"replies":[{"embeddable":true,"href":"https:\/\/editura-unibuc.ro\/en\/wp-json\/wp\/v2\/comments?post=3844"}],"wp:featuredmedia":[{"embeddable":true,"href":"https:\/\/editura-unibuc.ro\/en\/wp-json\/wp\/v2\/media\/9313"}],"wp:attachment":[{"href":"https:\/\/editura-unibuc.ro\/en\/wp-json\/wp\/v2\/media?parent=3844"}],"wp:term":[{"taxonomy":"product_brand","embeddable":true,"href":"https:\/\/editura-unibuc.ro\/en\/wp-json\/wp\/v2\/product_brand?post=3844"},{"taxonomy":"product_cat","embeddable":true,"href":"https:\/\/editura-unibuc.ro\/en\/wp-json\/wp\/v2\/product_cat?post=3844"},{"taxonomy":"product_tag","embeddable":true,"href":"https:\/\/editura-unibuc.ro\/en\/wp-json\/wp\/v2\/product_tag?post=3844"}],"curies":[{"name":"wp","href":"https:\/\/api.w.org\/{rel}","templated":true}]}}