{"id":3853,"date":"2012-11-14T14:06:49","date_gmt":"2012-11-14T11:06:49","guid":{"rendered":"https:\/\/editura-unibuc.ro\/?p=3853"},"modified":"2016-02-18T15:12:16","modified_gmt":"2016-02-18T13:12:16","slug":"elemente-de-analiza-matematica","status":"publish","type":"product","link":"https:\/\/editura-unibuc.ro\/en\/elemente-de-analiza-matematica\/","title":{"rendered":"ELEMENTS OF MATHEMATICAL ANALYSIS"},"content":{"rendered":"<p>\u00cen opinia autorilor, analiza matematic\u0103 este o compnent\u0103 esen\u021bial\u0103 a aparatului matematic implicat \u00een modelele teoretice utilizate \u00een fizic\u0103. \u201eNu este posibil\u0103 o descriere adecvat\u0103 sistemelor fizice \u0219i \u00een\u021belegerea proceselor care au loc f\u0103r\u0103 cunoa\u0219terea analizei matematice\u201d, subliniza\u0103 autorii. Astfel, no\u021biunile \u0219i rezultatele noi sunt prezentate ca extinderi ale unora studiate anterior. Cartea se bazeaz\u0103 pe cursul predat timp de mai mul\u021bi ani de primul autor la Facultatea de Fizic\u0103, Universitatea Bucure\u0219ti.<\/p>\n","protected":false},"excerpt":{"rendered":"<p>\u00cen opinia autorilor, analiza matematic\u0103 este o compnent\u0103 esen\u021bial\u0103 a aparatului matematic implicat \u00een modelele teoretice utilizate \u00een fizic\u0103. \u201eNu este posibil\u0103 o descriere adecvat\u0103 sistemelor fizice \u0219i \u00een\u021belegerea proceselor care au loc f\u0103r\u0103 cunoa\u0219terea analizei matematice\u201d, subliniza\u0103 autorii. Astfel, no\u021biunile \u0219i rezultatele noi sunt prezentate ca extinderi ale unora studiate anterior. Cartea se bazeaz\u0103 [&hellip;]<\/p>\n","protected":false},"featured_media":9309,"comment_status":"open","ping_status":"closed","template":"","meta":[],"product_brand":[],"product_cat":[982,986],"product_tag":[898],"class_list":{"0":"post-3853","1":"product","2":"type-product","3":"status-publish","4":"has-post-thumbnail","6":"product_cat-stiinte-exacte","7":"product_cat-matematica","8":"product_tag-matematica","10":"first","11":"outofstock","12":"shipping-taxable","13":"purchasable","14":"product-type-simple"},"_links":{"self":[{"href":"https:\/\/editura-unibuc.ro\/en\/wp-json\/wp\/v2\/product\/3853","targetHints":{"allow":["GET"]}}],"collection":[{"href":"https:\/\/editura-unibuc.ro\/en\/wp-json\/wp\/v2\/product"}],"about":[{"href":"https:\/\/editura-unibuc.ro\/en\/wp-json\/wp\/v2\/types\/product"}],"replies":[{"embeddable":true,"href":"https:\/\/editura-unibuc.ro\/en\/wp-json\/wp\/v2\/comments?post=3853"}],"wp:featuredmedia":[{"embeddable":true,"href":"https:\/\/editura-unibuc.ro\/en\/wp-json\/wp\/v2\/media\/9309"}],"wp:attachment":[{"href":"https:\/\/editura-unibuc.ro\/en\/wp-json\/wp\/v2\/media?parent=3853"}],"wp:term":[{"taxonomy":"product_brand","embeddable":true,"href":"https:\/\/editura-unibuc.ro\/en\/wp-json\/wp\/v2\/product_brand?post=3853"},{"taxonomy":"product_cat","embeddable":true,"href":"https:\/\/editura-unibuc.ro\/en\/wp-json\/wp\/v2\/product_cat?post=3853"},{"taxonomy":"product_tag","embeddable":true,"href":"https:\/\/editura-unibuc.ro\/en\/wp-json\/wp\/v2\/product_tag?post=3853"}],"curies":[{"name":"wp","href":"https:\/\/api.w.org\/{rel}","templated":true}]}}