{"id":38586,"date":"2023-05-24T14:13:23","date_gmt":"2023-05-24T11:13:23","guid":{"rendered":"https:\/\/editura-unibuc.ro\/?post_type=product&#038;p=38586"},"modified":"2025-05-13T10:03:52","modified_gmt":"2025-05-13T07:03:52","slug":"strategii-de-construire-a-identitatii-europene-in-discursul-diplomatic-romanesc","status":"publish","type":"product","link":"https:\/\/editura-unibuc.ro\/en\/strategii-de-construire-a-identitatii-europene-in-discursul-diplomatic-romanesc\/","title":{"rendered":"STRATEGII DE CONSTRUIRE A IDENTIT\u0102\u021aII EUROPENE \u00ceN DISCURSUL DIPLOMATIC ROM\u00c2NESC"},"content":{"rendered":"","protected":false},"excerpt":{"rendered":"<hr \/>\n<p><strong><a href=\"https:\/\/books.google.ro\/books\/about?id=CHbAEAAAQBAJ&#038;redir_esc=y\" target=\"_blank\" rel=\"noopener\"><img decoding=\"async\" src=\"https:\/\/editura-unibuc.ro\/wp-content\/uploads\/2025\/04\/goo.png\" \/>Google Books<\/a><\/strong><br \/>&nbsp;<\/p>\n<hr \/>\n<p>Pun\u00e2nd \u00een rela\u021bie metodele Analizei Critice a Discursului (ACD) cu teoria constructivist\u0103 a rela\u021biilor interna\u021bionale, lucrarea de fa\u021b\u0103 propune un model tripartit de analiz\u0103 a mijloacelor de construire a identit\u0103\u021bii europene \u00een discursul diplomatic rom\u00e2nesc actual. Identitatea european\u0103 (aparent, obiect de reflec\u021bie <em>in abstracto<\/em>), se proiecteaz\u0103 discursiv prin construirea unui spa\u021biu polifonic (simultan consensual \u0219i plural) de \u201eunitate \u00een diversitate\u201d, prin strategii de protejare a valorilor democratice, dar \u0219i prin marcatori textuali definitorii pentru transformarea fizionomiei \u0219i a filosofiei frontierei: de la frontiera-linie care desparte \u0219i care opune, la frontiera care une\u0219te; de la frontiera care \u00eengr\u0103de\u0219te, la frontiera care comunic\u0103; de la frontiera care filtreaz\u0103, la frontiera care integreaz\u0103. At\u00e2t frontierele, c\u00e2t \u0219i identit\u0103\u021bile sunt \u00een\u021belese \u0219i integrate, \u00een prezentul studiu, \u00een dimensiunea lor fluid\u0103, deschis\u0103, dinamic\u0103.<br \/>\nCorina POPA este doctor \u00een filologie \u0219i urmeaz\u0103 al doilea program de doctorat \u00een studii culturale. \u00cen prezent, este lector asociat al Centrului de Excelen\u021b\u0103 \u00een Studiul Imaginii, Facultatea de Litere, Universitatea din Bucure\u0219ti. Experien\u021ba sa profesional\u0103 este str\u00e2ns legat\u0103 de domeniul educa\u021biei \u0219i al cercet\u0103rii, fiind, de-a lungul timpului, purt\u0103toare de cuv\u00e2nt a Ministerului Educa\u021biei (oct. 2022 &#8211; ian. 2023), consilier\u0103 la Departamentul Educa\u021bie \u0219i Cercetare al Administra\u021biei Preziden\u021biale (2021-2022), expert\u0103 \u00een etic\u0103 universitar\u0103 \u00een cadrul UEFISCDI (2021-2022) \u0219i consilier\u0103 pe probleme de educa\u021bie la Parlamentul Rom\u00e2niei (2019-2021). <\/p>\n","protected":false},"featured_media":38590,"comment_status":"open","ping_status":"closed","template":"","meta":[],"product_brand":[],"product_cat":[1531,851,995,997],"product_tag":[],"class_list":{"0":"post-38586","1":"product","2":"type-product","3":"status-publish","4":"has-post-thumbnail","6":"product_cat-colectii","7":"product_cat-cesi-text-imagine","8":"product_cat-istorie-stiinte-politice","9":"product_cat-psihologie-stiintele-educatiei-si-pedagogie","11":"first","12":"instock","13":"shipping-taxable","14":"purchasable","15":"product-type-simple"},"_links":{"self":[{"href":"https:\/\/editura-unibuc.ro\/en\/wp-json\/wp\/v2\/product\/38586","targetHints":{"allow":["GET"]}}],"collection":[{"href":"https:\/\/editura-unibuc.ro\/en\/wp-json\/wp\/v2\/product"}],"about":[{"href":"https:\/\/editura-unibuc.ro\/en\/wp-json\/wp\/v2\/types\/product"}],"replies":[{"embeddable":true,"href":"https:\/\/editura-unibuc.ro\/en\/wp-json\/wp\/v2\/comments?post=38586"}],"wp:featuredmedia":[{"embeddable":true,"href":"https:\/\/editura-unibuc.ro\/en\/wp-json\/wp\/v2\/media\/38590"}],"wp:attachment":[{"href":"https:\/\/editura-unibuc.ro\/en\/wp-json\/wp\/v2\/media?parent=38586"}],"wp:term":[{"taxonomy":"product_brand","embeddable":true,"href":"https:\/\/editura-unibuc.ro\/en\/wp-json\/wp\/v2\/product_brand?post=38586"},{"taxonomy":"product_cat","embeddable":true,"href":"https:\/\/editura-unibuc.ro\/en\/wp-json\/wp\/v2\/product_cat?post=38586"},{"taxonomy":"product_tag","embeddable":true,"href":"https:\/\/editura-unibuc.ro\/en\/wp-json\/wp\/v2\/product_tag?post=38586"}],"curies":[{"name":"wp","href":"https:\/\/api.w.org\/{rel}","templated":true}]}}