{"id":3871,"date":"2012-11-14T15:23:53","date_gmt":"2012-11-14T12:23:53","guid":{"rendered":"https:\/\/editura-unibuc.ro\/?p=3871"},"modified":"2016-02-18T15:12:14","modified_gmt":"2016-02-18T13:12:14","slug":"ecuatii-cu-derivate-partiale","status":"publish","type":"product","link":"https:\/\/editura-unibuc.ro\/en\/ecuatii-cu-derivate-partiale\/","title":{"rendered":"EQUATIONS WITH PARTIAL DIFFERENTIALS"},"content":{"rendered":"<p>Exemple de ecua\u021bii cu derivate par\u021biale au ap\u0103rut de timpuriu, \u00eenc\u0103 de la descoperirea calculului diferen\u021bial \u0219i integral la sf\u00e2r\u0219itul veacului al XVII-lea, \u00een lucr\u0103rile lui Newton \u0219i Leibniz. Studiul lor sistematic este \u00eenceput \u00eens\u0103 de c\u0103tre Euler. Chiar din acea vreme teoria ecua\u021biilor diferen\u021biale cu derivate par\u021biale ocup\u0103 un loc central \u00een cadrul analizei matematice, \u00een principal datorit\u0103 conexiunilor sale directe cu fizica \u0219i alte \u0219tiin\u021be ale naturii, dar \u0219i datorit\u0103 rolului s\u0103u \u00een geometrie. De atunci progresele \u00een domeniu au fost profunde, chiar impresionante \u0219i extrem de diverse, fiind legate de numele unora dintre cei mai de seam\u0103 matematicieni cum ar fi (\u00eentr-o ordine, oarecum aproximativ\u0103, cu caracter mai degrab\u0103 istoric): J. D\u2019Alembert, D. Bernoulli, L. Euler, J. Lagrange, P.S. Laplace, S.D. Poisson, K.F. Gauss, G. Green, J.B. Fourier, A. Cauchy, B. Riemann, L. P. Dirichlet, K. Weierstrass, K. Neumann, H. Poincar\u00e9, D. Hilbert, iar enumerarea ar putea continua cu majoritatea numelor mari de matematicieni din veacul al XX-lea, dintre ace\u0219tia amintind (doar) pe H. Lebesgue, J. Hadamard, J. P. Schauder, I. Petrovski, R. Courant, S. L. Sobolev, L. Schwartz, L. G\u00e5rding, L. H\u00f6rmander.<\/p>\n","protected":false},"excerpt":{"rendered":"<p>Exemple de ecua\u021bii cu derivate par\u021biale au ap\u0103rut de timpuriu, \u00eenc\u0103 de la descoperirea calculului diferen\u021bial \u0219i integral la sf\u00e2r\u0219itul veacului al XVII-lea, \u00een lucr\u0103rile lui Newton \u0219i Leibniz. Studiul lor sistematic este \u00eenceput \u00eens\u0103 de c\u0103tre Euler. Chiar din acea vreme teoria ecua\u021biilor diferen\u021biale cu derivate par\u021biale ocup\u0103 un loc central \u00een cadrul analizei [&hellip;]<\/p>\n","protected":false},"featured_media":9301,"comment_status":"open","ping_status":"closed","template":"","meta":[],"product_brand":[],"product_cat":[982,986],"product_tag":[898],"class_list":{"0":"post-3871","1":"product","2":"type-product","3":"status-publish","4":"has-post-thumbnail","6":"product_cat-stiinte-exacte","7":"product_cat-matematica","8":"product_tag-matematica","10":"first","11":"outofstock","12":"shipping-taxable","13":"purchasable","14":"product-type-simple"},"_links":{"self":[{"href":"https:\/\/editura-unibuc.ro\/en\/wp-json\/wp\/v2\/product\/3871","targetHints":{"allow":["GET"]}}],"collection":[{"href":"https:\/\/editura-unibuc.ro\/en\/wp-json\/wp\/v2\/product"}],"about":[{"href":"https:\/\/editura-unibuc.ro\/en\/wp-json\/wp\/v2\/types\/product"}],"replies":[{"embeddable":true,"href":"https:\/\/editura-unibuc.ro\/en\/wp-json\/wp\/v2\/comments?post=3871"}],"wp:featuredmedia":[{"embeddable":true,"href":"https:\/\/editura-unibuc.ro\/en\/wp-json\/wp\/v2\/media\/9301"}],"wp:attachment":[{"href":"https:\/\/editura-unibuc.ro\/en\/wp-json\/wp\/v2\/media?parent=3871"}],"wp:term":[{"taxonomy":"product_brand","embeddable":true,"href":"https:\/\/editura-unibuc.ro\/en\/wp-json\/wp\/v2\/product_brand?post=3871"},{"taxonomy":"product_cat","embeddable":true,"href":"https:\/\/editura-unibuc.ro\/en\/wp-json\/wp\/v2\/product_cat?post=3871"},{"taxonomy":"product_tag","embeddable":true,"href":"https:\/\/editura-unibuc.ro\/en\/wp-json\/wp\/v2\/product_tag?post=3871"}],"curies":[{"name":"wp","href":"https:\/\/api.w.org\/{rel}","templated":true}]}}