{"id":38766,"date":"2023-06-08T12:21:34","date_gmt":"2023-06-08T09:21:34","guid":{"rendered":"https:\/\/editura-unibuc.ro\/?post_type=product&#038;p=38766"},"modified":"2025-05-08T12:48:10","modified_gmt":"2025-05-08T09:48:10","slug":"idee-si-vesmant","status":"publish","type":"product","link":"https:\/\/editura-unibuc.ro\/en\/idee-si-vesmant\/","title":{"rendered":"IDEE \u0218I VE\u0218M\u00c2NT"},"content":{"rendered":"","protected":false},"excerpt":{"rendered":"<hr \/>\n<p><strong><a href=\"https:\/\/books.google.ro\/books\/about?id=DgTEEAAAQBAJ&#038;redir_esc=y\" target=\"_blank\" rel=\"noopener\"><img decoding=\"async\" src=\"https:\/\/editura-unibuc.ro\/wp-content\/uploads\/2025\/04\/goo.png\" \/>Google Books<\/a><\/strong><br \/>&nbsp;<\/p>\n<hr \/>\n<p>Aceast\u0103 carte con\u0163ine at\u00e2t texte prezentate la primele patru edi\u0163ii ale colocviului interdisciplinar omonim \u2013 <em>Idee \u0219i ve\u0219m\u00e2nt<\/em> \u2013, organizat de asocia\u0163ia HESTUGMA, c\u00e2t \u0219i texte elaborate, \u00een preajma aceleia\u0219i constela\u0163ii tematice, direct pentru tipar.<br \/>\nVe\u0219m\u00e2ntul \u2013 pentru c\u0103 o \u021bes\u0103tur\u0103 infinit\u0103 con\u021bine toate r\u0103spunsurile, adic\u0103 nu privilegiaz\u0103 nici unul, ceea ce revine la a spune c\u0103 le ascunde \u2013 nu furnizeaz\u0103 \u2013 niciodat\u0103 pe fa\u021b\u0103 \u2013 \u00eenchideri, solu\u021bii, dar impune logicii \u00eentrebarea, o modeleaz\u0103 \u00een egal de multe forme c\u00e2te corpuri \u00eenve\u0219m\u00e2ntate&#8230; Logicii, vie\u021bii&#8230;<\/p>\n","protected":false},"featured_media":38763,"comment_status":"open","ping_status":"closed","template":"","meta":[],"product_brand":[],"product_cat":[994],"product_tag":[921],"class_list":{"0":"post-38766","1":"product","2":"type-product","3":"status-publish","4":"has-post-thumbnail","6":"product_cat-filosofie","7":"product_tag-filosofie","9":"first","10":"instock","11":"shipping-taxable","12":"purchasable","13":"product-type-simple"},"_links":{"self":[{"href":"https:\/\/editura-unibuc.ro\/en\/wp-json\/wp\/v2\/product\/38766","targetHints":{"allow":["GET"]}}],"collection":[{"href":"https:\/\/editura-unibuc.ro\/en\/wp-json\/wp\/v2\/product"}],"about":[{"href":"https:\/\/editura-unibuc.ro\/en\/wp-json\/wp\/v2\/types\/product"}],"replies":[{"embeddable":true,"href":"https:\/\/editura-unibuc.ro\/en\/wp-json\/wp\/v2\/comments?post=38766"}],"wp:featuredmedia":[{"embeddable":true,"href":"https:\/\/editura-unibuc.ro\/en\/wp-json\/wp\/v2\/media\/38763"}],"wp:attachment":[{"href":"https:\/\/editura-unibuc.ro\/en\/wp-json\/wp\/v2\/media?parent=38766"}],"wp:term":[{"taxonomy":"product_brand","embeddable":true,"href":"https:\/\/editura-unibuc.ro\/en\/wp-json\/wp\/v2\/product_brand?post=38766"},{"taxonomy":"product_cat","embeddable":true,"href":"https:\/\/editura-unibuc.ro\/en\/wp-json\/wp\/v2\/product_cat?post=38766"},{"taxonomy":"product_tag","embeddable":true,"href":"https:\/\/editura-unibuc.ro\/en\/wp-json\/wp\/v2\/product_tag?post=38766"}],"curies":[{"name":"wp","href":"https:\/\/api.w.org\/{rel}","templated":true}]}}