{"id":38769,"date":"2023-06-08T13:34:40","date_gmt":"2023-06-08T10:34:40","guid":{"rendered":"https:\/\/editura-unibuc.ro\/?post_type=product&#038;p=38769"},"modified":"2025-05-09T10:53:18","modified_gmt":"2025-05-09T07:53:18","slug":"malaise-dans-les-lettres-enquete-sur-lhistoire-sociale-du-concept-de-litterature-en-france-ces-quatre-dernieres-decennies","status":"publish","type":"product","link":"https:\/\/editura-unibuc.ro\/en\/malaise-dans-les-lettres-enquete-sur-lhistoire-sociale-du-concept-de-litterature-en-france-ces-quatre-dernieres-decennies\/","title":{"rendered":"MALAISE DANS LES LETTRES Enqu\u00eate sur l\u2019histoire sociale du concept de litt\u00e9rature en France ces quatre derni\u00e8res d\u00e9cennies"},"content":{"rendered":"","protected":false},"excerpt":{"rendered":"<hr \/>\n<p><strong><a href=\"https:\/\/books.google.ro\/books\/about?id=tBfEEAAAQBAJ&#038;redir_esc=y\" target=\"_blank\" rel=\"noopener\"><img decoding=\"async\" src=\"https:\/\/editura-unibuc.ro\/wp-content\/uploads\/2025\/04\/goo.png\" \/>Google Books<\/a><\/strong><br \/>&nbsp;<\/p>\n<hr \/>\n<p>Le tournant du XXIe si\u00e8cle litt\u00e9raire para\u00eet marqu\u00e9 par un ressenti puissant de crise de la litt\u00e9rature, qui se d\u00e9clinerait \u00e0 plusieurs niveaux : d\u00e9gradation des productions litt\u00e9raires, d\u00e9sint\u00e9r\u00eat de la soci\u00e9t\u00e9 pour la lecture, etc. Notre projet de recherche est n\u00e9 avant tout d\u2019une curiosit\u00e9 concernant la juste position \u00e0 prendre devant ce cri d\u2019alarme, en soi gu\u00e8re original, mais r\u00e9it\u00e9r\u00e9 n\u00e9anmoins, ces derni\u00e8res d\u00e9cennies, par de multiples discours. Articul\u00e9e autour d\u2019une question r\u00e9currente, formul\u00e9e entre autres par A. Compagnon au d\u00e9but de sa le\u00e7on inaugurale au Coll\u00e8ge de France \u2013 \u00ab Pourquoi et comment parler de la litt\u00e9rature ? \u00bb &#8211; notre enqu\u00eate se propose de mettre au jour, \u00e0 travers plusieurs \u00e9tudes de cas portant sur quelques-uns des dialogues \u00e0 ce sujet entre litt\u00e9raires, historiens, sociologues et philosophes, une s\u00e9rie de tensions et de conflits \u00e0 l\u2019int\u00e9rieur du champ intellectuel fran\u00e7ais contemporain. Ces tensions seraient \u00e0 la base de ce que nous pr\u00e9f\u00e9rons consid\u00e9rer comme une crise des \u00e9tudes litt\u00e9raires, plut\u00f4t que de la litt\u00e9rature. En proie \u00e0 des tiraillements internes difficiles \u00e0 r\u00e9soudre et devant le risque de dissolution de leur voix \u00e0 l\u2019int\u00e9rieur du champ large des sciences humaines et sociales, soucieuses, d\u2019une part, d\u2019inscrire leurs propos dans un tournant pragmatiste qui met l\u2019accent d\u2019abord sur les usages de la litt\u00e9rature, tout en r\u00e9affirmant, d\u2019autre part, une certaine sp\u00e9cificit\u00e9 de leur propre langage, les \u00e9tudes litt\u00e9raires se verraient d\u00e9sormais oblig\u00e9es de red\u00e9finir sur de nouvelles bases leur objet, ainsi que de r\u00e9inventer leur raison d\u2019\u00eatre m\u00eame.<\/p>\n","protected":false},"featured_media":38765,"comment_status":"open","ping_status":"closed","template":"","meta":[],"product_brand":[],"product_cat":[977],"product_tag":[],"class_list":{"0":"post-38769","1":"product","2":"type-product","3":"status-publish","4":"has-post-thumbnail","6":"product_cat-limba-franceza","8":"first","9":"instock","10":"shipping-taxable","11":"purchasable","12":"product-type-simple"},"_links":{"self":[{"href":"https:\/\/editura-unibuc.ro\/en\/wp-json\/wp\/v2\/product\/38769","targetHints":{"allow":["GET"]}}],"collection":[{"href":"https:\/\/editura-unibuc.ro\/en\/wp-json\/wp\/v2\/product"}],"about":[{"href":"https:\/\/editura-unibuc.ro\/en\/wp-json\/wp\/v2\/types\/product"}],"replies":[{"embeddable":true,"href":"https:\/\/editura-unibuc.ro\/en\/wp-json\/wp\/v2\/comments?post=38769"}],"wp:featuredmedia":[{"embeddable":true,"href":"https:\/\/editura-unibuc.ro\/en\/wp-json\/wp\/v2\/media\/38765"}],"wp:attachment":[{"href":"https:\/\/editura-unibuc.ro\/en\/wp-json\/wp\/v2\/media?parent=38769"}],"wp:term":[{"taxonomy":"product_brand","embeddable":true,"href":"https:\/\/editura-unibuc.ro\/en\/wp-json\/wp\/v2\/product_brand?post=38769"},{"taxonomy":"product_cat","embeddable":true,"href":"https:\/\/editura-unibuc.ro\/en\/wp-json\/wp\/v2\/product_cat?post=38769"},{"taxonomy":"product_tag","embeddable":true,"href":"https:\/\/editura-unibuc.ro\/en\/wp-json\/wp\/v2\/product_tag?post=38769"}],"curies":[{"name":"wp","href":"https:\/\/api.w.org\/{rel}","templated":true}]}}