{"id":38964,"date":"2023-06-21T14:30:00","date_gmt":"2023-06-21T11:30:00","guid":{"rendered":"https:\/\/editura-unibuc.ro\/?post_type=product&#038;p=38964"},"modified":"2025-05-13T10:11:16","modified_gmt":"2025-05-13T07:11:16","slug":"studii-in-hermeneutica-pre-judicativa-si-meontologie-studies-in-the-pre-judicative-hermeneutics-and-meontologyvol-7","status":"publish","type":"product","link":"https:\/\/editura-unibuc.ro\/en\/studii-in-hermeneutica-pre-judicativa-si-meontologie-studies-in-the-pre-judicative-hermeneutics-and-meontologyvol-7\/","title":{"rendered":"STUDII \u00ceN HERMENEUTICA PRE-JUDICATIV\u0102 \u015eI MEONTOLOGIE <BR\/>STUDIES IN THE PRE-JUDICATIVE HERMENEUTICS AND MEONTOLOGY<BR\/>VOLUMUL 7"},"content":{"rendered":"","protected":false},"excerpt":{"rendered":"<hr \/>\n<p><strong><a href=\"https:\/\/books.google.ro\/books\/about?id=fG_JEAAAQBAJ&#038;redir_esc=y\" target=\"_blank\" rel=\"noopener\"><img decoding=\"async\" src=\"https:\/\/editura-unibuc.ro\/wp-content\/uploads\/2025\/04\/goo.png\" \/>Google Books<\/a><\/strong><br \/>&nbsp;<\/p>\n<hr \/>\n<p>Volumul de fa\u021b\u0103, al \u0219aptelea din serie, cuprinde lucr\u0103ri ale membrilor Grupului de Cercetare \u00een Hermeneutica Pre-judicativ\u0103 din cadrul Centrului de Cercetare a Istoriei Ideilor Filosofice, Facultatea de Filosofie a Universit\u0103\u021bii din Bucure\u0219ti. Autorii sunt doctori sau doctoranzi \u00een filosofie, cercet\u0103tori interesa\u021bi de temele \u0219i tehnicile de filosofare specifice domeniului hermeneuticii pre-judicative. Asum\u00e2ndu-\u0219i riscurile \u2013 dar \u0219i avantajele \u2013 abord\u0103rii \u201elibere\u201d sub aspect tehnic a unor interoga\u021bii mai vechi sau mai noi din istoria filosofiei \u0219i ale comunic\u0103rii \u201eexpresive\u201d a unor experien\u021be tematice \u00een acord cu acest timp al culturii filosofice, autorii lucr\u0103rilor din volum \u00eencearc\u0103 s\u0103 confirme identitatea unui mod de a face filosofie ast\u0103zi.<br \/>\nNe adres\u0103m cercet\u0103torilor din domeniu, profesori \u0219i studen\u021bi, dar, cel pu\u021bin prin unele dintre lucr\u0103ri, \u0219i celor care, interesa\u021bi de filosofie, caut\u0103 o cale de intrare \u00een acest domeniu.<\/p>\n","protected":false},"featured_media":38965,"comment_status":"open","ping_status":"closed","template":"","meta":[],"product_brand":[],"product_cat":[1531,3393],"product_tag":[3871,3870,3869],"class_list":{"0":"post-38964","1":"product","2":"type-product","3":"status-publish","4":"has-post-thumbnail","6":"product_cat-colectii","7":"product_cat-filosofie-aplicata","8":"product_tag-consultatie-filosofica","9":"product_tag-pre-judecare","10":"product_tag-sublimul-matematic","12":"first","13":"instock","14":"shipping-taxable","15":"purchasable","16":"product-type-simple"},"_links":{"self":[{"href":"https:\/\/editura-unibuc.ro\/en\/wp-json\/wp\/v2\/product\/38964","targetHints":{"allow":["GET"]}}],"collection":[{"href":"https:\/\/editura-unibuc.ro\/en\/wp-json\/wp\/v2\/product"}],"about":[{"href":"https:\/\/editura-unibuc.ro\/en\/wp-json\/wp\/v2\/types\/product"}],"replies":[{"embeddable":true,"href":"https:\/\/editura-unibuc.ro\/en\/wp-json\/wp\/v2\/comments?post=38964"}],"wp:featuredmedia":[{"embeddable":true,"href":"https:\/\/editura-unibuc.ro\/en\/wp-json\/wp\/v2\/media\/38965"}],"wp:attachment":[{"href":"https:\/\/editura-unibuc.ro\/en\/wp-json\/wp\/v2\/media?parent=38964"}],"wp:term":[{"taxonomy":"product_brand","embeddable":true,"href":"https:\/\/editura-unibuc.ro\/en\/wp-json\/wp\/v2\/product_brand?post=38964"},{"taxonomy":"product_cat","embeddable":true,"href":"https:\/\/editura-unibuc.ro\/en\/wp-json\/wp\/v2\/product_cat?post=38964"},{"taxonomy":"product_tag","embeddable":true,"href":"https:\/\/editura-unibuc.ro\/en\/wp-json\/wp\/v2\/product_tag?post=38964"}],"curies":[{"name":"wp","href":"https:\/\/api.w.org\/{rel}","templated":true}]}}