{"id":3904,"date":"2012-11-15T13:24:54","date_gmt":"2012-11-15T10:24:54","guid":{"rendered":"https:\/\/editura-unibuc.ro\/?p=3904"},"modified":"2015-03-13T17:01:04","modified_gmt":"2015-03-13T15:01:04","slug":"studii-de-validare-si-cercetari-aplicative-ale-psihologiei-si-psihoterapiei-unificarii-in-educatie-dezvoltare-personala-si-clinica-volumul-ii-aplicatii-in-terapia-consilierea-si-dezvoltarea-person","status":"publish","type":"product","link":"https:\/\/editura-unibuc.ro\/en\/studii-de-validare-si-cercetari-aplicative-ale-psihologiei-si-psihoterapiei-unificarii-in-educatie-dezvoltare-personala-si-clinica-volumul-ii-aplicatii-in-terapia-consilierea-si-dezvoltarea-person\/","title":{"rendered":"VALIDATION STUDIES AND APPLICATIVE RESEARCHES OF PSYCHOLOGY AND UNIFICATION PSYCHOTHERAPY in education, personal and clinical training ,Volume II: Applications in the therapy, councelling and personal development of children, teen-agers and students"},"content":{"rendered":"<p>Culegerea de studii de psihologie, volumul al doilea, abordeaz\u0103 teme privind rela\u021biile-capcan\u0103 \u00een familia toxicomanului (o abordare transgenera\u021bional\u0103), despre rela\u021bia dintre disponibilitatea afectiv\u0103 matern\u0103, complica\u021biile la na\u0219tere \u0219i dezvoltarea emo\u021bional\u0103 a copilului mic, precum \u0219i despre dezvoltarea personal\u0103 \u00een psihoterapiile experien\u021biale (abordare metodologic\u0103 integrativ\u0103). \u201eLipsa tradi\u021biei \u00een tratarea toxicomanului \u00een \u021bara noastr\u0103 face ca veriga dezintoxicare s\u0103 fie supraevaluat\u0103 \u00een defavoarea celorlalte verigi ale lan\u021bului terapeutic. Necesitatea psihoterapiei \u00een perioada postdezintoxicare este trecut\u0103 cu vederea, astfel c\u0103 rec\u0103derea este garantat\u0103\u201d, sunt doar c\u00e2teva constat\u0103ri cu care \u00eencepe Introducerea de la primul studiu din volum.<\/p>\n","protected":false},"excerpt":{"rendered":"<p>Culegerea de studii de psihologie, volumul al doilea, abordeaz\u0103 teme privind rela\u021biile-capcan\u0103 \u00een familia toxicomanului (o abordare transgenera\u021bional\u0103), despre rela\u021bia dintre disponibilitatea afectiv\u0103 matern\u0103, complica\u021biile la na\u0219tere \u0219i dezvoltarea emo\u021bional\u0103 a copilului mic, precum \u0219i despre dezvoltarea personal\u0103 \u00een psihoterapiile experien\u021biale (abordare metodologic\u0103 integrativ\u0103). \u201eLipsa tradi\u021biei \u00een tratarea toxicomanului \u00een \u021bara noastr\u0103 face ca veriga [&hellip;]<\/p>\n","protected":false},"featured_media":9288,"comment_status":"open","ping_status":"closed","template":"","meta":[],"product_brand":[],"product_cat":[991,997],"product_tag":[1111,1311],"class_list":{"0":"post-3904","1":"product","2":"type-product","3":"status-publish","4":"has-post-thumbnail","6":"product_cat-stiinte-sociale","7":"product_cat-psihologie-stiintele-educatiei-si-pedagogie","8":"product_tag-psihologie","9":"product_tag-psihoterapie","11":"first","12":"instock","13":"shipping-taxable","14":"purchasable","15":"product-type-simple"},"_links":{"self":[{"href":"https:\/\/editura-unibuc.ro\/en\/wp-json\/wp\/v2\/product\/3904","targetHints":{"allow":["GET"]}}],"collection":[{"href":"https:\/\/editura-unibuc.ro\/en\/wp-json\/wp\/v2\/product"}],"about":[{"href":"https:\/\/editura-unibuc.ro\/en\/wp-json\/wp\/v2\/types\/product"}],"replies":[{"embeddable":true,"href":"https:\/\/editura-unibuc.ro\/en\/wp-json\/wp\/v2\/comments?post=3904"}],"wp:featuredmedia":[{"embeddable":true,"href":"https:\/\/editura-unibuc.ro\/en\/wp-json\/wp\/v2\/media\/9288"}],"wp:attachment":[{"href":"https:\/\/editura-unibuc.ro\/en\/wp-json\/wp\/v2\/media?parent=3904"}],"wp:term":[{"taxonomy":"product_brand","embeddable":true,"href":"https:\/\/editura-unibuc.ro\/en\/wp-json\/wp\/v2\/product_brand?post=3904"},{"taxonomy":"product_cat","embeddable":true,"href":"https:\/\/editura-unibuc.ro\/en\/wp-json\/wp\/v2\/product_cat?post=3904"},{"taxonomy":"product_tag","embeddable":true,"href":"https:\/\/editura-unibuc.ro\/en\/wp-json\/wp\/v2\/product_tag?post=3904"}],"curies":[{"name":"wp","href":"https:\/\/api.w.org\/{rel}","templated":true}]}}