{"id":3908,"date":"2012-11-15T13:33:03","date_gmt":"2012-11-15T10:33:03","guid":{"rendered":"https:\/\/editura-unibuc.ro\/?p=3908"},"modified":"2025-08-06T12:47:44","modified_gmt":"2025-08-06T09:47:44","slug":"fundamente-teoretice-in-predarea-tae-bo","status":"publish","type":"product","link":"https:\/\/editura-unibuc.ro\/en\/fundamente-teoretice-in-predarea-tae-bo\/","title":{"rendered":"THEORETICAL BASES IN TEACHING TAE BO. Practical course for students"},"content":{"rendered":"<p>Lucrarea de fa\u021b\u0103 prezint\u0103 un sport care vine \u00een ajutorul celor care doresc s\u0103 sl\u0103beasc\u0103 sau s\u0103-\u0219i men\u021bin\u0103 un corp frumos, \u00een condi\u021biile \u00een care s\u0103lile de fitness \u00eencearc\u0103 \u00een mod constant s\u0103 ofere programe de exerci\u021bii c\u00e2t mai variate \u0219i inovatoare. Din prezentarea maestrului emerit al sportului, Sakizlian Monica, cititorii pot afla c\u0103 TAE BO este un sport bazat pe exerci\u021bii de aerobic, ce a devenit popular prin anii 90 \u00een Statele Unite. \u201eDatorit\u0103 mi\u0219c\u0103rilor pe care le presupune, TAE BO este foarte eficient \u00een a tonifica musculatura organismului. De asemenea, \u00eembun\u0103t\u0103\u021be\u0219te echilibrul, flexibilitatea \u0219i coordonarea \u0219i are un efect benefic asupra sistemului cardiovascular\u201d, precizeaz\u0103 autoarea \u00een Cuv\u00e2ntul introductiv.<\/p>\n","protected":false},"excerpt":{"rendered":"<p>Lucrarea de fa\u021b\u0103 prezint\u0103 un sport care vine \u00een ajutorul celor care doresc s\u0103 sl\u0103beasc\u0103 sau s\u0103-\u0219i men\u021bin\u0103 un corp frumos, \u00een condi\u021biile \u00een care s\u0103lile de fitness \u00eencearc\u0103 \u00een mod constant s\u0103 ofere programe de exerci\u021bii c\u00e2t mai variate \u0219i inovatoare. Din prezentarea maestrului emerit al sportului, Sakizlian Monica, cititorii pot afla c\u0103 TAE [&hellip;]<\/p>\n","protected":false},"featured_media":9286,"comment_status":"open","ping_status":"closed","template":"","meta":[],"product_brand":[],"product_cat":[993,991],"product_tag":[1306,1269,1270],"class_list":{"0":"post-3908","1":"product","2":"type-product","3":"status-publish","4":"has-post-thumbnail","6":"product_cat-educatie-fizica-si-sport","7":"product_cat-stiinte-sociale","8":"product_tag-fitness","9":"product_tag-sport","10":"product_tag-tae-bo","12":"first","13":"instock","14":"shipping-taxable","15":"purchasable","16":"product-type-simple"},"_links":{"self":[{"href":"https:\/\/editura-unibuc.ro\/en\/wp-json\/wp\/v2\/product\/3908","targetHints":{"allow":["GET"]}}],"collection":[{"href":"https:\/\/editura-unibuc.ro\/en\/wp-json\/wp\/v2\/product"}],"about":[{"href":"https:\/\/editura-unibuc.ro\/en\/wp-json\/wp\/v2\/types\/product"}],"replies":[{"embeddable":true,"href":"https:\/\/editura-unibuc.ro\/en\/wp-json\/wp\/v2\/comments?post=3908"}],"wp:featuredmedia":[{"embeddable":true,"href":"https:\/\/editura-unibuc.ro\/en\/wp-json\/wp\/v2\/media\/9286"}],"wp:attachment":[{"href":"https:\/\/editura-unibuc.ro\/en\/wp-json\/wp\/v2\/media?parent=3908"}],"wp:term":[{"taxonomy":"product_brand","embeddable":true,"href":"https:\/\/editura-unibuc.ro\/en\/wp-json\/wp\/v2\/product_brand?post=3908"},{"taxonomy":"product_cat","embeddable":true,"href":"https:\/\/editura-unibuc.ro\/en\/wp-json\/wp\/v2\/product_cat?post=3908"},{"taxonomy":"product_tag","embeddable":true,"href":"https:\/\/editura-unibuc.ro\/en\/wp-json\/wp\/v2\/product_tag?post=3908"}],"curies":[{"name":"wp","href":"https:\/\/api.w.org\/{rel}","templated":true}]}}