{"id":3917,"date":"2012-11-15T13:44:35","date_gmt":"2012-11-15T10:44:35","guid":{"rendered":"https:\/\/editura-unibuc.ro\/?p=3917"},"modified":"2025-08-07T10:49:23","modified_gmt":"2025-08-07T07:49:23","slug":"revista-de-dezvoltare-personala-unificatoare-nr-3-2011-2","status":"publish","type":"product","link":"https:\/\/editura-unibuc.ro\/en\/revista-de-dezvoltare-personala-unificatoare-nr-3-2011-2\/","title":{"rendered":"REVIEW OF UNIFYING PERSONAL DEVELOPMENT, No. 3 \/ 2011"},"content":{"rendered":"<p>\u00cencotro? Idei, studii, experien\u021be: Lauren\u021biu Mitrofan &#8211; Workaholismul, cauz\u0103 \u0219i efect al familiei disfunc\u021bionale, Lucian Alecu \u2013 Strategul schimb\u0103rii sociale pozitive, Sorina Daniela Dumitrache \u2013 Hibristofilia sau despre complexul \u201cFrumoasa \u0219i Bestia\u201d, Alexandra Mihaela Mitroi \u2013 Profilul femeii agresor \u00een infrac\u021biunile sexuale \u00eempotriva minorilor, Seramis Sas \u2013 Prezen\u021b\u0103 \u0219i aten\u021bie terapeutic\u0103, Emil R\u0103zvan G\u0103tej \u2013 Efectele tehnicii experien\u021bial-unificatoare a medita\u021biei creative asupra integr\u0103rii \u0219i func\u021bion\u0103rii psiho-somatice, Alina Porumboiu \u2013 Dansul, \u00eentre terapie \u0219i art\u0103, Andrei Petre \u2013 Observa\u021bii \u00een cazul unui ferpar din 2009, Alexandra Miric\u0103 \u2013 Dac\u0103 ui\u021bi con\u0219tiin\u021ba aprins\u0103 &#8211; c\u00e2\u0219tigi prezentul!; Din culisele atelierelor de Dezvoltare Personal\u0103 Unificatoare (DPU): Florina Coman \u2013 Predispozi\u021bia latent\u0103 spre dragoste de mine \u0219i de altul, Raluca Cosmescu \u2013 Tangoul cu mine \u00eens\u0103mi; Info.<\/p>\n","protected":false},"excerpt":{"rendered":"<p>\u00cencotro? Idei, studii, experien\u021be: Lauren\u021biu Mitrofan &#8211; Workaholismul, cauz\u0103 \u0219i efect al familiei disfunc\u021bionale, Lucian Alecu \u2013 Strategul schimb\u0103rii sociale pozitive, Sorina Daniela Dumitrache \u2013 Hibristofilia sau despre complexul \u201cFrumoasa \u0219i Bestia\u201d, Alexandra Mihaela Mitroi \u2013 Profilul femeii agresor \u00een infrac\u021biunile sexuale \u00eempotriva minorilor, Seramis Sas \u2013 Prezen\u021b\u0103 \u0219i aten\u021bie terapeutic\u0103, Emil R\u0103zvan G\u0103tej \u2013 [&hellip;]<\/p>\n","protected":false},"featured_media":9282,"comment_status":"open","ping_status":"closed","template":"","meta":[],"product_brand":[],"product_cat":[1469,1893,991,997],"product_tag":[1312,1111],"class_list":{"0":"post-3917","1":"product","2":"type-product","3":"status-publish","4":"has-post-thumbnail","6":"product_cat-periodice","7":"product_cat-reviste-academice","8":"product_cat-stiinte-sociale","9":"product_cat-psihologie-stiintele-educatiei-si-pedagogie","10":"product_tag-dezvoltare-personala","11":"product_tag-psihologie","13":"first","14":"outofstock","15":"purchasable","16":"product-type-simple"},"_links":{"self":[{"href":"https:\/\/editura-unibuc.ro\/en\/wp-json\/wp\/v2\/product\/3917","targetHints":{"allow":["GET"]}}],"collection":[{"href":"https:\/\/editura-unibuc.ro\/en\/wp-json\/wp\/v2\/product"}],"about":[{"href":"https:\/\/editura-unibuc.ro\/en\/wp-json\/wp\/v2\/types\/product"}],"replies":[{"embeddable":true,"href":"https:\/\/editura-unibuc.ro\/en\/wp-json\/wp\/v2\/comments?post=3917"}],"wp:featuredmedia":[{"embeddable":true,"href":"https:\/\/editura-unibuc.ro\/en\/wp-json\/wp\/v2\/media\/9282"}],"wp:attachment":[{"href":"https:\/\/editura-unibuc.ro\/en\/wp-json\/wp\/v2\/media?parent=3917"}],"wp:term":[{"taxonomy":"product_brand","embeddable":true,"href":"https:\/\/editura-unibuc.ro\/en\/wp-json\/wp\/v2\/product_brand?post=3917"},{"taxonomy":"product_cat","embeddable":true,"href":"https:\/\/editura-unibuc.ro\/en\/wp-json\/wp\/v2\/product_cat?post=3917"},{"taxonomy":"product_tag","embeddable":true,"href":"https:\/\/editura-unibuc.ro\/en\/wp-json\/wp\/v2\/product_tag?post=3917"}],"curies":[{"name":"wp","href":"https:\/\/api.w.org\/{rel}","templated":true}]}}