{"id":39224,"date":"2023-07-17T13:48:28","date_gmt":"2023-07-17T10:48:28","guid":{"rendered":"https:\/\/editura-unibuc.ro\/?post_type=product&#038;p=39224"},"modified":"2025-05-12T09:33:33","modified_gmt":"2025-05-12T06:33:33","slug":"modernizarea-politica-a-orientului-mijlociuintre-democratizare-islamizare-si-autoritarism","status":"publish","type":"product","link":"https:\/\/editura-unibuc.ro\/en\/modernizarea-politica-a-orientului-mijlociuintre-democratizare-islamizare-si-autoritarism\/","title":{"rendered":"MODERNIZAREA POLITIC\u0102 A ORIENTULUI MIJLOCIU<br\/>\u00centre democratizare, islamizare \u0219i autoritarism"},"content":{"rendered":"","protected":false},"excerpt":{"rendered":"<hr \/>\n<p><strong><a href=\"https:\/\/books.google.ro\/books\/about?id=2LLLEAAAQBAJ&#038;redir_esc=y\" target=\"_blank\" rel=\"noopener\"><img decoding=\"async\" src=\"https:\/\/editura-unibuc.ro\/wp-content\/uploads\/2025\/04\/goo.png\" \/>Google Books<\/a><\/strong><br \/>&nbsp;<\/p>\n<hr \/>\n<p>Studiu al procesului de modernizare politic\u0103 \u00een Orientul Mijlociu, respectiv \u00een Republica Arab\u0103 Egipt, \u00eencep\u00e2nd cu Muhammad Ali \u0219i p\u00e2n\u0103 la \u00eenceperea celui de-al doilea mandat al actualului pre\u0219edinte Abdel Fattah al-Sisi, cu scopul principal de a analiza posibilitatea tranzi\u021biei dinspre regimuri de tip autoritarist unde religia joac\u0103 un rol cheie \u00een r\u00e2ndul popula\u021biei spre regimuri democratice, seculare \u00een Orientul Mijlociu \u0219i \u00een egal\u0103 m\u0103sur\u0103 de a identifica poten\u021biale cauze care au \u00eempiedicat\/\u00eempiedic\u0103, sau au \u00eencetinit\/\u00eencetinesc procesele de democratizare \u00een cazul Egiptului modern \u0219i contemporan. Alegerea Egiptului \u00een centrul analizei nu este una \u00eent\u00e2mpl\u0103toare; acesta este cel mai important stat din regiune \u021bin\u00e2nd cont cel pu\u021bin de urm\u0103toarele considerente: dimensiunea popula\u021biei, pozi\u021bia geostrategic\u0103 de importan\u021b\u0103 global\u0103, poten\u021bialul de influen\u021bare regional\u0103 din punct de vedere cultural \u0219i securitar, dar \u0219i de rolul pe care \u00eel poate juca acesta \u00een politica regional\u0103.<\/p>\n","protected":false},"featured_media":39225,"comment_status":"open","ping_status":"closed","template":"","meta":[],"product_brand":[],"product_cat":[3103,991,995],"product_tag":[3914,1024,3913,2199],"class_list":{"0":"post-39224","1":"product","2":"type-product","3":"status-publish","4":"has-post-thumbnail","6":"product_cat-fara-categorie","7":"product_cat-stiinte-sociale","8":"product_cat-istorie-stiinte-politice","9":"product_tag-autoritarism","10":"product_tag-democratie","11":"product_tag-islamism","12":"product_tag-orientul-mijlociu","14":"first","15":"instock","16":"shipping-taxable","17":"purchasable","18":"product-type-simple"},"_links":{"self":[{"href":"https:\/\/editura-unibuc.ro\/en\/wp-json\/wp\/v2\/product\/39224","targetHints":{"allow":["GET"]}}],"collection":[{"href":"https:\/\/editura-unibuc.ro\/en\/wp-json\/wp\/v2\/product"}],"about":[{"href":"https:\/\/editura-unibuc.ro\/en\/wp-json\/wp\/v2\/types\/product"}],"replies":[{"embeddable":true,"href":"https:\/\/editura-unibuc.ro\/en\/wp-json\/wp\/v2\/comments?post=39224"}],"wp:featuredmedia":[{"embeddable":true,"href":"https:\/\/editura-unibuc.ro\/en\/wp-json\/wp\/v2\/media\/39225"}],"wp:attachment":[{"href":"https:\/\/editura-unibuc.ro\/en\/wp-json\/wp\/v2\/media?parent=39224"}],"wp:term":[{"taxonomy":"product_brand","embeddable":true,"href":"https:\/\/editura-unibuc.ro\/en\/wp-json\/wp\/v2\/product_brand?post=39224"},{"taxonomy":"product_cat","embeddable":true,"href":"https:\/\/editura-unibuc.ro\/en\/wp-json\/wp\/v2\/product_cat?post=39224"},{"taxonomy":"product_tag","embeddable":true,"href":"https:\/\/editura-unibuc.ro\/en\/wp-json\/wp\/v2\/product_tag?post=39224"}],"curies":[{"name":"wp","href":"https:\/\/api.w.org\/{rel}","templated":true}]}}