{"id":3924,"date":"2012-11-15T14:10:31","date_gmt":"2012-11-15T11:10:31","guid":{"rendered":"https:\/\/editura-unibuc.ro\/?p=3924"},"modified":"2015-03-13T16:59:18","modified_gmt":"2015-03-13T14:59:18","slug":"identitatea-profesionala-in-cariera-didactica","status":"publish","type":"product","link":"https:\/\/editura-unibuc.ro\/en\/identitatea-profesionala-in-cariera-didactica\/","title":{"rendered":"PROFESSIONAL IDENTITY IN THE TEACHING CAREER"},"content":{"rendered":"<p>Lucrarea cercet\u0103toarei Silvia F\u0103t este rezultatul unor preocup\u0103ri \u0219tiin\u021bifice ancorate \u00een interesul pentru abord\u0103rile interdisciplinare \u0219i cele ale sociologiei interpretative. \u00cen opinia autoarei, perspectiva sociologiei interpretative de\u021bine resursele explicative necesare abord\u0103rii unei teme at\u00e2t de complexe precum elaborarea identitar\u0103. Noul studiu demonstreaz\u0103 c\u0103 cercet\u0103rile de p\u00e2n\u0103 acum asupra identit\u0103\u021bii profesionale a cadrelor didactice au fost preponderent de tip experimental \u0219i deta\u0219ate de cunoa\u0219terea subiectului, ele traduc\u00e2nd preocup\u0103ri func\u021bionaliste \u0219i tehnico-ra\u021bionaliste sterile.<\/p>","protected":false},"excerpt":{"rendered":"<p>Lucrarea cercet\u0103toarei Silvia F\u0103t este rezultatul unor preocup\u0103ri \u0219tiin\u021bifice ancorate \u00een interesul pentru abord\u0103rile interdisciplinare \u0219i cele ale sociologiei interpretative. \u00cen opinia autoarei, perspectiva sociologiei interpretative de\u021bine resursele explicative necesare abord\u0103rii unei teme at\u00e2t de complexe precum elaborarea identitar\u0103. Noul studiu demonstreaz\u0103 c\u0103 cercet\u0103rile de p\u00e2n\u0103 acum asupra identit\u0103\u021bii profesionale a cadrelor didactice au fost [&hellip;]<\/p>\n","protected":false},"featured_media":9280,"comment_status":"open","ping_status":"closed","template":"","meta":[],"product_brand":[],"product_cat":[991,997],"product_tag":[1170,1304,1111],"class_list":{"0":"post-3924","1":"product","2":"type-product","3":"status-publish","4":"has-post-thumbnail","6":"product_cat-stiinte-sociale","7":"product_cat-psihologie-stiintele-educatiei-si-pedagogie","8":"product_tag-educatie","9":"product_tag-invatamant","10":"product_tag-psihologie","12":"first","13":"instock","14":"shipping-taxable","15":"purchasable","16":"product-type-simple"},"_links":{"self":[{"href":"https:\/\/editura-unibuc.ro\/en\/wp-json\/wp\/v2\/product\/3924","targetHints":{"allow":["GET"]}}],"collection":[{"href":"https:\/\/editura-unibuc.ro\/en\/wp-json\/wp\/v2\/product"}],"about":[{"href":"https:\/\/editura-unibuc.ro\/en\/wp-json\/wp\/v2\/types\/product"}],"replies":[{"embeddable":true,"href":"https:\/\/editura-unibuc.ro\/en\/wp-json\/wp\/v2\/comments?post=3924"}],"wp:featuredmedia":[{"embeddable":true,"href":"https:\/\/editura-unibuc.ro\/en\/wp-json\/wp\/v2\/media\/9280"}],"wp:attachment":[{"href":"https:\/\/editura-unibuc.ro\/en\/wp-json\/wp\/v2\/media?parent=3924"}],"wp:term":[{"taxonomy":"product_brand","embeddable":true,"href":"https:\/\/editura-unibuc.ro\/en\/wp-json\/wp\/v2\/product_brand?post=3924"},{"taxonomy":"product_cat","embeddable":true,"href":"https:\/\/editura-unibuc.ro\/en\/wp-json\/wp\/v2\/product_cat?post=3924"},{"taxonomy":"product_tag","embeddable":true,"href":"https:\/\/editura-unibuc.ro\/en\/wp-json\/wp\/v2\/product_tag?post=3924"}],"curies":[{"name":"wp","href":"https:\/\/api.w.org\/{rel}","templated":true}]}}