{"id":39273,"date":"2023-07-24T10:14:00","date_gmt":"2023-07-24T07:14:00","guid":{"rendered":"https:\/\/editura-unibuc.ro\/?post_type=product&#038;p=39273"},"modified":"2025-05-12T14:00:45","modified_gmt":"2025-05-12T11:00:45","slug":"prepozitia-in-limba-romana-contemporana-o-abordare-stratificata-unitara","status":"publish","type":"product","link":"https:\/\/editura-unibuc.ro\/en\/prepozitia-in-limba-romana-contemporana-o-abordare-stratificata-unitara\/","title":{"rendered":"PREPOZI\u021aIA \u00ceN LIMBA ROM\u00c2N\u0102 CONTEMPORAN\u0102: O ABORDARE STRATIFICAT\u0102 UNITAR\u0102"},"content":{"rendered":"","protected":false},"excerpt":{"rendered":"<hr \/>\n<p><strong><a href=\"https:\/\/books.google.ro\/books\/about?id=QfrTEAAAQBAJ&#038;redir_esc=y\" target=\"_blank\" rel=\"noopener\"><img decoding=\"async\" src=\"https:\/\/editura-unibuc.ro\/wp-content\/uploads\/2025\/04\/goo.png\" \/>Google Books<\/a><\/strong><br \/>&nbsp;<\/p>\n<hr \/>\n<p><em>Prepozi\u021bia \u00een limba rom\u00e2n\u0103 contemporan\u0103. O abordare stratificat\u0103 unitar\u0103<\/em> reprezint\u0103 un exemplu elocvent de reconfigurare discursiv\u0103 \u0219i metodologic\u0103 asupra unui topic ce s-a bucurat de-a lungul timpului de o larg\u0103 descriere \u0219i analiz\u0103 \u00een literatura de specialitate.<br \/>\nCartea de fa\u021b\u0103 reprezint\u0103, pentru lingvistica rom\u00e2neasc\u0103, o important\u0103 contribu\u021bie teoretic\u0103, descriptiv\u0103 \u0219i aplicativ\u0103, ce vehiculeaz\u0103 o analiz\u0103 complex\u0103 \u0219i supl\u0103, de natur\u0103 istoric\u0103, semantic\u0103, stilistic\u0103 \u0219i socio-pragmatic\u0103 a clasei lexico-gramaticale a prepozi\u021biei din limba rom\u00e2n\u0103.<\/p>\n","protected":false},"featured_media":39627,"comment_status":"open","ping_status":"closed","template":"","meta":[],"product_brand":[],"product_cat":[1531,2756,1464],"product_tag":[895,925],"class_list":{"0":"post-39273","1":"product","2":"type-product","3":"status-publish","4":"has-post-thumbnail","6":"product_cat-colectii","7":"product_cat-lingvistica-lingua","8":"product_cat-filologie","9":"product_tag-lingvistica","10":"product_tag-romana","12":"first","13":"instock","14":"shipping-taxable","15":"purchasable","16":"product-type-simple"},"_links":{"self":[{"href":"https:\/\/editura-unibuc.ro\/en\/wp-json\/wp\/v2\/product\/39273","targetHints":{"allow":["GET"]}}],"collection":[{"href":"https:\/\/editura-unibuc.ro\/en\/wp-json\/wp\/v2\/product"}],"about":[{"href":"https:\/\/editura-unibuc.ro\/en\/wp-json\/wp\/v2\/types\/product"}],"replies":[{"embeddable":true,"href":"https:\/\/editura-unibuc.ro\/en\/wp-json\/wp\/v2\/comments?post=39273"}],"wp:featuredmedia":[{"embeddable":true,"href":"https:\/\/editura-unibuc.ro\/en\/wp-json\/wp\/v2\/media\/39627"}],"wp:attachment":[{"href":"https:\/\/editura-unibuc.ro\/en\/wp-json\/wp\/v2\/media?parent=39273"}],"wp:term":[{"taxonomy":"product_brand","embeddable":true,"href":"https:\/\/editura-unibuc.ro\/en\/wp-json\/wp\/v2\/product_brand?post=39273"},{"taxonomy":"product_cat","embeddable":true,"href":"https:\/\/editura-unibuc.ro\/en\/wp-json\/wp\/v2\/product_cat?post=39273"},{"taxonomy":"product_tag","embeddable":true,"href":"https:\/\/editura-unibuc.ro\/en\/wp-json\/wp\/v2\/product_tag?post=39273"}],"curies":[{"name":"wp","href":"https:\/\/api.w.org\/{rel}","templated":true}]}}