{"id":39275,"date":"2023-07-24T10:49:00","date_gmt":"2023-07-24T07:49:00","guid":{"rendered":"https:\/\/editura-unibuc.ro\/?post_type=product&#038;p=39275"},"modified":"2025-05-08T12:17:11","modified_gmt":"2025-05-08T09:17:11","slug":"english-guerras-poetizadas-y-escritura-polemica-en-la-edad-moderna","status":"publish","type":"product","link":"https:\/\/editura-unibuc.ro\/en\/english-guerras-poetizadas-y-escritura-polemica-en-la-edad-moderna\/","title":{"rendered":"GUERRAS POETIZADAS Y ESCRITURA POL\u00c9MICA EN LA EDAD MODERNA"},"content":{"rendered":"","protected":false},"excerpt":{"rendered":"<hr \/>\n<p><strong><a href=\"https:\/\/books.google.ro\/books\/about?id=zwHPEAAAQBAJ&#038;redir_esc=y\" target=\"_blank\" rel=\"noopener\"><img decoding=\"async\" src=\"https:\/\/editura-unibuc.ro\/wp-content\/uploads\/2025\/04\/goo.png\" \/>Google Books<\/a><\/strong><br \/>&nbsp;<\/p>\n<hr \/>\n<p>La multitud de manuscritos e impresos de la Edad Moderna espa\u00f1ola que se han conservado dan testimonio de la animada y no pocas veces pol\u00e9mica vida pol\u00edtica y cultural de aquella \u00e9poca. Las intensas relaciones que mantuvieron los hombres de letras se desarrollaban principalmente dentro de un ambiente sumamente conflictivo, marcado tanto por las guerras pol\u00edticas propiamente dichas, como, tambi\u00e9n, por los enfrentamientos de mentalidades e ideolog\u00edas. Por su contenido comprensivo y a la vez unificador alrededor de los temas conflictivos, el presente volumen contin\u00faa con \u00e9xito la serie <em>Aurea Curiositas<\/em>, que comprende monograf\u00edas que surgen a partir de la premisa de que todav\u00eda se pueden ir descubriendo conexiones llamativas entre las varias disciplinas que desvelan las relaciones que manten\u00edan los intelectuales altomodernos.<\/p>\n","protected":false},"featured_media":39415,"comment_status":"open","ping_status":"closed","template":"","meta":[],"product_brand":[],"product_cat":[3916,3748],"product_tag":[920,881,880],"class_list":{"0":"post-39275","1":"product","2":"type-product","3":"status-publish","4":"has-post-thumbnail","6":"product_cat-aurea-curiositas","7":"product_cat-filologie-colectii","8":"product_tag-cultura","9":"product_tag-istorie","10":"product_tag-spaniola","12":"first","13":"instock","14":"shipping-taxable","15":"purchasable","16":"product-type-simple"},"_links":{"self":[{"href":"https:\/\/editura-unibuc.ro\/en\/wp-json\/wp\/v2\/product\/39275","targetHints":{"allow":["GET"]}}],"collection":[{"href":"https:\/\/editura-unibuc.ro\/en\/wp-json\/wp\/v2\/product"}],"about":[{"href":"https:\/\/editura-unibuc.ro\/en\/wp-json\/wp\/v2\/types\/product"}],"replies":[{"embeddable":true,"href":"https:\/\/editura-unibuc.ro\/en\/wp-json\/wp\/v2\/comments?post=39275"}],"wp:featuredmedia":[{"embeddable":true,"href":"https:\/\/editura-unibuc.ro\/en\/wp-json\/wp\/v2\/media\/39415"}],"wp:attachment":[{"href":"https:\/\/editura-unibuc.ro\/en\/wp-json\/wp\/v2\/media?parent=39275"}],"wp:term":[{"taxonomy":"product_brand","embeddable":true,"href":"https:\/\/editura-unibuc.ro\/en\/wp-json\/wp\/v2\/product_brand?post=39275"},{"taxonomy":"product_cat","embeddable":true,"href":"https:\/\/editura-unibuc.ro\/en\/wp-json\/wp\/v2\/product_cat?post=39275"},{"taxonomy":"product_tag","embeddable":true,"href":"https:\/\/editura-unibuc.ro\/en\/wp-json\/wp\/v2\/product_tag?post=39275"}],"curies":[{"name":"wp","href":"https:\/\/api.w.org\/{rel}","templated":true}]}}