{"id":3929,"date":"2012-11-15T14:25:55","date_gmt":"2012-11-15T11:25:55","guid":{"rendered":"https:\/\/editura-unibuc.ro\/?p=3929"},"modified":"2025-08-07T12:13:26","modified_gmt":"2025-08-07T09:13:26","slug":"studii-de-validare-si-cercetari-aplicative-ale-psihologiei-si-psihoterapiei-unificarii-in-educatie-dezvoltare-personala-si-clinica-volumul-i-partea-i-aplicatii-in-educatia-consilierea-si-dezv","status":"publish","type":"product","link":"https:\/\/editura-unibuc.ro\/en\/studii-de-validare-si-cercetari-aplicative-ale-psihologiei-si-psihoterapiei-unificarii-in-educatie-dezvoltare-personala-si-clinica-volumul-i-partea-i-aplicatii-in-educatia-consilierea-si-dezv\/","title":{"rendered":"VALIDATION STUDIES AND APPLICATIVE RESEARCHES OF UNIFICATION PSYCHOLOGY AND PSYCHOTHERAPY IN EDUCATION, PERSONAL EVOLUTION AND CLINICS \u2013 VOLUME I, PART I: APPLICATIONS IN THE EDUCATION, COUNCELLING AND EVOLUTION OF FAMILIES, CHILDREN, TEEN-AGERS AND STUDENTS"},"content":{"rendered":"<p>Studiile din acest volum colectiv analizeaz\u0103 \u0219tiin\u021bific problemele delicate ale vie\u021bii de cuplu. Nu sunt excluse aspectele legate de comportament, maternitate, departicularit\u0103\u021bile privind rolul conjugal \u0219i parental, de coeziunea cuplului \u0219i satisfac\u021bia conjugal\u0103. Capitolele referitoare la disfunc\u021biile identit\u0103\u021bii de sex-rol la adolescen\u021bi, la dezvoltarea inteligen\u021bei emo\u021bionale a studen\u021bilor de la psihologie, prin intermediul grupului experien\u021bial, recomand\u0103 aceast\u0103 lucrare ca fiind una fundamental\u0103 nu numai pentru speciali\u0219ti, ci pentru toate categoriile de oameni.<\/p>","protected":false},"excerpt":{"rendered":"<p>Studiile din acest volum colectiv analizeaz\u0103 \u0219tiin\u021bific problemele delicate ale vie\u021bii de cuplu. Nu sunt excluse aspectele legate de comportament, maternitate, departicularit\u0103\u021bile privind rolul conjugal \u0219i parental, de coeziunea cuplului \u0219i satisfac\u021bia conjugal\u0103. Capitolele referitoare la disfunc\u021biile identit\u0103\u021bii de sex-rol la adolescen\u021bi, la dezvoltarea inteligen\u021bei emo\u021bionale a studen\u021bilor de la psihologie, prin intermediul grupului experien\u021bial, [&hellip;]<\/p>\n","protected":false},"featured_media":9278,"comment_status":"open","ping_status":"closed","template":"","meta":[],"product_brand":[],"product_cat":[991,997],"product_tag":[1111,1311],"class_list":{"0":"post-3929","1":"product","2":"type-product","3":"status-publish","4":"has-post-thumbnail","6":"product_cat-stiinte-sociale","7":"product_cat-psihologie-stiintele-educatiei-si-pedagogie","8":"product_tag-psihologie","9":"product_tag-psihoterapie","11":"first","12":"outofstock","13":"shipping-taxable","14":"purchasable","15":"product-type-simple"},"_links":{"self":[{"href":"https:\/\/editura-unibuc.ro\/en\/wp-json\/wp\/v2\/product\/3929","targetHints":{"allow":["GET"]}}],"collection":[{"href":"https:\/\/editura-unibuc.ro\/en\/wp-json\/wp\/v2\/product"}],"about":[{"href":"https:\/\/editura-unibuc.ro\/en\/wp-json\/wp\/v2\/types\/product"}],"replies":[{"embeddable":true,"href":"https:\/\/editura-unibuc.ro\/en\/wp-json\/wp\/v2\/comments?post=3929"}],"wp:featuredmedia":[{"embeddable":true,"href":"https:\/\/editura-unibuc.ro\/en\/wp-json\/wp\/v2\/media\/9278"}],"wp:attachment":[{"href":"https:\/\/editura-unibuc.ro\/en\/wp-json\/wp\/v2\/media?parent=3929"}],"wp:term":[{"taxonomy":"product_brand","embeddable":true,"href":"https:\/\/editura-unibuc.ro\/en\/wp-json\/wp\/v2\/product_brand?post=3929"},{"taxonomy":"product_cat","embeddable":true,"href":"https:\/\/editura-unibuc.ro\/en\/wp-json\/wp\/v2\/product_cat?post=3929"},{"taxonomy":"product_tag","embeddable":true,"href":"https:\/\/editura-unibuc.ro\/en\/wp-json\/wp\/v2\/product_tag?post=3929"}],"curies":[{"name":"wp","href":"https:\/\/api.w.org\/{rel}","templated":true}]}}