{"id":39307,"date":"2023-07-28T10:49:41","date_gmt":"2023-07-28T07:49:41","guid":{"rendered":"https:\/\/editura-unibuc.ro\/?post_type=product&#038;p=39307"},"modified":"2025-04-28T14:09:49","modified_gmt":"2025-04-28T11:09:49","slug":"bine-ati-venit-in-romaniaghid-introductiv-pentru-profesorii-de-limba-romana-care-lucreaza-cu-elevii-din-familii-de-refugiati","status":"publish","type":"product","link":"https:\/\/editura-unibuc.ro\/en\/bine-ati-venit-in-romaniaghid-introductiv-pentru-profesorii-de-limba-romana-care-lucreaza-cu-elevii-din-familii-de-refugiati\/","title":{"rendered":"BINE A\u021aI VENIT \u00ceN ROM\u00c2NIA!<br\/>GHID INTRODUCTIV PENTRU PROFESORII DE LIMBA ROM\u00c2N\u0102 CARE LUCREAZ\u0102 CU ELEVII DIN FAMILII DE REFUGIA\u021aI"},"content":{"rendered":"","protected":false},"excerpt":{"rendered":"<hr \/>\n<p><strong><a href=\"https:\/\/books.google.ro\/books\/about?id=SDbOEAAAQBAJ&#038;redir_esc=y\" target=\"_blank\" rel=\"noopener\"><img decoding=\"async\" src=\"https:\/\/editura-unibuc.ro\/wp-content\/uploads\/2025\/04\/goo.png\" \/>Google Books<\/a><\/strong><br \/>&nbsp;<\/p>\n<hr \/>\n<p>Aceast\u0103 carte de resurse educa\u021bionale a fost creat\u0103 de o echip\u0103 fantastic\u0103 \u0219i dedicat\u0103 de profesori, cu g\u00e2ndul de a sprijini elevii refugia\u021bi ucraineni \u0219i, \u00een general, elevii refugia\u021bi care ajung \u00een Rom\u00e2nia. Sper\u0103m s\u0103 g\u0103si\u021bi acest material util pentru dumneavoastr\u0103 \u0219i pentru elevii dumneavoastr\u0103. \u00cen calitate de pedagogi care sprijin\u0103 elevii refugia\u021bi, este important s\u0103 ne amintim c\u0103 ei sunt persoane care au ajuns \u00eentr-o \u021bar\u0103 str\u0103in\u0103 (\u00een acest caz, Rom\u00e2nia) ca urmare a r\u0103zboiului, a violen\u021bei \u0219i\/sau a persecu\u021biei. Ei au fost str\u0103muta\u021bi cu for\u021ba, ceea ce \u00eenseamn\u0103 c\u0103 nu au avut alt\u0103 op\u021biune dec\u00e2t s\u0103 \u00ee\u0219i p\u0103r\u0103seasc\u0103 \u021bara. Experien\u021bele din jurul migra\u021biei for\u021bate a elevilor refugia\u021bi poart\u0103 o istorie de traume, pe care elevii le aduc cu ei \u00een clas\u0103. \u00cen calitate de profesor care sprijin\u0103 ace\u0219ti elevi, este important s\u0103 v\u0103 aminti\u021bi c\u0103, mai presus de toate, conexiunea uman\u0103 \u0219i empatia sunt cele mai vitale \u0219i mai presante nevoi ale elevilor dumneavoastr\u0103 \u2013 orice altceva trebuind s\u0103 vin\u0103 pe locul doi. <\/p>\n","protected":false},"featured_media":39327,"comment_status":"open","ping_status":"closed","template":"","meta":[],"product_brand":[],"product_cat":[3103,991,997],"product_tag":[3237,1041],"class_list":{"0":"post-39307","1":"product","2":"type-product","3":"status-publish","4":"has-post-thumbnail","6":"product_cat-fara-categorie","7":"product_cat-stiinte-sociale","8":"product_cat-psihologie-stiintele-educatiei-si-pedagogie","9":"product_tag-pedagogie-moderna","10":"product_tag-psihopedagogie","12":"first","13":"instock","14":"downloadable","15":"shipping-taxable","16":"product-type-simple"},"_links":{"self":[{"href":"https:\/\/editura-unibuc.ro\/en\/wp-json\/wp\/v2\/product\/39307","targetHints":{"allow":["GET"]}}],"collection":[{"href":"https:\/\/editura-unibuc.ro\/en\/wp-json\/wp\/v2\/product"}],"about":[{"href":"https:\/\/editura-unibuc.ro\/en\/wp-json\/wp\/v2\/types\/product"}],"replies":[{"embeddable":true,"href":"https:\/\/editura-unibuc.ro\/en\/wp-json\/wp\/v2\/comments?post=39307"}],"wp:featuredmedia":[{"embeddable":true,"href":"https:\/\/editura-unibuc.ro\/en\/wp-json\/wp\/v2\/media\/39327"}],"wp:attachment":[{"href":"https:\/\/editura-unibuc.ro\/en\/wp-json\/wp\/v2\/media?parent=39307"}],"wp:term":[{"taxonomy":"product_brand","embeddable":true,"href":"https:\/\/editura-unibuc.ro\/en\/wp-json\/wp\/v2\/product_brand?post=39307"},{"taxonomy":"product_cat","embeddable":true,"href":"https:\/\/editura-unibuc.ro\/en\/wp-json\/wp\/v2\/product_cat?post=39307"},{"taxonomy":"product_tag","embeddable":true,"href":"https:\/\/editura-unibuc.ro\/en\/wp-json\/wp\/v2\/product_tag?post=39307"}],"curies":[{"name":"wp","href":"https:\/\/api.w.org\/{rel}","templated":true}]}}