{"id":39406,"date":"2023-08-03T10:53:07","date_gmt":"2023-08-03T07:53:07","guid":{"rendered":"https:\/\/editura-unibuc.ro\/?post_type=product&#038;p=39406"},"modified":"2025-05-08T11:12:48","modified_gmt":"2025-05-08T08:12:48","slug":"estudios-de-linguistica-romanica","status":"publish","type":"product","link":"https:\/\/editura-unibuc.ro\/en\/estudios-de-linguistica-romanica\/","title":{"rendered":"ESTUDIOS DE LING\u00dc\u00cdSTICA ROM\u00c1NICA"},"content":{"rendered":"","protected":false},"excerpt":{"rendered":"<hr \/>\n<p><strong><a href=\"https:\/\/books.google.ro\/books\/about?id=No_TEAAAQBAJ&#038;redir_esc=y\" target=\"_blank\" rel=\"noopener\"><img decoding=\"async\" src=\"https:\/\/editura-unibuc.ro\/wp-content\/uploads\/2025\/04\/goo.png\" \/>Google Books<\/a><\/strong><br \/>&nbsp;<\/p>\n<hr \/>\n<p>Volumul <em>Estudios de ling\u00fc\u00edstica rom\u00e1nica<\/em> cuprinde cercet\u0103ri din domeniul lingvisticii rom\u00e2ne\u0219ti \u0219i al lingvisticii romanice comparate. Sunt tratate diverse probleme de interes: aspecte privitoare la modernizarea \u0219i \u00eembog\u0103\u021birea vocabularului rom\u00e2nesc, \u00een cadrul procesului de occidentalizare latino-romanic\u0103 a limbii noastre; traducerile, v\u0103zute ca surse de introducere \u0219i \u00eemp\u0103m\u00e2ntenire a neologismelor; tran\u0219ele de cultisme din limbile romanice; datarea \u00eemprumuturilor livre\u0219ti etc. Am ad\u0103ugat de asemenea c\u00e2teva materiale privitoare la retraducerea unor texte literare, cu observa\u021bii referitoare la condi\u021biile \u0219i la calitatea unor retraduceri.<br \/>\nThe volume <em>Estudios de ling\u00fc\u00edstica rom\u00e1nica<\/em> includes research in the field of Romanian linguistics and comparative Romance linguistics. Various issues of interest are presented: aspects regarding the modernization and enrichment of the Romanian vocabulary, within the process of Latin-Romance westernization of our language; translations, seen as a source for the introduction and settling of neologisms; the cultured borrowings from Romance languages; the dating of bookish borrowings, etc. We have also added some material on the retranslation of some literary texts, with remarks on the conditions and quality of some retranslations.<\/p>\n","protected":false},"featured_media":39612,"comment_status":"open","ping_status":"closed","template":"","meta":[],"product_brand":[],"product_cat":[1531,858,1464,980],"product_tag":[880],"class_list":{"0":"post-39406","1":"product","2":"type-product","3":"status-publish","4":"has-post-thumbnail","6":"product_cat-colectii","7":"product_cat-colectia-romanica","8":"product_cat-filologie","9":"product_cat-limbi-romanice-clasice-si-orientale","10":"product_tag-spaniola","12":"first","13":"instock","14":"shipping-taxable","15":"purchasable","16":"product-type-simple"},"_links":{"self":[{"href":"https:\/\/editura-unibuc.ro\/en\/wp-json\/wp\/v2\/product\/39406","targetHints":{"allow":["GET"]}}],"collection":[{"href":"https:\/\/editura-unibuc.ro\/en\/wp-json\/wp\/v2\/product"}],"about":[{"href":"https:\/\/editura-unibuc.ro\/en\/wp-json\/wp\/v2\/types\/product"}],"replies":[{"embeddable":true,"href":"https:\/\/editura-unibuc.ro\/en\/wp-json\/wp\/v2\/comments?post=39406"}],"wp:featuredmedia":[{"embeddable":true,"href":"https:\/\/editura-unibuc.ro\/en\/wp-json\/wp\/v2\/media\/39612"}],"wp:attachment":[{"href":"https:\/\/editura-unibuc.ro\/en\/wp-json\/wp\/v2\/media?parent=39406"}],"wp:term":[{"taxonomy":"product_brand","embeddable":true,"href":"https:\/\/editura-unibuc.ro\/en\/wp-json\/wp\/v2\/product_brand?post=39406"},{"taxonomy":"product_cat","embeddable":true,"href":"https:\/\/editura-unibuc.ro\/en\/wp-json\/wp\/v2\/product_cat?post=39406"},{"taxonomy":"product_tag","embeddable":true,"href":"https:\/\/editura-unibuc.ro\/en\/wp-json\/wp\/v2\/product_tag?post=39406"}],"curies":[{"name":"wp","href":"https:\/\/api.w.org\/{rel}","templated":true}]}}