{"id":39410,"date":"2023-08-03T14:23:47","date_gmt":"2023-08-03T11:23:47","guid":{"rendered":"https:\/\/editura-unibuc.ro\/?post_type=product&#038;p=39410"},"modified":"2025-05-08T14:03:02","modified_gmt":"2025-05-08T11:03:02","slug":"introducere-in-analiza-datelortomul-1-masurarea-colectarea-datelor-si-modele-statistice-aplicatii-in-ibm-spss-statistics-si-r","status":"publish","type":"product","link":"https:\/\/editura-unibuc.ro\/en\/introducere-in-analiza-datelortomul-1-masurarea-colectarea-datelor-si-modele-statistice-aplicatii-in-ibm-spss-statistics-si-r\/","title":{"rendered":"INTRODUCERE \u00ceN ANALIZA DATELOR<br\/>TOMUL 1 : M\u0103surarea, colectarea datelor \u015fi modele statistice \u2013 Aplica\u0163ii \u00een IBM SPSS Statistics \u015fi R"},"content":{"rendered":"","protected":false},"excerpt":{"rendered":"<hr \/>\n<p><strong><a href=\"https:\/\/books.google.ro\/books\/about?id=eR_bEAAAQBAJ&#038;redir_esc=y\" target=\"_blank\" rel=\"noopener\"><img decoding=\"async\" src=\"https:\/\/editura-unibuc.ro\/wp-content\/uploads\/2025\/04\/goo.png\" \/>Google Books<\/a><\/strong><br \/>&nbsp;<\/p>\n<hr \/>\n<p><strong>Digital version available on <a href=\"https:\/\/play.google.com\/store\/books\/details?id=m6H7EAAAQBAJ\" target=\"_blank\" rel=\"noopener\"><img decoding=\"async\" src=\"https:\/\/editura-unibuc.ro\/wp-content\/uploads\/2024\/03\/gp.jpg\">Google Play<\/a><\/p>\n<p><\/strong><br \/>\nLucrarea introduce no\u021biuni de baz\u0103 privind m\u0103surarea \u00een disciplinele socio-umane, demersul analizei de date, colectarea datelor, modele statistice, frecven\u021be, clase \u0219i reprezent\u0103ri grafice, fiind un volum destinat ini\u021bierii \u00een analiza datelor. \u00cen prima<br \/>\nparte vor fi prezentate no\u021biunile teoretice, capitolul \u00eencheindu-se cu un test gril\u0103 de verificare a cuno\u0219tin\u021belor, iar p\u0103r\u021bile 2 \u0219i 3 con\u021bin aplica\u021bii \u00een IBM SPSS Statistics \u0219i limbajul R.<br \/>\nAplica\u021biile \u00een IBM SPSS Statistics includ elemente legate de proiectarea seturilor de date, opera\u021biuni asupra datelor, realizarea tabelelor de frecven\u021be \u0219i a reprezent\u0103rilor grafice, acelea\u0219i lucruri fiind reluate \u0219i folosind limbajul R, incluz\u00e2ndu-se, suplimentar, \u0219i bazele limbajului. P\u0103r\u021bile practice se \u00eencheie cu proiecte individuale \u0219i teme pentru acas\u0103.<\/p>\n<p>Pentru desc\u0103rcarea arhivei de date accesa\u021bi\u00a0<a href=\"https:\/\/editura-unibuc.ro\/introducere-in-analiza-datelortomul-1-masurarea-colectarea-datelor-si-modele-statistice-aplicatii-in-ibm-spss-statistics-si-rarhiva-date\/\">https:\/\/editura-unibuc.ro\/introducere-in-analiza-datelortomul-1-masurarea-colectarea-datelor-si-modele-statistice-aplicatii-in-ibm-spss-statistics-si-rarhiva-date\/<\/a><\/p>\n","protected":false},"featured_media":40204,"comment_status":"open","ping_status":"closed","template":"","meta":[],"product_brand":[],"product_cat":[991,997],"product_tag":[1111,900],"class_list":{"0":"post-39410","1":"product","2":"type-product","3":"status-publish","4":"has-post-thumbnail","6":"product_cat-stiinte-sociale","7":"product_cat-psihologie-stiintele-educatiei-si-pedagogie","8":"product_tag-psihologie","9":"product_tag-statistica","11":"first","12":"instock","13":"shipping-taxable","14":"purchasable","15":"product-type-simple"},"_links":{"self":[{"href":"https:\/\/editura-unibuc.ro\/en\/wp-json\/wp\/v2\/product\/39410","targetHints":{"allow":["GET"]}}],"collection":[{"href":"https:\/\/editura-unibuc.ro\/en\/wp-json\/wp\/v2\/product"}],"about":[{"href":"https:\/\/editura-unibuc.ro\/en\/wp-json\/wp\/v2\/types\/product"}],"replies":[{"embeddable":true,"href":"https:\/\/editura-unibuc.ro\/en\/wp-json\/wp\/v2\/comments?post=39410"}],"wp:featuredmedia":[{"embeddable":true,"href":"https:\/\/editura-unibuc.ro\/en\/wp-json\/wp\/v2\/media\/40204"}],"wp:attachment":[{"href":"https:\/\/editura-unibuc.ro\/en\/wp-json\/wp\/v2\/media?parent=39410"}],"wp:term":[{"taxonomy":"product_brand","embeddable":true,"href":"https:\/\/editura-unibuc.ro\/en\/wp-json\/wp\/v2\/product_brand?post=39410"},{"taxonomy":"product_cat","embeddable":true,"href":"https:\/\/editura-unibuc.ro\/en\/wp-json\/wp\/v2\/product_cat?post=39410"},{"taxonomy":"product_tag","embeddable":true,"href":"https:\/\/editura-unibuc.ro\/en\/wp-json\/wp\/v2\/product_tag?post=39410"}],"curies":[{"name":"wp","href":"https:\/\/api.w.org\/{rel}","templated":true}]}}