{"id":3959,"date":"2012-11-16T09:25:09","date_gmt":"2012-11-16T06:25:09","guid":{"rendered":"https:\/\/editura-unibuc.ro\/?p=3959"},"modified":"2015-03-13T16:56:18","modified_gmt":"2015-03-13T14:56:18","slug":"activitatea-fizica-independenta-si-valorificarea-prin-miscare-a-timpului-liber-vol-i","status":"publish","type":"product","link":"https:\/\/editura-unibuc.ro\/en\/activitatea-fizica-independenta-si-valorificarea-prin-miscare-a-timpului-liber-vol-i\/","title":{"rendered":"INDEPENDENT PHYSICAL ACTIVITY AND SPARE TIME UTILIZATION BY MOTION. VOL. I"},"content":{"rendered":"<p>,,Lucrarea pe care o prezint\u0103 colectivul de \u0219apte autori se adaug\u0103 altor volume care trateaz\u0103 despre ce facem cu timpul liber.Meritul autorilor prezentei lucr\u0103ri este c\u0103 ea surprinde \u0219i dezvolt\u0103 ecua\u021bia timp liber \u2212 educa\u021bie privit\u0103 \u00een contextul educa\u021biei permanente, av\u00e2nd \u00een vedere c\u0103 viteza cu care se scurge via\u021ba ne face s\u0103 uit\u0103m de necesit\u0103\u021bile organismului, \u00eentre care pe primul plan este educa\u021bia pentru mi\u0219care [\u2026] Apreciez c\u0103 lucrarea colectivului de autori, cadre didactice ale Departamentului de Educa\u021bie Fizic\u0103 \u0219i Sport din cadrul Universit\u0103\u021bii din Bucure\u0219ti, este \u00eenc\u0103 un pas \u00eenainte spre valorificarea cu folos a timpului liber.\u201d (Prof. univ. dr. Ioan Sab\u0103u, Doctor Honoris Causa, Antrenor emerit)<\/p>\n","protected":false},"excerpt":{"rendered":"<p>,,Lucrarea pe care o prezint\u0103 colectivul de \u0219apte autori se adaug\u0103 altor volume care trateaz\u0103 despre ce facem cu timpul liber.Meritul autorilor prezentei lucr\u0103ri este c\u0103 ea surprinde \u0219i dezvolt\u0103 ecua\u021bia timp liber \u2212 educa\u021bie privit\u0103 \u00een contextul educa\u021biei permanente, av\u00e2nd \u00een vedere c\u0103 viteza cu care se scurge via\u021ba ne face s\u0103 uit\u0103m de [&hellip;]<\/p>\n","protected":false},"featured_media":9260,"comment_status":"open","ping_status":"closed","template":"","meta":[],"product_brand":[],"product_cat":[993,991],"product_tag":[1166,1269],"class_list":{"0":"post-3959","1":"product","2":"type-product","3":"status-publish","4":"has-post-thumbnail","6":"product_cat-educatie-fizica-si-sport","7":"product_cat-stiinte-sociale","8":"product_tag-educatie-fizica","9":"product_tag-sport","11":"first","12":"instock","13":"shipping-taxable","14":"purchasable","15":"product-type-simple"},"_links":{"self":[{"href":"https:\/\/editura-unibuc.ro\/en\/wp-json\/wp\/v2\/product\/3959","targetHints":{"allow":["GET"]}}],"collection":[{"href":"https:\/\/editura-unibuc.ro\/en\/wp-json\/wp\/v2\/product"}],"about":[{"href":"https:\/\/editura-unibuc.ro\/en\/wp-json\/wp\/v2\/types\/product"}],"replies":[{"embeddable":true,"href":"https:\/\/editura-unibuc.ro\/en\/wp-json\/wp\/v2\/comments?post=3959"}],"wp:featuredmedia":[{"embeddable":true,"href":"https:\/\/editura-unibuc.ro\/en\/wp-json\/wp\/v2\/media\/9260"}],"wp:attachment":[{"href":"https:\/\/editura-unibuc.ro\/en\/wp-json\/wp\/v2\/media?parent=3959"}],"wp:term":[{"taxonomy":"product_brand","embeddable":true,"href":"https:\/\/editura-unibuc.ro\/en\/wp-json\/wp\/v2\/product_brand?post=3959"},{"taxonomy":"product_cat","embeddable":true,"href":"https:\/\/editura-unibuc.ro\/en\/wp-json\/wp\/v2\/product_cat?post=3959"},{"taxonomy":"product_tag","embeddable":true,"href":"https:\/\/editura-unibuc.ro\/en\/wp-json\/wp\/v2\/product_tag?post=3959"}],"curies":[{"name":"wp","href":"https:\/\/api.w.org\/{rel}","templated":true}]}}