{"id":39613,"date":"2023-08-29T12:01:47","date_gmt":"2023-08-29T09:01:47","guid":{"rendered":"https:\/\/editura-unibuc.ro\/?post_type=product&#038;p=39613"},"modified":"2025-05-08T11:02:54","modified_gmt":"2025-05-08T08:02:54","slug":"efectele-psihosomatice-ale-rugaciunii-in-spiritualitatea-filocalica","status":"publish","type":"product","link":"https:\/\/editura-unibuc.ro\/en\/efectele-psihosomatice-ale-rugaciunii-in-spiritualitatea-filocalica\/","title":{"rendered":"EFECTELE PSIHOSOMATICE ALE RUG\u0102CIUNII \u00ceN SPIRITUALITATEA FILOCALIC\u0102"},"content":{"rendered":"","protected":false},"excerpt":{"rendered":"<hr \/>\n<p><strong><a href=\"https:\/\/books.google.ro\/books\/about?id=ol_UEAAAQBAJ&#038;redir_esc=y\" target=\"_blank\" rel=\"noopener\"><img decoding=\"async\" src=\"https:\/\/editura-unibuc.ro\/wp-content\/uploads\/2025\/04\/goo.png\" \/>Google Books<\/a><\/strong><br \/>&nbsp;<\/p>\n<hr \/>\n<p>Despre rug\u0103ciune s-a scris mult. Mul\u021bi o practic\u0103, uneori, necredincio\u0219i fiind, ceea ce ne face s\u0103 credem c\u0103 rug\u0103ciunea, ca fapt psihologic, \u021bine de resorturile cele mai ad\u00e2nci ale firii umane autentice, unde omul normal simte nevoia de a se \u00eentre\u021bine\/de a dialoga cu Cineva de dincolo de el \u0219i, totodat\u0103, prezent \u00een el \u0219i l\u00e2ng\u0103 el. Din lecturi \u0219i\/sau din experien\u021ba concret\u0103, mul\u021bi dintre noi cunoa\u0219tem efectele rug\u0103ciunii \u00een via\u021ba personal\u0103 \u0219i \u00een vie\u021bile celor care s-au rugat \u0219i se roag\u0103 cu adev\u0103rat.<br \/>\n\u00cen lucrarea sa, Florin \u0218tefan a c\u0103utat s\u0103 prezinte rug\u0103ciunea, at\u00e2t ca fapt somato-psihic, cu formele, tipurile \u0219i treptele sale, c\u00e2t \u0219i cu efectele v\u0103zute \u0219i constatate la subiec\u021bii care se roag\u0103 \u0219i pentru care al\u021bii se roag\u0103.<br \/>\nCu toate acestea, rug\u0103ciunea, puterea \u0219i efectele ei au fost \u0219i sunt contestate de al\u021bii, din cauze \u0219i motive diverse. Contestarea puterii rug\u0103ciunii \u0219i a urm\u0103rilor ei, pe de o parte, \u0219i curiozitatea urm\u0103rilor acesteia, pe de alt\u0103 parte, au stimulat interesul neuro\u0219tiin\u021belor. Speciali\u0219tii \u00een acest domeniu, prin intermediul tehnicii, au dovedit producerea unor schimb\u0103ri \u00een harta creierului la cei care se roag\u0103, schimb\u0103ri care nu sunt similare oric\u0103ror alte schimb\u0103ri, constatate \u00een cazul altor emo\u021bii (dec\u00e2t ale celor care se roag\u0103) sau \u00een cazul recit\u0103rii oric\u0103ror alte texte, dec\u00e2t cele care cuprind rug\u0103ciuni.<\/p>\n","protected":false},"featured_media":39651,"comment_status":"open","ping_status":"closed","template":"","meta":[],"product_brand":[],"product_cat":[1531,2597,997,999],"product_tag":[2865,1021],"class_list":{"0":"post-39613","1":"product","2":"type-product","3":"status-publish","4":"has-post-thumbnail","6":"product_cat-colectii","7":"product_cat-studia-theologica","8":"product_cat-psihologie-stiintele-educatiei-si-pedagogie","9":"product_cat-teologie","10":"product_tag-rugaciune-crestina","11":"product_tag-teologie","13":"first","14":"instock","15":"shipping-taxable","16":"purchasable","17":"product-type-simple"},"_links":{"self":[{"href":"https:\/\/editura-unibuc.ro\/en\/wp-json\/wp\/v2\/product\/39613","targetHints":{"allow":["GET"]}}],"collection":[{"href":"https:\/\/editura-unibuc.ro\/en\/wp-json\/wp\/v2\/product"}],"about":[{"href":"https:\/\/editura-unibuc.ro\/en\/wp-json\/wp\/v2\/types\/product"}],"replies":[{"embeddable":true,"href":"https:\/\/editura-unibuc.ro\/en\/wp-json\/wp\/v2\/comments?post=39613"}],"wp:featuredmedia":[{"embeddable":true,"href":"https:\/\/editura-unibuc.ro\/en\/wp-json\/wp\/v2\/media\/39651"}],"wp:attachment":[{"href":"https:\/\/editura-unibuc.ro\/en\/wp-json\/wp\/v2\/media?parent=39613"}],"wp:term":[{"taxonomy":"product_brand","embeddable":true,"href":"https:\/\/editura-unibuc.ro\/en\/wp-json\/wp\/v2\/product_brand?post=39613"},{"taxonomy":"product_cat","embeddable":true,"href":"https:\/\/editura-unibuc.ro\/en\/wp-json\/wp\/v2\/product_cat?post=39613"},{"taxonomy":"product_tag","embeddable":true,"href":"https:\/\/editura-unibuc.ro\/en\/wp-json\/wp\/v2\/product_tag?post=39613"}],"curies":[{"name":"wp","href":"https:\/\/api.w.org\/{rel}","templated":true}]}}