{"id":3963,"date":"2012-11-16T09:31:42","date_gmt":"2012-11-16T06:31:42","guid":{"rendered":"https:\/\/editura-unibuc.ro\/?p=3963"},"modified":"2024-04-12T10:50:47","modified_gmt":"2024-04-12T07:50:47","slug":"file-din-istoria-gimnasticii-romanesti-monografie","status":"publish","type":"product","link":"https:\/\/editura-unibuc.ro\/en\/file-din-istoria-gimnasticii-romanesti-monografie\/","title":{"rendered":"PAGES FROM ROMANIAN GYMNASTICS HISTORY (MONOGRAPHY)"},"content":{"rendered":"<p>Portretele unor mari sportivi care au f\u0103cut cinste Rom\u00e2niei prin performan\u021bele, d\u0103ruirea \u0219i prestigiul pe care l-au adus na\u021biunii, precum \u0219i prezentarea personalit\u0103\u021bilor care \u0219i-au pus amprenta \u00een dezvoltarea acestei ramuri sportive.<\/p>\n<p>Dup\u0103 cum apreciaz\u0103 prof. univ. dr. Honoris Causa Aurel Encu\u021bescu, autoarea nu se rezum\u0103 la prezentarea gimnasticii la modul general, ci sunt abordate \u0219i alte subsisteme, ca gimnastica aerobic\u0103 \u0219i gimnastica terapeutic\u0103, f\u0103c\u00e2ndu-se referiri \u0219i la utilizarea acestora \u00een cadrul institu\u021biilor de \u00eenv\u0103\u021b\u0103m\u00e2nt superior.<\/p>\n","protected":false},"excerpt":{"rendered":"<p>Portretele unor mari sportivi care au f\u0103cut cinste Rom\u00e2niei prin performan\u021bele, d\u0103ruirea \u0219i prestigiul pe care l-au adus na\u021biunii, precum \u0219i prezentarea personalit\u0103\u021bilor care \u0219i-au pus amprenta \u00een dezvoltarea acestei ramuri sportive. Dup\u0103 cum apreciaz\u0103 prof. univ. dr. Honoris Causa Aurel Encu\u021bescu, autoarea nu se rezum\u0103 la prezentarea gimnasticii la modul general, ci sunt abordate [&hellip;]<\/p>\n","protected":false},"featured_media":9258,"comment_status":"open","ping_status":"closed","template":"","meta":[],"product_brand":[],"product_cat":[993,991],"product_tag":[1166,1269],"class_list":{"0":"post-3963","1":"product","2":"type-product","3":"status-publish","4":"has-post-thumbnail","6":"product_cat-educatie-fizica-si-sport","7":"product_cat-stiinte-sociale","8":"product_tag-educatie-fizica","9":"product_tag-sport","11":"first","12":"instock","13":"shipping-taxable","14":"purchasable","15":"product-type-simple"},"_links":{"self":[{"href":"https:\/\/editura-unibuc.ro\/en\/wp-json\/wp\/v2\/product\/3963","targetHints":{"allow":["GET"]}}],"collection":[{"href":"https:\/\/editura-unibuc.ro\/en\/wp-json\/wp\/v2\/product"}],"about":[{"href":"https:\/\/editura-unibuc.ro\/en\/wp-json\/wp\/v2\/types\/product"}],"replies":[{"embeddable":true,"href":"https:\/\/editura-unibuc.ro\/en\/wp-json\/wp\/v2\/comments?post=3963"}],"wp:featuredmedia":[{"embeddable":true,"href":"https:\/\/editura-unibuc.ro\/en\/wp-json\/wp\/v2\/media\/9258"}],"wp:attachment":[{"href":"https:\/\/editura-unibuc.ro\/en\/wp-json\/wp\/v2\/media?parent=3963"}],"wp:term":[{"taxonomy":"product_brand","embeddable":true,"href":"https:\/\/editura-unibuc.ro\/en\/wp-json\/wp\/v2\/product_brand?post=3963"},{"taxonomy":"product_cat","embeddable":true,"href":"https:\/\/editura-unibuc.ro\/en\/wp-json\/wp\/v2\/product_cat?post=3963"},{"taxonomy":"product_tag","embeddable":true,"href":"https:\/\/editura-unibuc.ro\/en\/wp-json\/wp\/v2\/product_tag?post=3963"}],"curies":[{"name":"wp","href":"https:\/\/api.w.org\/{rel}","templated":true}]}}