{"id":3968,"date":"2012-11-16T09:38:19","date_gmt":"2012-11-16T06:38:19","guid":{"rendered":"https:\/\/editura-unibuc.ro\/?p=3968"},"modified":"2024-10-22T09:45:13","modified_gmt":"2024-10-22T06:45:13","slug":"indrumar-metodic-pentru-kinetoterapie-cu-mijloace-asociate-din-educatia-fizica-gimnastica-posttraumatica-vol-ii","status":"publish","type":"product","link":"https:\/\/editura-unibuc.ro\/en\/indrumar-metodic-pentru-kinetoterapie-cu-mijloace-asociate-din-educatia-fizica-gimnastica-posttraumatica-vol-ii\/","title":{"rendered":"METHODICAL GUIDE FOR KINETOTHERAPY BY PHYSICAL TRAINING ASSOCIATED MEANS. POST-TRAUMATIC GYMNASTICS. VOL. II"},"content":{"rendered":"<p>Clasificarea traumatismelor. Efectele imobiliz\u0103rii prelungite asupra structurilor aparatului neuro-mio-arto-kinetic. Scop, obiective, mijloace ale recuper\u0103rii posttraumatice. Metodologia de tratament postural \u00een afec\u021biunile aparatului locomotor. Particularit\u0103\u021bi ale terapiei posturale \u00een afec\u021biuni ale coloanei lombo-sacrate, afec\u021biuni posttraumatice ale membrului portan. Metodologia recuper\u0103rii traumatismelor. Traumatismele musculo-ligamentare. Cauzele accidentelor sportive.<\/p>\n<p>Pentru elaborarea \u0219i redactarea acestui volum de sintez\u0103 au fost utilizate \u0219i adaptate informa\u021bii ob\u021binute \u00een urma analizei unor lucr\u0103ri de specialitate, a unor dic\u021bionare din diverse domenii conexe \u0219i a unor experien\u021be \u0219i colabor\u0103ri avute de-a lungul timpului.<\/p>","protected":false},"excerpt":{"rendered":"<p>Clasificarea traumatismelor. Efectele imobiliz\u0103rii prelungite asupra structurilor aparatului neuro-mio-arto-kinetic. Scop, obiective, mijloace ale recuper\u0103rii posttraumatice. Metodologia de tratament postural \u00een afec\u021biunile aparatului locomotor. Particularit\u0103\u021bi ale terapiei posturale \u00een afec\u021biuni ale coloanei lombo-sacrate, afec\u021biuni posttraumatice ale membrului portan. Metodologia recuper\u0103rii traumatismelor. Traumatismele musculo-ligamentare. Cauzele accidentelor sportive. Pentru elaborarea \u0219i redactarea acestui volum de sintez\u0103 au fost [&hellip;]<\/p>\n","protected":false},"featured_media":9256,"comment_status":"open","ping_status":"closed","template":"","meta":[],"product_brand":[],"product_cat":[993,991],"product_tag":[1308,1302],"class_list":{"0":"post-3968","1":"product","2":"type-product","3":"status-publish","4":"has-post-thumbnail","6":"product_cat-educatie-fizica-si-sport","7":"product_cat-stiinte-sociale","8":"product_tag-gimnastica","9":"product_tag-kinetoterapie","11":"first","12":"outofstock","13":"shipping-taxable","14":"purchasable","15":"product-type-simple"},"_links":{"self":[{"href":"https:\/\/editura-unibuc.ro\/en\/wp-json\/wp\/v2\/product\/3968","targetHints":{"allow":["GET"]}}],"collection":[{"href":"https:\/\/editura-unibuc.ro\/en\/wp-json\/wp\/v2\/product"}],"about":[{"href":"https:\/\/editura-unibuc.ro\/en\/wp-json\/wp\/v2\/types\/product"}],"replies":[{"embeddable":true,"href":"https:\/\/editura-unibuc.ro\/en\/wp-json\/wp\/v2\/comments?post=3968"}],"wp:featuredmedia":[{"embeddable":true,"href":"https:\/\/editura-unibuc.ro\/en\/wp-json\/wp\/v2\/media\/9256"}],"wp:attachment":[{"href":"https:\/\/editura-unibuc.ro\/en\/wp-json\/wp\/v2\/media?parent=3968"}],"wp:term":[{"taxonomy":"product_brand","embeddable":true,"href":"https:\/\/editura-unibuc.ro\/en\/wp-json\/wp\/v2\/product_brand?post=3968"},{"taxonomy":"product_cat","embeddable":true,"href":"https:\/\/editura-unibuc.ro\/en\/wp-json\/wp\/v2\/product_cat?post=3968"},{"taxonomy":"product_tag","embeddable":true,"href":"https:\/\/editura-unibuc.ro\/en\/wp-json\/wp\/v2\/product_tag?post=3968"}],"curies":[{"name":"wp","href":"https:\/\/api.w.org\/{rel}","templated":true}]}}