{"id":39751,"date":"2023-09-12T09:57:36","date_gmt":"2023-09-12T06:57:36","guid":{"rendered":"https:\/\/editura-unibuc.ro\/?post_type=product&#038;p=39751"},"modified":"2025-08-08T10:21:35","modified_gmt":"2025-08-08T07:21:35","slug":"geografia-fizica-a-continentelor-america-de-nord-america-de-sud-africa-si-antarctica","status":"publish","type":"product","link":"https:\/\/editura-unibuc.ro\/en\/geografia-fizica-a-continentelor-america-de-nord-america-de-sud-africa-si-antarctica\/","title":{"rendered":"GEOGRAFIA FIZIC\u0102 A CONTINENTELOR America de Nord, America de Sud, Africa \u0219i Antarctica"},"content":{"rendered":"","protected":false},"excerpt":{"rendered":"<hr \/>\n<p><strong><a href=\"https:\/\/books.google.ro\/books\/about?id=I3_ZEAAAQBAJ&amp;redir_esc=y\" target=\"_blank\" rel=\"noopener\"><img decoding=\"async\" src=\"https:\/\/editura-unibuc.ro\/wp-content\/uploads\/2025\/04\/goo.png\" \/>Google Books<\/a><\/strong><br \/>&nbsp;<\/p>\n<hr \/>\n<p><strong>Digital version available on <a href=\"https:\/\/play.google.com\/store\/books\/details?id=bab7EAAAQBAJ\" rel=\"noopener\" target=\"_blank\"><img decoding=\"async\" src=\"https:\/\/editura-unibuc.ro\/wp-content\/uploads\/2024\/03\/gp.jpg\">Google Play<\/a><\/p>\n<p><\/strong><br \/>\nVolumul este destinat cu prec\u0103dere studen\u021bilor geografi care doresc s\u0103 urmeze o specializare \u00een geografia regional\u0103, precum \u0219i studen\u021bilor geologi sau profesorilor interesa\u021bi s\u0103 \u00ee\u0219i dezvolte cuno\u0219tin\u021bele generale sau de specialitate \u00een acest domeniu. Con\u021binutul este structurat \u00een patru capitole dedicate geografiei fizice \u0219i un capitol care elaboreaz\u0103 aspecte legate de geologie \u0219i geochimie. Am considerat util\u0103 includerea acestor componente pentru a oferi informa\u021bii obiective privind realitatea unor procese \u0219i fenomene geografice, \u00een \u00eencercarea de a atinge un nivel de cunoa\u0219tere c\u00e2t mai ridicat \u00een domeniul \u0219tiin\u021belor p\u0103m\u00e2ntului.<\/p>\n","protected":false},"featured_media":39752,"comment_status":"open","ping_status":"closed","template":"","meta":[],"product_brand":[],"product_cat":[1466,989],"product_tag":[903,909],"class_list":{"0":"post-39751","1":"product","2":"type-product","3":"status-publish","4":"has-post-thumbnail","6":"product_cat-stiinte-ale-naturii","7":"product_cat-geografie","8":"product_tag-geografie","9":"product_tag-geologie","11":"first","12":"instock","13":"shipping-taxable","14":"purchasable","15":"product-type-simple"},"_links":{"self":[{"href":"https:\/\/editura-unibuc.ro\/en\/wp-json\/wp\/v2\/product\/39751","targetHints":{"allow":["GET"]}}],"collection":[{"href":"https:\/\/editura-unibuc.ro\/en\/wp-json\/wp\/v2\/product"}],"about":[{"href":"https:\/\/editura-unibuc.ro\/en\/wp-json\/wp\/v2\/types\/product"}],"replies":[{"embeddable":true,"href":"https:\/\/editura-unibuc.ro\/en\/wp-json\/wp\/v2\/comments?post=39751"}],"wp:featuredmedia":[{"embeddable":true,"href":"https:\/\/editura-unibuc.ro\/en\/wp-json\/wp\/v2\/media\/39752"}],"wp:attachment":[{"href":"https:\/\/editura-unibuc.ro\/en\/wp-json\/wp\/v2\/media?parent=39751"}],"wp:term":[{"taxonomy":"product_brand","embeddable":true,"href":"https:\/\/editura-unibuc.ro\/en\/wp-json\/wp\/v2\/product_brand?post=39751"},{"taxonomy":"product_cat","embeddable":true,"href":"https:\/\/editura-unibuc.ro\/en\/wp-json\/wp\/v2\/product_cat?post=39751"},{"taxonomy":"product_tag","embeddable":true,"href":"https:\/\/editura-unibuc.ro\/en\/wp-json\/wp\/v2\/product_tag?post=39751"}],"curies":[{"name":"wp","href":"https:\/\/api.w.org\/{rel}","templated":true}]}}