{"id":39759,"date":"2023-09-12T10:48:33","date_gmt":"2023-09-12T07:48:33","guid":{"rendered":"https:\/\/editura-unibuc.ro\/?post_type=product&#038;p=39759"},"modified":"2025-05-08T14:04:57","modified_gmt":"2025-05-08T11:04:57","slug":"investigatii-geotehnice-in-situaplicatii-practice","status":"publish","type":"product","link":"https:\/\/editura-unibuc.ro\/en\/investigatii-geotehnice-in-situaplicatii-practice\/","title":{"rendered":"INVESTIGA\u021aII GEOTEHNICE IN-SITU<br\/>APLICA\u021aII PRACTICE"},"content":{"rendered":"","protected":false},"excerpt":{"rendered":"<hr \/>\n<p><strong><a href=\"https:\/\/books.google.ro\/books\/about?id=DnnWEAAAQBAJ&#038;redir_esc=y\" target=\"_blank\" rel=\"noopener\"><img decoding=\"async\" src=\"https:\/\/editura-unibuc.ro\/wp-content\/uploads\/2025\/04\/goo.png\" \/>Google Books<\/a><\/strong><br \/>&nbsp;<\/p>\n<hr \/>\n<p>Lucrarea se adreseaz\u0103 \u00een principal studen\u0163ilor masteranzi ai programului de Inginerie Geologic\u0103 \u015fi Geotehnic\u0103 Ambiental\u0103, din cadrul Facult\u0103\u0163ii de Geologie \u015fi Geofizic\u0103, Universitatea din Bucure\u015fti venind \u00een sprijinul disciplinei cu acela\u015fi nume pentru care suportul de curs a fost publicat \u00een anul 2010 (Investiga\u0163ii geotehnice in-situ, Ed. Universit\u0103\u0163ii din Bucure\u015fti, 128pp., ISBN 978-973-737-803-3).<br \/>\nLucrarea poate fi util\u0103 \u00een acela\u015fi timp \u015fi tinerilor ingineri geologi-geotehnicieni angrena\u0163i \u00een activit\u0103\u0163i de cercetare complex\u0103 a structurilor geologice \u00een diverse scopuri \u015ftiin\u0163ifice sau practice, ea descifr\u00e2nd \u00eentr-un mod care se dore\u015fte accesibil, modalit\u0103\u0163ile de baz\u0103 de caracterizare a acestora \u015fi de definire a pricipalelor propriet\u0103\u0163i fizico-mecanice, \u00een acord at\u00e2t cu normativele europene \u015fi rom\u00e2ne\u015fti dar \u00een acela\u015fi timp \u015fi cu cele mai noi direc\u0163ii de dezvoltare pe plan mondial (av\u00e2nd peste 50 de referin\u0163e bibliografice na\u0163ionale \u015fi interna\u0163ionale).<br \/>\nSunt tratate trei din cele mai uzuale \u015fi adaptabile metode in-situ de investigarea a terenurilor: Penetrarea Dinamic\u0103 Standard (SPT), Penetrarea Dinamic\u0103 pe Con (PD) \u015fi Penetrarea Static\u0103 pe Con (CPT). Pentru fiecare dintre acestea sunt prezentate pe scurt considera\u0163iile teoretice care fundamenteaz\u0103 medodele, parametrii m\u0103sura\u0163i \u015fi corec\u0163iile necesare \u015fi sunt redate in extenso principalele direc\u0163ii de interpretare a rezultatelor, respectiv estimarea parametrilor fizico-mecanici ai terenurilor traversate \u015fi aplica\u0163iile metodelor \u00een rezolvarea problemelor inginere\u015fti.<br \/>\nFiec\u0103rei metode \u015fi direc\u0163ii de interpretare \u00eei este asociat\u0103 o aplica\u0163ie rezolvat\u0103 \u00een mod explicit, \u00eensum\u00e2ndu-se astfel un total de 16 probleme practice.<\/p>\n","protected":false},"featured_media":39760,"comment_status":"open","ping_status":"closed","template":"","meta":[],"product_brand":[],"product_cat":[990],"product_tag":[909],"class_list":{"0":"post-39759","1":"product","2":"type-product","3":"status-publish","4":"has-post-thumbnail","6":"product_cat-geologie","7":"product_tag-geologie","9":"first","10":"instock","11":"shipping-taxable","12":"product-type-simple"},"_links":{"self":[{"href":"https:\/\/editura-unibuc.ro\/en\/wp-json\/wp\/v2\/product\/39759","targetHints":{"allow":["GET"]}}],"collection":[{"href":"https:\/\/editura-unibuc.ro\/en\/wp-json\/wp\/v2\/product"}],"about":[{"href":"https:\/\/editura-unibuc.ro\/en\/wp-json\/wp\/v2\/types\/product"}],"replies":[{"embeddable":true,"href":"https:\/\/editura-unibuc.ro\/en\/wp-json\/wp\/v2\/comments?post=39759"}],"wp:featuredmedia":[{"embeddable":true,"href":"https:\/\/editura-unibuc.ro\/en\/wp-json\/wp\/v2\/media\/39760"}],"wp:attachment":[{"href":"https:\/\/editura-unibuc.ro\/en\/wp-json\/wp\/v2\/media?parent=39759"}],"wp:term":[{"taxonomy":"product_brand","embeddable":true,"href":"https:\/\/editura-unibuc.ro\/en\/wp-json\/wp\/v2\/product_brand?post=39759"},{"taxonomy":"product_cat","embeddable":true,"href":"https:\/\/editura-unibuc.ro\/en\/wp-json\/wp\/v2\/product_cat?post=39759"},{"taxonomy":"product_tag","embeddable":true,"href":"https:\/\/editura-unibuc.ro\/en\/wp-json\/wp\/v2\/product_tag?post=39759"}],"curies":[{"name":"wp","href":"https:\/\/api.w.org\/{rel}","templated":true}]}}