{"id":39773,"date":"2023-09-13T10:04:54","date_gmt":"2023-09-13T07:04:54","guid":{"rendered":"https:\/\/editura-unibuc.ro\/?post_type=product&#038;p=39773"},"modified":"2025-08-07T10:52:28","modified_gmt":"2025-08-07T07:52:28","slug":"revista-romana-de-filosofie-analiticavolumul-xii-nr-1-2-2018","status":"publish","type":"product","link":"https:\/\/editura-unibuc.ro\/en\/revista-romana-de-filosofie-analiticavolumul-xii-nr-1-2-2018\/","title":{"rendered":"Romanian Journal of Analytic PhilosophyXII, Nr. 1-2, 2018"},"content":{"rendered":"","protected":false},"excerpt":{"rendered":"<p>Revist\u0103 semestrial\u0103 publicat\u0103 de Societatea Rom\u00e2n\u0103 de Filosofie Analitic\u0103, cu sprijinul Facult\u0103\u021bii de Filosofie, Universitatea din Bucure\u0219ti.<\/p>\n<p>DIN CUPRINS:<br \/>\nMIRCEA FLONTA, Cunoa\u0219terea \u0219i valorile<br \/>\nCONSTANTIN STOENESCU, Translation and Linguistic Relativism. An Epistemological Approach<br \/>\nTUDOR M\u0102RGINEAN, Naturalism Reloaded: How Do We Construct Our World? \u2013 Review of Joseph Rouse, Articulating the World. Conceptual Understanding and<br \/>\nScientific Image<\/p>\n","protected":false},"featured_media":39774,"comment_status":"open","ping_status":"closed","template":"","meta":[],"product_brand":[],"product_cat":[3919,1891,1469,1893,994],"product_tag":[921],"class_list":{"0":"post-39773","1":"product","2":"type-product","3":"status-publish","4":"has-post-thumbnail","6":"product_cat-revista-romana-de-filosofie-analitica","7":"product_cat-download","8":"product_cat-periodice","9":"product_cat-reviste-academice","10":"product_cat-filosofie","11":"product_tag-filosofie","13":"first","14":"outofstock","15":"downloadable","16":"shipping-taxable","17":"product-type-simple"},"_links":{"self":[{"href":"https:\/\/editura-unibuc.ro\/en\/wp-json\/wp\/v2\/product\/39773","targetHints":{"allow":["GET"]}}],"collection":[{"href":"https:\/\/editura-unibuc.ro\/en\/wp-json\/wp\/v2\/product"}],"about":[{"href":"https:\/\/editura-unibuc.ro\/en\/wp-json\/wp\/v2\/types\/product"}],"replies":[{"embeddable":true,"href":"https:\/\/editura-unibuc.ro\/en\/wp-json\/wp\/v2\/comments?post=39773"}],"wp:featuredmedia":[{"embeddable":true,"href":"https:\/\/editura-unibuc.ro\/en\/wp-json\/wp\/v2\/media\/39774"}],"wp:attachment":[{"href":"https:\/\/editura-unibuc.ro\/en\/wp-json\/wp\/v2\/media?parent=39773"}],"wp:term":[{"taxonomy":"product_brand","embeddable":true,"href":"https:\/\/editura-unibuc.ro\/en\/wp-json\/wp\/v2\/product_brand?post=39773"},{"taxonomy":"product_cat","embeddable":true,"href":"https:\/\/editura-unibuc.ro\/en\/wp-json\/wp\/v2\/product_cat?post=39773"},{"taxonomy":"product_tag","embeddable":true,"href":"https:\/\/editura-unibuc.ro\/en\/wp-json\/wp\/v2\/product_tag?post=39773"}],"curies":[{"name":"wp","href":"https:\/\/api.w.org\/{rel}","templated":true}]}}