{"id":39776,"date":"2023-09-13T10:18:20","date_gmt":"2023-09-13T07:18:20","guid":{"rendered":"https:\/\/editura-unibuc.ro\/?post_type=product&#038;p=39776"},"modified":"2025-08-07T10:52:21","modified_gmt":"2025-08-07T07:52:21","slug":"revista-romana-de-filosofie-analiticavolumul-xiii-nr-1-2-2019","status":"publish","type":"product","link":"https:\/\/editura-unibuc.ro\/en\/revista-romana-de-filosofie-analiticavolumul-xiii-nr-1-2-2019\/","title":{"rendered":"Romanian Journal of Analytic Philosophy, Volumul XIII, Nr. 1-2, 2019"},"content":{"rendered":"","protected":false},"excerpt":{"rendered":"<p>Revist\u0103 semestrial\u0103 publicat\u0103 de Societatea Rom\u00e2n\u0103 de Filosofie Analitic\u0103, cu sprijinul Facult\u0103\u021bii de Filosofie, Universitatea din Bucure\u0219ti<\/p>\n<p>DIN CUPRINS:<br \/>\nMIRCEA FLONTA, O controvers\u0103 filosofic\u0103 tipic\u0103? Disputa Popper-Kuhn<br \/>\nMICAH THOMAS PIMARO, JR., Analogical Reasoning and the Question of Climate Change Litigation<br \/>\nDAIAN BICA, Vaguitatea practicilor \u0219tiin\u021bifice (Recenzie la Nancy Cartwright, Nature, the Artful Modeler, Open Court, Chicago, 2019<\/p>\n","protected":false},"featured_media":39778,"comment_status":"open","ping_status":"closed","template":"","meta":[],"product_brand":[],"product_cat":[3919,1891,1469,1893,994],"product_tag":[921],"class_list":{"0":"post-39776","1":"product","2":"type-product","3":"status-publish","4":"has-post-thumbnail","6":"product_cat-revista-romana-de-filosofie-analitica","7":"product_cat-download","8":"product_cat-periodice","9":"product_cat-reviste-academice","10":"product_cat-filosofie","11":"product_tag-filosofie","13":"first","14":"outofstock","15":"downloadable","16":"shipping-taxable","17":"product-type-simple"},"_links":{"self":[{"href":"https:\/\/editura-unibuc.ro\/en\/wp-json\/wp\/v2\/product\/39776","targetHints":{"allow":["GET"]}}],"collection":[{"href":"https:\/\/editura-unibuc.ro\/en\/wp-json\/wp\/v2\/product"}],"about":[{"href":"https:\/\/editura-unibuc.ro\/en\/wp-json\/wp\/v2\/types\/product"}],"replies":[{"embeddable":true,"href":"https:\/\/editura-unibuc.ro\/en\/wp-json\/wp\/v2\/comments?post=39776"}],"wp:featuredmedia":[{"embeddable":true,"href":"https:\/\/editura-unibuc.ro\/en\/wp-json\/wp\/v2\/media\/39778"}],"wp:attachment":[{"href":"https:\/\/editura-unibuc.ro\/en\/wp-json\/wp\/v2\/media?parent=39776"}],"wp:term":[{"taxonomy":"product_brand","embeddable":true,"href":"https:\/\/editura-unibuc.ro\/en\/wp-json\/wp\/v2\/product_brand?post=39776"},{"taxonomy":"product_cat","embeddable":true,"href":"https:\/\/editura-unibuc.ro\/en\/wp-json\/wp\/v2\/product_cat?post=39776"},{"taxonomy":"product_tag","embeddable":true,"href":"https:\/\/editura-unibuc.ro\/en\/wp-json\/wp\/v2\/product_tag?post=39776"}],"curies":[{"name":"wp","href":"https:\/\/api.w.org\/{rel}","templated":true}]}}