{"id":3978,"date":"2012-11-16T09:57:50","date_gmt":"2012-11-16T06:57:50","guid":{"rendered":"https:\/\/editura-unibuc.ro\/?p=3978"},"modified":"2025-08-06T14:01:52","modified_gmt":"2025-08-06T11:01:52","slug":"istoria-dansului-sportiv-in-universitatea-din-bucuresti","status":"publish","type":"product","link":"https:\/\/editura-unibuc.ro\/en\/istoria-dansului-sportiv-in-universitatea-din-bucuresti\/","title":{"rendered":"HISTORY OF SPORTIVE DANCE IN BUCHAREST UNIVERSITY"},"content":{"rendered":"<p>Scurt\u0103 istorie a dansului de la \u00eenceputurile umanit\u0103\u021bii (referiri \u0219i la dansul \u00een lumea animalelor). \u00cenceputurile dansului sportiv \u00een Rom\u00e2nia. Cele 14 forme de dans cuprinse \u00een cursul de dans. Problematica dansului sportiv \u00een lec\u021biile de educa\u021bie fizic\u0103 (programa analitic\u0103, formarea grupelor, probe de control, rezultate). Locul dansului sportiv \u00een demonstra\u021biile cultural-sportive \u0219i artistice, comentarii ale studen\u021bilor cu privire la aceast\u0103 disciplin\u0103 sportiv\u0103.<\/p>\n","protected":false},"excerpt":{"rendered":"<p>Scurt\u0103 istorie a dansului de la \u00eenceputurile umanit\u0103\u021bii (referiri \u0219i la dansul \u00een lumea animalelor). \u00cenceputurile dansului sportiv \u00een Rom\u00e2nia. Cele 14 forme de dans cuprinse \u00een cursul de dans. Problematica dansului sportiv \u00een lec\u021biile de educa\u021bie fizic\u0103 (programa analitic\u0103, formarea grupelor, probe de control, rezultate). Locul dansului sportiv \u00een demonstra\u021biile cultural-sportive \u0219i artistice, comentarii [&hellip;]<\/p>\n","protected":false},"featured_media":9137,"comment_status":"open","ping_status":"closed","template":"","meta":[],"product_brand":[],"product_cat":[993,991],"product_tag":[1166,1269],"class_list":{"0":"post-3978","1":"product","2":"type-product","3":"status-publish","4":"has-post-thumbnail","6":"product_cat-educatie-fizica-si-sport","7":"product_cat-stiinte-sociale","8":"product_tag-educatie-fizica","9":"product_tag-sport","11":"first","12":"instock","13":"shipping-taxable","14":"purchasable","15":"product-type-simple"},"_links":{"self":[{"href":"https:\/\/editura-unibuc.ro\/en\/wp-json\/wp\/v2\/product\/3978","targetHints":{"allow":["GET"]}}],"collection":[{"href":"https:\/\/editura-unibuc.ro\/en\/wp-json\/wp\/v2\/product"}],"about":[{"href":"https:\/\/editura-unibuc.ro\/en\/wp-json\/wp\/v2\/types\/product"}],"replies":[{"embeddable":true,"href":"https:\/\/editura-unibuc.ro\/en\/wp-json\/wp\/v2\/comments?post=3978"}],"wp:featuredmedia":[{"embeddable":true,"href":"https:\/\/editura-unibuc.ro\/en\/wp-json\/wp\/v2\/media\/9137"}],"wp:attachment":[{"href":"https:\/\/editura-unibuc.ro\/en\/wp-json\/wp\/v2\/media?parent=3978"}],"wp:term":[{"taxonomy":"product_brand","embeddable":true,"href":"https:\/\/editura-unibuc.ro\/en\/wp-json\/wp\/v2\/product_brand?post=3978"},{"taxonomy":"product_cat","embeddable":true,"href":"https:\/\/editura-unibuc.ro\/en\/wp-json\/wp\/v2\/product_cat?post=3978"},{"taxonomy":"product_tag","embeddable":true,"href":"https:\/\/editura-unibuc.ro\/en\/wp-json\/wp\/v2\/product_tag?post=3978"}],"curies":[{"name":"wp","href":"https:\/\/api.w.org\/{rel}","templated":true}]}}