{"id":39829,"date":"2023-09-15T12:08:27","date_gmt":"2023-09-15T09:08:27","guid":{"rendered":"https:\/\/editura-unibuc.ro\/?post_type=product&#038;p=39829"},"modified":"2025-08-07T13:47:18","modified_gmt":"2025-08-07T10:47:18","slug":"analele-universitatii-bucurestiistorieanul-lxix-nr-1-2-2020","status":"publish","type":"product","link":"https:\/\/editura-unibuc.ro\/en\/analele-universitatii-bucurestiistorieanul-lxix-nr-1-2-2020\/","title":{"rendered":"ANALELE UNIVERSIT\u0102\u0162II BUCURE\u015eTIISTORIEAnul LXIX, Nr. 1-2 2020"},"content":{"rendered":"","protected":false},"excerpt":{"rendered":"<p>Din cuprins:<br \/>\nECATERINA LUNG, Opening Remarks<br \/>\nALEXANDRA LI\u021aU, Evocare Zoe Petre (23 august 1940-1 septembrie 2017)<br \/>\nDANIELA ZAHARIA, L\u2019anthropologie historique de l\u2019Antiquit\u00e9 dans l\u2019Universit\u00e9 de Bucarest \u2013 de la discipline subversive des ann\u00e9es 1980 \u00e0 l\u2019\u00e9cole historiographique<br \/>\nde l\u2019apr\u00e8s-communisme<br \/>\nM\u0102D\u0102LINA V\u00c2RTEJANU-JOUBERT, Pourquoi \u00e9tudier les anciens ? D\u2019une voie l\u2019autre: Paul Veyne, Marcel Detienne, Jan Assmann<br \/>\nCORINA IOSIF, Etnologie, folclor media \u0219i lec\u021bia de istorie: c\u00e2teva reflec\u021bii<br \/>\nFLORICA (BOH\u00ceL\u021aEA) MIHU\u021a, L\u2019architecture de la peinture domestique du IIe style pomp\u00e9ien \u2013 une lecture contextuelle<br \/>\nECATERINA LUNG, Ebbon of Reims and the Turning Point in Medieval Art<br \/>\nCRISTINA GUDIN, The School System, a Factor of Emancipation, Assimilation and Discrimination of Jews in Romania<br \/>\nVLADIMIR CRE\u021aULESCU, Contre Anthony D. Smith: Une relecture critique des th\u00e9ories ethno-symbolistes sur l\u2019anciennet\u00e9 des nations<br \/>\nANDREI ALEXANDRESCU, Aspects of Historical Romanian Dramaturgy During the Communist Totalitarian Regime<br \/>\nALEXANDRU MAMINA, L\u2019empire selon la g\u00e9ostrat\u00e9gie. Quelques remarques sur la situation contemporaine<br \/>\nSIMONA CORLAN \u2013 IOAN, History and Memory, History as Memory<\/p>\n","protected":false},"featured_media":39831,"comment_status":"open","ping_status":"closed","template":"","meta":[],"product_brand":[],"product_cat":[3910,3935,3823,1891,1469,1892],"product_tag":[881],"class_list":{"0":"post-39829","1":"product","2":"type-product","3":"status-publish","4":"has-post-thumbnail","6":"product_cat-istorie","7":"product_cat-anale-istorie","8":"product_cat-stiinte-umane","9":"product_cat-download","10":"product_cat-periodice","11":"product_cat-anale","12":"product_tag-istorie","14":"first","15":"outofstock","16":"downloadable","17":"shipping-taxable","18":"product-type-simple"},"_links":{"self":[{"href":"https:\/\/editura-unibuc.ro\/en\/wp-json\/wp\/v2\/product\/39829","targetHints":{"allow":["GET"]}}],"collection":[{"href":"https:\/\/editura-unibuc.ro\/en\/wp-json\/wp\/v2\/product"}],"about":[{"href":"https:\/\/editura-unibuc.ro\/en\/wp-json\/wp\/v2\/types\/product"}],"replies":[{"embeddable":true,"href":"https:\/\/editura-unibuc.ro\/en\/wp-json\/wp\/v2\/comments?post=39829"}],"wp:featuredmedia":[{"embeddable":true,"href":"https:\/\/editura-unibuc.ro\/en\/wp-json\/wp\/v2\/media\/39831"}],"wp:attachment":[{"href":"https:\/\/editura-unibuc.ro\/en\/wp-json\/wp\/v2\/media?parent=39829"}],"wp:term":[{"taxonomy":"product_brand","embeddable":true,"href":"https:\/\/editura-unibuc.ro\/en\/wp-json\/wp\/v2\/product_brand?post=39829"},{"taxonomy":"product_cat","embeddable":true,"href":"https:\/\/editura-unibuc.ro\/en\/wp-json\/wp\/v2\/product_cat?post=39829"},{"taxonomy":"product_tag","embeddable":true,"href":"https:\/\/editura-unibuc.ro\/en\/wp-json\/wp\/v2\/product_tag?post=39829"}],"curies":[{"name":"wp","href":"https:\/\/api.w.org\/{rel}","templated":true}]}}