{"id":3990,"date":"2012-11-16T11:43:38","date_gmt":"2012-11-16T08:43:38","guid":{"rendered":"https:\/\/editura-unibuc.ro\/?p=3990"},"modified":"2017-03-06T16:15:03","modified_gmt":"2017-03-06T14:15:03","slug":"histologie-animala-generala","status":"publish","type":"product","link":"https:\/\/editura-unibuc.ro\/en\/histologie-animala-generala\/","title":{"rendered":"GENERAL ANIMAL HISTOLOGY"},"content":{"rendered":"<p>Lucrarea de fa\u021b\u0103 reprezint\u0103 o \u00eencercare de sintez\u0103 a celor mai recente informa\u021bii referitoare la structura \u021besuturilor animale (epitelial, conjunctiv, adipos, cartilaginos, osos, s\u00e2nge \u0219i \u021besut hematopoietic, nervos \u0219i muscular), mai ales din perspectiva mamiferelor \u0219i omului. Ea se adreseaz\u0103 studen\u021bilor biologi \u0219i biochimi\u0219ti, profesorilor de biologie, precum \u0219i cercet\u0103torilor din domeniul biologic \u0219i medical. (Prefa\u021b\u0103)<\/p>\n","protected":false},"excerpt":{"rendered":"<p>Lucrarea de fa\u021b\u0103 reprezint\u0103 o \u00eencercare de sintez\u0103 a celor mai recente informa\u021bii referitoare la structura \u021besuturilor animale (epitelial, conjunctiv, adipos, cartilaginos, osos, s\u00e2nge \u0219i \u021besut hematopoietic, nervos \u0219i muscular), mai ales din perspectiva mamiferelor \u0219i omului. Ea se adreseaz\u0103 studen\u021bilor biologi \u0219i biochimi\u0219ti, profesorilor de biologie, precum \u0219i cercet\u0103torilor din domeniul biologic \u0219i medical. [&hellip;]<\/p>\n","protected":false},"featured_media":9129,"comment_status":"open","ping_status":"closed","template":"","meta":[],"product_brand":[],"product_cat":[1466,988],"product_tag":[904,906],"class_list":{"0":"post-3990","1":"product","2":"type-product","3":"status-publish","4":"has-post-thumbnail","6":"product_cat-stiinte-ale-naturii","7":"product_cat-biologie","8":"product_tag-biologie","9":"product_tag-medicina","11":"first","12":"outofstock","13":"shipping-taxable","14":"purchasable","15":"product-type-simple"},"_links":{"self":[{"href":"https:\/\/editura-unibuc.ro\/en\/wp-json\/wp\/v2\/product\/3990","targetHints":{"allow":["GET"]}}],"collection":[{"href":"https:\/\/editura-unibuc.ro\/en\/wp-json\/wp\/v2\/product"}],"about":[{"href":"https:\/\/editura-unibuc.ro\/en\/wp-json\/wp\/v2\/types\/product"}],"replies":[{"embeddable":true,"href":"https:\/\/editura-unibuc.ro\/en\/wp-json\/wp\/v2\/comments?post=3990"}],"wp:featuredmedia":[{"embeddable":true,"href":"https:\/\/editura-unibuc.ro\/en\/wp-json\/wp\/v2\/media\/9129"}],"wp:attachment":[{"href":"https:\/\/editura-unibuc.ro\/en\/wp-json\/wp\/v2\/media?parent=3990"}],"wp:term":[{"taxonomy":"product_brand","embeddable":true,"href":"https:\/\/editura-unibuc.ro\/en\/wp-json\/wp\/v2\/product_brand?post=3990"},{"taxonomy":"product_cat","embeddable":true,"href":"https:\/\/editura-unibuc.ro\/en\/wp-json\/wp\/v2\/product_cat?post=3990"},{"taxonomy":"product_tag","embeddable":true,"href":"https:\/\/editura-unibuc.ro\/en\/wp-json\/wp\/v2\/product_tag?post=3990"}],"curies":[{"name":"wp","href":"https:\/\/api.w.org\/{rel}","templated":true}]}}