{"id":39908,"date":"2023-09-20T13:37:50","date_gmt":"2023-09-20T10:37:50","guid":{"rendered":"https:\/\/editura-unibuc.ro\/?post_type=product&#038;p=39908"},"modified":"2025-04-28T13:08:52","modified_gmt":"2025-04-28T10:08:52","slug":"a-fost-odata-la-radio-1928-1938","status":"publish","type":"product","link":"https:\/\/editura-unibuc.ro\/en\/a-fost-odata-la-radio-1928-1938\/","title":{"rendered":"A FOST ODAT\u0102 LA RADIO (1928\u20131938)"},"content":{"rendered":"","protected":false},"excerpt":{"rendered":"<hr \/>\n<p><strong><a href=\"https:\/\/books.google.ro\/books\/about?id=HHPYEAAAQBAJ&#038;redir_esc=y\" target=\"_blank\" rel=\"noopener\"><img decoding=\"async\" src=\"https:\/\/editura-unibuc.ro\/wp-content\/uploads\/2025\/04\/goo.png\" \/>Google Books<\/a><\/strong><br \/>&nbsp;<\/p>\n<hr \/>\n<p>Volumul de fa\u0163\u0103 prezint\u0103, din perspectiv\u0103 diacronic\u0103, modul cum s-a realizat comunicarea de mas\u0103 la \u00eenceputurile radiofoniei, \u00een unele \u0163\u0103ri ale lumii, dar, mai ales, \u00een Rom\u00e2nia. O analiz\u0103 detaliat\u0103, pe baza unor documente inedite, a activit\u0103\u0163ii editoriale a Societ\u0103\u0163ii Rom\u00e2ne de Radiodifuziune (SRR), din perioada 1928\u20131938, \u015fi un studiu, pe baz\u0103 de interviu, despre modul cum a fost perceput radioul rom\u00e2nesc de publicul interbelic, arat\u0103 unde se situa Rom\u00e2nia, \u00een acea perioad\u0103, pe palierul comunic\u0103rii radiofonice interna\u0163ionale.<\/p>\n","protected":false},"featured_media":39909,"comment_status":"open","ping_status":"closed","template":"","meta":[],"product_brand":[],"product_cat":[3823,1464,979,996],"product_tag":[1202],"class_list":{"0":"post-39908","1":"product","2":"type-product","3":"status-publish","4":"has-post-thumbnail","6":"product_cat-stiinte-umane","7":"product_cat-filologie","8":"product_cat-limba-romana","9":"product_cat-jurnalism-si-stiintele-comunicarii","10":"product_tag-comunicare","12":"first","13":"instock","14":"shipping-taxable","15":"purchasable","16":"product-type-simple"},"_links":{"self":[{"href":"https:\/\/editura-unibuc.ro\/en\/wp-json\/wp\/v2\/product\/39908","targetHints":{"allow":["GET"]}}],"collection":[{"href":"https:\/\/editura-unibuc.ro\/en\/wp-json\/wp\/v2\/product"}],"about":[{"href":"https:\/\/editura-unibuc.ro\/en\/wp-json\/wp\/v2\/types\/product"}],"replies":[{"embeddable":true,"href":"https:\/\/editura-unibuc.ro\/en\/wp-json\/wp\/v2\/comments?post=39908"}],"wp:featuredmedia":[{"embeddable":true,"href":"https:\/\/editura-unibuc.ro\/en\/wp-json\/wp\/v2\/media\/39909"}],"wp:attachment":[{"href":"https:\/\/editura-unibuc.ro\/en\/wp-json\/wp\/v2\/media?parent=39908"}],"wp:term":[{"taxonomy":"product_brand","embeddable":true,"href":"https:\/\/editura-unibuc.ro\/en\/wp-json\/wp\/v2\/product_brand?post=39908"},{"taxonomy":"product_cat","embeddable":true,"href":"https:\/\/editura-unibuc.ro\/en\/wp-json\/wp\/v2\/product_cat?post=39908"},{"taxonomy":"product_tag","embeddable":true,"href":"https:\/\/editura-unibuc.ro\/en\/wp-json\/wp\/v2\/product_tag?post=39908"}],"curies":[{"name":"wp","href":"https:\/\/api.w.org\/{rel}","templated":true}]}}