{"id":3995,"date":"2012-11-16T12:46:21","date_gmt":"2012-11-16T09:46:21","guid":{"rendered":"https:\/\/editura-unibuc.ro\/?p=3995"},"modified":"2015-03-18T20:30:26","modified_gmt":"2015-03-18T18:30:26","slug":"probleme-actuale-ale-activitatii-de-educatie-fizica-in-invatamantul-superior-de-neprofil","status":"publish","type":"product","link":"https:\/\/editura-unibuc.ro\/en\/probleme-actuale-ale-activitatii-de-educatie-fizica-in-invatamantul-superior-de-neprofil\/","title":{"rendered":"CURRENT PROBLEMS IN NON-SPORTIVE UNIVERSITIES PHYSICAL TRAINING ACTIVITY"},"content":{"rendered":"<p>\u201cAutoarea pledeaz\u0103 conving\u0103tor pentru diversificarea \u0219i armonizarea con\u021binuturilor educa\u021biei fizice \u0219i sportive din \u00eenv\u0103\u021b\u0103m\u00e2ntul superior, ca o component\u0103 de referin\u021b\u0103 a modelului de formare profesional\u0103 \u0219i uman\u0103 a studen\u021bilor no\u0219tri. Premisa acestei viziuni o reprezint\u0103 ideea conform c\u0103reia universitatea trebuie s\u0103 favorizeze competen\u021be multiple, pe fondul cre\u0103rii premiselor favorabile unei st\u0103ri de s\u0103n\u0103tate optime, a unui randament fizic crescut \u0219i a unui psihic robust\u201d. (prof. univ. dr. Aurora Bota \u2013 ANEFS Bucure\u0219ti)<\/p>\n","protected":false},"excerpt":{"rendered":"<p>\u201cAutoarea pledeaz\u0103 conving\u0103tor pentru diversificarea \u0219i armonizarea con\u021binuturilor educa\u021biei fizice \u0219i sportive din \u00eenv\u0103\u021b\u0103m\u00e2ntul superior, ca o component\u0103 de referin\u021b\u0103 a modelului de formare profesional\u0103 \u0219i uman\u0103 a studen\u021bilor no\u0219tri. Premisa acestei viziuni o reprezint\u0103 ideea conform c\u0103reia universitatea trebuie s\u0103 favorizeze competen\u021be multiple, pe fondul cre\u0103rii premiselor favorabile unei st\u0103ri de s\u0103n\u0103tate optime, a [&hellip;]<\/p>\n","protected":false},"featured_media":9127,"comment_status":"open","ping_status":"closed","template":"","meta":[],"product_brand":[],"product_cat":[993,991],"product_tag":[1166,1269],"class_list":{"0":"post-3995","1":"product","2":"type-product","3":"status-publish","4":"has-post-thumbnail","6":"product_cat-educatie-fizica-si-sport","7":"product_cat-stiinte-sociale","8":"product_tag-educatie-fizica","9":"product_tag-sport","11":"first","12":"instock","13":"shipping-taxable","14":"purchasable","15":"product-type-simple"},"_links":{"self":[{"href":"https:\/\/editura-unibuc.ro\/en\/wp-json\/wp\/v2\/product\/3995","targetHints":{"allow":["GET"]}}],"collection":[{"href":"https:\/\/editura-unibuc.ro\/en\/wp-json\/wp\/v2\/product"}],"about":[{"href":"https:\/\/editura-unibuc.ro\/en\/wp-json\/wp\/v2\/types\/product"}],"replies":[{"embeddable":true,"href":"https:\/\/editura-unibuc.ro\/en\/wp-json\/wp\/v2\/comments?post=3995"}],"wp:featuredmedia":[{"embeddable":true,"href":"https:\/\/editura-unibuc.ro\/en\/wp-json\/wp\/v2\/media\/9127"}],"wp:attachment":[{"href":"https:\/\/editura-unibuc.ro\/en\/wp-json\/wp\/v2\/media?parent=3995"}],"wp:term":[{"taxonomy":"product_brand","embeddable":true,"href":"https:\/\/editura-unibuc.ro\/en\/wp-json\/wp\/v2\/product_brand?post=3995"},{"taxonomy":"product_cat","embeddable":true,"href":"https:\/\/editura-unibuc.ro\/en\/wp-json\/wp\/v2\/product_cat?post=3995"},{"taxonomy":"product_tag","embeddable":true,"href":"https:\/\/editura-unibuc.ro\/en\/wp-json\/wp\/v2\/product_tag?post=3995"}],"curies":[{"name":"wp","href":"https:\/\/api.w.org\/{rel}","templated":true}]}}