{"id":3999,"date":"2012-11-16T14:21:57","date_gmt":"2012-11-16T11:21:57","guid":{"rendered":"https:\/\/editura-unibuc.ro\/?p=3999"},"modified":"2020-09-01T16:16:06","modified_gmt":"2020-09-01T13:16:06","slug":"ggr-beitrage-zur-germanistik-27-und-es-immer-schlimmer-machen-nietzsches-philosophischer-entbildungsroman","status":"publish","type":"product","link":"https:\/\/editura-unibuc.ro\/en\/ggr-beitrage-zur-germanistik-27-und-es-immer-schlimmer-machen-nietzsches-philosophischer-entbildungsroman\/","title":{"rendered":"GGR-Beitr\u00e4ge zur Germanistik 27. \u201cUnd es immer schlimmer machen\u2026\u201d NIETZSCHES PHILOSOPHISCHER ENTBILDUNGSROMAN"},"content":{"rendered":"<p>Die Untersuchung Decubles stellt zweifelsohne einen wertvollen, begr\u00fc\u00dfenswerten r\u00fcmanischen Beitrag zur unaufh\u00f6rlichen Entschl\u00fcsselung von Friedrich Nietzsches philosophisch-literarischen Werk dar. (George Gu\u021bu)<\/p>\n","protected":false},"excerpt":{"rendered":"<p>Die Untersuchung Decubles stellt zweifelsohne einen wertvollen, begr\u00fc\u00dfenswerten r\u00fcmanischen Beitrag zur unaufh\u00f6rlichen Entschl\u00fcsselung von Friedrich Nietzsches philosophisch-literarischen Werk dar. (George Gu\u021bu)<\/p>\n","protected":false},"featured_media":9123,"comment_status":"open","ping_status":"closed","template":"","meta":[],"product_brand":[],"product_cat":[1531,1470,1464,978],"product_tag":[1263],"class_list":{"0":"post-3999","1":"product","2":"type-product","3":"status-publish","4":"has-post-thumbnail","6":"product_cat-colectii","7":"product_cat-ggr-beitrage-zur-germanistik","8":"product_cat-filologie","9":"product_cat-germanic-languages","10":"product_tag-germana","12":"first","13":"instock","14":"shipping-taxable","15":"purchasable","16":"product-type-simple"},"_links":{"self":[{"href":"https:\/\/editura-unibuc.ro\/en\/wp-json\/wp\/v2\/product\/3999","targetHints":{"allow":["GET"]}}],"collection":[{"href":"https:\/\/editura-unibuc.ro\/en\/wp-json\/wp\/v2\/product"}],"about":[{"href":"https:\/\/editura-unibuc.ro\/en\/wp-json\/wp\/v2\/types\/product"}],"replies":[{"embeddable":true,"href":"https:\/\/editura-unibuc.ro\/en\/wp-json\/wp\/v2\/comments?post=3999"}],"wp:featuredmedia":[{"embeddable":true,"href":"https:\/\/editura-unibuc.ro\/en\/wp-json\/wp\/v2\/media\/9123"}],"wp:attachment":[{"href":"https:\/\/editura-unibuc.ro\/en\/wp-json\/wp\/v2\/media?parent=3999"}],"wp:term":[{"taxonomy":"product_brand","embeddable":true,"href":"https:\/\/editura-unibuc.ro\/en\/wp-json\/wp\/v2\/product_brand?post=3999"},{"taxonomy":"product_cat","embeddable":true,"href":"https:\/\/editura-unibuc.ro\/en\/wp-json\/wp\/v2\/product_cat?post=3999"},{"taxonomy":"product_tag","embeddable":true,"href":"https:\/\/editura-unibuc.ro\/en\/wp-json\/wp\/v2\/product_tag?post=3999"}],"curies":[{"name":"wp","href":"https:\/\/api.w.org\/{rel}","templated":true}]}}