{"id":40260,"date":"2023-10-06T09:08:08","date_gmt":"2023-10-06T06:08:08","guid":{"rendered":"https:\/\/editura-unibuc.ro\/?post_type=product&#038;p=40260"},"modified":"2025-08-07T13:46:45","modified_gmt":"2025-08-07T10:46:45","slug":"analele-universitatii-bucuresti-limbi-si-literaturi-straine-nr-1-2021","status":"publish","type":"product","link":"https:\/\/editura-unibuc.ro\/en\/analele-universitatii-bucuresti-limbi-si-literaturi-straine-nr-1-2021\/","title":{"rendered":"ANALELE UNIVERSIT\u0102\u0162II BUCURE\u015eTI LIMBI \u015eI LITERATURI STR\u0102INE Nr. 1\/2021"},"content":{"rendered":"","protected":false},"excerpt":{"rendered":"<p>Din sumar:<\/p>\n<p>RALUCA BOBOC, The Self-Displaced Axel Munthe. A Hermeneutics of Alterity in \u201cThe Story of Saint Michele\u201d<br \/>\nMIHAELA CHAPELAN, Transgression d\u2019une fronti\u00e8re anthropologique : le dialogue entre l\u2019\u00e9tat de culture et celui de nature<br \/>\nNICU DIACONIUC, Histoire d\u2019un voyage dans les Pays Roumains : Le K\u00e9routza de Stanislas Bellanger<br \/>\nLUMINI\u0162A MUNTEANU, Un ambassadeur ottoman en France dans les \u00ab ann\u00e9es de la grande peste \u00bb (1720-1721)<br \/>\nLAURA SITARU, Qu\u2019est-ce qu\u2019ils mangent ? Construire l\u2019image de la diff\u00e9rence \u00e0 travers les traditions alimentaires dans quelques textes arabes m\u00e9di\u00e9vaux<\/p>\n","protected":false},"featured_media":40264,"comment_status":"open","ping_status":"closed","template":"","meta":[],"product_brand":[],"product_cat":[3931,3823,1891,1464,1469,1892],"product_tag":[],"class_list":{"0":"post-40260","1":"product","2":"type-product","3":"status-publish","4":"has-post-thumbnail","6":"product_cat-anale-limbi-si-literaturi-straine","7":"product_cat-stiinte-umane","8":"product_cat-download","9":"product_cat-filologie","10":"product_cat-periodice","11":"product_cat-anale","13":"first","14":"outofstock","15":"downloadable","16":"shipping-taxable","17":"product-type-simple"},"_links":{"self":[{"href":"https:\/\/editura-unibuc.ro\/en\/wp-json\/wp\/v2\/product\/40260","targetHints":{"allow":["GET"]}}],"collection":[{"href":"https:\/\/editura-unibuc.ro\/en\/wp-json\/wp\/v2\/product"}],"about":[{"href":"https:\/\/editura-unibuc.ro\/en\/wp-json\/wp\/v2\/types\/product"}],"replies":[{"embeddable":true,"href":"https:\/\/editura-unibuc.ro\/en\/wp-json\/wp\/v2\/comments?post=40260"}],"wp:featuredmedia":[{"embeddable":true,"href":"https:\/\/editura-unibuc.ro\/en\/wp-json\/wp\/v2\/media\/40264"}],"wp:attachment":[{"href":"https:\/\/editura-unibuc.ro\/en\/wp-json\/wp\/v2\/media?parent=40260"}],"wp:term":[{"taxonomy":"product_brand","embeddable":true,"href":"https:\/\/editura-unibuc.ro\/en\/wp-json\/wp\/v2\/product_brand?post=40260"},{"taxonomy":"product_cat","embeddable":true,"href":"https:\/\/editura-unibuc.ro\/en\/wp-json\/wp\/v2\/product_cat?post=40260"},{"taxonomy":"product_tag","embeddable":true,"href":"https:\/\/editura-unibuc.ro\/en\/wp-json\/wp\/v2\/product_tag?post=40260"}],"curies":[{"name":"wp","href":"https:\/\/api.w.org\/{rel}","templated":true}]}}