{"id":40265,"date":"2023-10-06T09:11:56","date_gmt":"2023-10-06T06:11:56","guid":{"rendered":"https:\/\/editura-unibuc.ro\/?post_type=product&#038;p=40265"},"modified":"2025-08-07T13:47:00","modified_gmt":"2025-08-07T10:47:00","slug":"analele-universitatii-bucuresti-limbi-si-literaturi-straine-nr-2-2021","status":"publish","type":"product","link":"https:\/\/editura-unibuc.ro\/en\/analele-universitatii-bucuresti-limbi-si-literaturi-straine-nr-2-2021\/","title":{"rendered":"ANALELE UNIVERSIT\u0102\u0162II BUCURE\u015eTI LIMBI \u015eI LITERATURI STR\u0102INE Nr. 2\/2021"},"content":{"rendered":"","protected":false},"excerpt":{"rendered":"<p>Din sumar:<\/p>\n<p>ILEANA MIH\u0102IL\u0102, The Romanian Reception of Madame de Genlis<br \/>\nBIANCA ROMAN, Z\u00fclf\u00fc Livaneli\u2019s Serenad, an Invitation to Empathy<br \/>\nOVIDIU CRISTIAN NEDU, Relational Approaches to Time, Space and Corporeality<br \/>\nin Indian Thought<br \/>\nIULIANA COSTEA, The Phenomenon of Death in Expressions and Locutions in<br \/>\nRomanian, Spanish and Greek<br \/>\nCONSTANTIN MANEA, MARIA-CAMELIA MANEA, Calque or Loan Translation<br \/>\nRevisited \u2013 Aspects of the Recent Anglo-American Influence<br \/>\nMARIA-CAMELIA MANEA, CONSTANTIN MANEA, Terms of Technical and<br \/>\nScientific Origin Used in the Lingo of the Media<br \/>\nLORENA MIH\u0102E\u015e, My Artificial Friend: A Review of Kazuo Ishiguro\u2019s Klara and<br \/>\nthe Sun<\/p>\n","protected":false},"featured_media":40267,"comment_status":"open","ping_status":"closed","template":"","meta":[],"product_brand":[],"product_cat":[3931,3823,1464,1469,1892],"product_tag":[],"class_list":{"0":"post-40265","1":"product","2":"type-product","3":"status-publish","4":"has-post-thumbnail","6":"product_cat-anale-limbi-si-literaturi-straine","7":"product_cat-stiinte-umane","8":"product_cat-filologie","9":"product_cat-periodice","10":"product_cat-anale","12":"first","13":"outofstock","14":"downloadable","15":"shipping-taxable","16":"product-type-simple"},"_links":{"self":[{"href":"https:\/\/editura-unibuc.ro\/en\/wp-json\/wp\/v2\/product\/40265","targetHints":{"allow":["GET"]}}],"collection":[{"href":"https:\/\/editura-unibuc.ro\/en\/wp-json\/wp\/v2\/product"}],"about":[{"href":"https:\/\/editura-unibuc.ro\/en\/wp-json\/wp\/v2\/types\/product"}],"replies":[{"embeddable":true,"href":"https:\/\/editura-unibuc.ro\/en\/wp-json\/wp\/v2\/comments?post=40265"}],"wp:featuredmedia":[{"embeddable":true,"href":"https:\/\/editura-unibuc.ro\/en\/wp-json\/wp\/v2\/media\/40267"}],"wp:attachment":[{"href":"https:\/\/editura-unibuc.ro\/en\/wp-json\/wp\/v2\/media?parent=40265"}],"wp:term":[{"taxonomy":"product_brand","embeddable":true,"href":"https:\/\/editura-unibuc.ro\/en\/wp-json\/wp\/v2\/product_brand?post=40265"},{"taxonomy":"product_cat","embeddable":true,"href":"https:\/\/editura-unibuc.ro\/en\/wp-json\/wp\/v2\/product_cat?post=40265"},{"taxonomy":"product_tag","embeddable":true,"href":"https:\/\/editura-unibuc.ro\/en\/wp-json\/wp\/v2\/product_tag?post=40265"}],"curies":[{"name":"wp","href":"https:\/\/api.w.org\/{rel}","templated":true}]}}