{"id":4046,"date":"2012-11-19T14:41:24","date_gmt":"2012-11-19T11:41:24","guid":{"rendered":"https:\/\/editura-unibuc.ro\/?p=4046"},"modified":"2025-08-06T11:39:16","modified_gmt":"2025-08-06T08:39:16","slug":"dans-sportiv-manual-pentru-studentii-universitatii","status":"publish","type":"product","link":"https:\/\/editura-unibuc.ro\/en\/dans-sportiv-manual-pentru-studentii-universitatii\/","title":{"rendered":"SPORTIVE DANCING. HANDBOOK FOR UNIVERSITY STUDENTS"},"content":{"rendered":"<p>Dansul sportiv a c\u0103p\u0103tat o mare popularitate \u00een r\u00e2ndul disciplinelor sportive practicate \u00een Universitatea din Bucure\u0219ti. Este introdus\u0103 \u00een programa studen\u021bilor din 1994 \u0219i este una din cele mai c\u0103utate \u0219i apreciate discipline sportive. Universitatea din Bucure\u0219ti prin echipa reprezentativ\u0103 de dans sportiv la Campionatele Universitare de Forma\u021bii, a c\u00e2\u0219tigat de 7 ori titlul de \u201cCampion Na\u021bional Universitar\u201d.<\/p>\n<p>\u00cen fiecare an, studen\u021bii practican\u021bi ai dansului sportiv realizeaz\u0103 demonstra\u021bii sportive pentru diverse competi\u021bii ale Universit\u0103\u021bii din Bucure\u0219ti, unde sunt angrena\u021bi un num\u0103r mare de participan\u021bi \u0219i unde sunt apreciate coregrafiile, costumele, muzica \u0219i participan\u021bii.<\/p>\n","protected":false},"excerpt":{"rendered":"<p>Dansul sportiv a c\u0103p\u0103tat o mare popularitate \u00een r\u00e2ndul disciplinelor sportive practicate \u00een Universitatea din Bucure\u0219ti. Este introdus\u0103 \u00een programa studen\u021bilor din 1994 \u0219i este una din cele mai c\u0103utate \u0219i apreciate discipline sportive. Universitatea din Bucure\u0219ti prin echipa reprezentativ\u0103 de dans sportiv la Campionatele Universitare de Forma\u021bii, a c\u00e2\u0219tigat de 7 ori titlul de [&hellip;]<\/p>\n","protected":false},"featured_media":9106,"comment_status":"open","ping_status":"closed","template":"","meta":[],"product_brand":[],"product_cat":[993,991],"product_tag":[1307,1269],"class_list":{"0":"post-4046","1":"product","2":"type-product","3":"status-publish","4":"has-post-thumbnail","6":"product_cat-educatie-fizica-si-sport","7":"product_cat-stiinte-sociale","8":"product_tag-dans","9":"product_tag-sport","11":"first","12":"instock","13":"shipping-taxable","14":"purchasable","15":"product-type-simple"},"_links":{"self":[{"href":"https:\/\/editura-unibuc.ro\/en\/wp-json\/wp\/v2\/product\/4046","targetHints":{"allow":["GET"]}}],"collection":[{"href":"https:\/\/editura-unibuc.ro\/en\/wp-json\/wp\/v2\/product"}],"about":[{"href":"https:\/\/editura-unibuc.ro\/en\/wp-json\/wp\/v2\/types\/product"}],"replies":[{"embeddable":true,"href":"https:\/\/editura-unibuc.ro\/en\/wp-json\/wp\/v2\/comments?post=4046"}],"wp:featuredmedia":[{"embeddable":true,"href":"https:\/\/editura-unibuc.ro\/en\/wp-json\/wp\/v2\/media\/9106"}],"wp:attachment":[{"href":"https:\/\/editura-unibuc.ro\/en\/wp-json\/wp\/v2\/media?parent=4046"}],"wp:term":[{"taxonomy":"product_brand","embeddable":true,"href":"https:\/\/editura-unibuc.ro\/en\/wp-json\/wp\/v2\/product_brand?post=4046"},{"taxonomy":"product_cat","embeddable":true,"href":"https:\/\/editura-unibuc.ro\/en\/wp-json\/wp\/v2\/product_cat?post=4046"},{"taxonomy":"product_tag","embeddable":true,"href":"https:\/\/editura-unibuc.ro\/en\/wp-json\/wp\/v2\/product_tag?post=4046"}],"curies":[{"name":"wp","href":"https:\/\/api.w.org\/{rel}","templated":true}]}}